{"id":13391,"date":"2020-08-20T16:24:39","date_gmt":"2020-08-20T20:24:39","guid":{"rendered":"https:\/\/norbec.com\/?page_id=13391"},"modified":"2023-11-24T13:36:18","modified_gmt":"2023-11-24T18:36:18","slug":"leed","status":"publish","type":"page","link":"https:\/\/norbec.com\/fr\/leed\/","title":{"rendered":"LEED"},"content":{"rendered":"\n<div class=\"wp-block-image\"><figure class=\"alignleft\"><img loading=\"lazy\" decoding=\"async\" width=\"350\" height=\"350\" src=\"https:\/\/norbec.com\/wp-content\/uploads\/2020\/08\/AdobeStock_166990554-350x350.jpeg\" alt=\"NORBEC-LEED\" class=\"wp-image-13090\" srcset=\"https:\/\/norbec.com\/wp-content\/uploads\/2020\/08\/AdobeStock_166990554-350x350.jpeg 350w, https:\/\/norbec.com\/wp-content\/uploads\/2020\/08\/AdobeStock_166990554-1000x1000.jpeg 1000w, https:\/\/norbec.com\/wp-content\/uploads\/2020\/08\/AdobeStock_166990554-150x150.jpeg 150w, https:\/\/norbec.com\/wp-content\/uploads\/2020\/08\/AdobeStock_166990554-768x768.jpeg 768w, https:\/\/norbec.com\/wp-content\/uploads\/2020\/08\/AdobeStock_166990554-1536x1536.jpeg 1536w, https:\/\/norbec.com\/wp-content\/uploads\/2020\/08\/AdobeStock_166990554-2048x2048.jpeg 2048w\" sizes=\"auto, (max-width: 350px) 100vw, 350px\" \/><\/figure><\/div>\n\n\n\n<p>Nous sommes fiers de notre contribution du produit au syst\u00e8me LEED\u00ae. Se synchroniser \u00e0 ses points de r\u00e9f\u00e9rence et en \u00eatre reconnu fait de l\u2019entreprise un maillon solide pour une <strong>future cha\u00eene de constructions vertes<\/strong>.<\/p>\n\n\n\n<p><strong>LEED, C&rsquo;EST QUOI?<\/strong><\/p>\n\n\n\n<p><strong>Leadership in Energy and Environmental Design<sup>\u00ae <\/sup><\/strong>(LEED), est le syst\u00e8me d\u2019\u00e9valuation des b\u00e2timents durables le plus largement utilis\u00e9 dans le monde, <strong>reconnu dans plus de 160 pays<\/strong>. Il s\u2019applique pratiquement \u00e0 tous les types de projets de b\u00e2timents, de communaut\u00e9s et d\u2019habitations.<\/p>\n\n\n\n<p>Cadre et r\u00e9f\u00e9rence pour la <strong>prochaine g\u00e9n\u00e9ration de b\u00e2timents \u00e9cologiques<\/strong>, son d\u00e9veloppement s&rsquo;est \u00e9tal\u00e9 sur plus de trois ans et a mobilis\u00e9 des centaines de b\u00e9n\u00e9voles et des milliers de parties prenantes dans le monde entier.<\/p>\n\n\n\n<p>LEED\u00ae permet de <strong>r\u00e9duire consid\u00e9rablement les \u00e9missions de GES<\/strong> li\u00e9es \u00e0 la construction et \u00e0 l&rsquo;exploitation des b\u00e2timents tout en mettant la <strong>sant\u00e9 humaine en premier plan<\/strong>.<\/p>\n\n\n\n<p>Pour en savoir davantage sur cette certification,<a href=\"https:\/\/www.cagbc.org\/fr\/notre-travail\/certifications\/leed\/\"> visitez le site web du Conseil du b\u00e2timent durable du Canada.<\/a><\/p>\n\n\n\n<h4 class=\"wp-block-heading\"><strong>Votre connexion \u00e9cologique d\u00e9bute avec l\u2019utilisation de panneaux m\u00e9talliques isolants de Norbec!<\/strong><\/h4>\n\n\n\n<p><a href=\"mailto:sales@norbec.com\" target=\"_blank\" rel=\"noreferrer noopener\">CONTACTEZ UN REPR\u00c9SENTANT PR\u00c8S DE VOUS<\/a><\/p>\n","protected":false},"excerpt":{"rendered":"<p>Nous sommes fiers de notre contribution du produit au syst\u00e8me LEED\u00ae. Se synchroniser \u00e0 ses points de r\u00e9f\u00e9rence et en \u00eatre reconnu fait de l\u2019entreprise un maillon solide pour une [&hellip;]<\/p>\n","protected":false},"author":2,"featured_media":13348,"parent":0,"menu_order":0,"comment_status":"closed","ping_status":"closed","template":"page-templates\/page-leed.php","meta":{"_acf_changed":false,"content-type":"","_monsterinsights_skip_tracking":false,"_monsterinsights_sitenote_active":false,"_monsterinsights_sitenote_note":"","_monsterinsights_sitenote_category":0,"footnotes":""},"class_list":["post-13391","page","type-page","status-publish","has-post-thumbnail","hentry"],"acf":[],"yoast_head":"<!-- This site is optimized with the Yoast SEO plugin v24.8.1 - https:\/\/yoast.com\/wordpress\/plugins\/seo\/ -->\n<title>LEED - Norbec<\/title>\n<meta name=\"robots\" content=\"index, follow, max-snippet:-1, max-image-preview:large, max-video-preview:-1\" \/>\n<link rel=\"canonical\" href=\"https:\/\/norbec.com\/fr\/leed\/\" \/>\n<meta property=\"og:locale\" content=\"fr_FR\" \/>\n<meta property=\"og:type\" content=\"article\" \/>\n<meta property=\"og:title\" content=\"LEED - Norbec\" \/>\n<meta property=\"og:description\" content=\"Nous sommes fiers de notre contribution du produit au syst\u00e8me LEED\u00ae. Se synchroniser \u00e0 ses points de r\u00e9f\u00e9rence et en \u00eatre reconnu fait de l\u2019entreprise un maillon solide pour une [&hellip;]\" \/>\n<meta property=\"og:url\" content=\"https:\/\/norbec.com\/fr\/leed\/\" \/>\n<meta property=\"og:site_name\" content=\"Norbec\" \/>\n<meta property=\"article:modified_time\" content=\"2023-11-24T18:36:18+00:00\" \/>\n<meta property=\"og:image\" content=\"https:\/\/norbec.com\/wp-content\/uploads\/2020\/08\/NORBEC-LEED-HEADER.jpg\" \/>\n\t<meta property=\"og:image:width\" content=\"2560\" \/>\n\t<meta property=\"og:image:height\" content=\"1795\" \/>\n\t<meta property=\"og:image:type\" content=\"image\/jpeg\" \/>\n<meta name=\"twitter:card\" content=\"summary_large_image\" \/>\n<meta name=\"twitter:label1\" content=\"Dur\u00e9e de lecture estim\u00e9e\" \/>\n\t<meta name=\"twitter:data1\" content=\"1 minute\" \/>\n<script type=\"application\/ld+json\" class=\"yoast-schema-graph\">{\"@context\":\"https:\/\/schema.org\",\"@graph\":[{\"@type\":\"WebPage\",\"@id\":\"https:\/\/norbec.com\/fr\/leed\/\",\"url\":\"https:\/\/norbec.com\/fr\/leed\/\",\"name\":\"LEED - Norbec\",\"isPartOf\":{\"@id\":\"https:\/\/norbec.com\/#website\"},\"primaryImageOfPage\":{\"@id\":\"https:\/\/norbec.com\/fr\/leed\/#primaryimage\"},\"image\":{\"@id\":\"https:\/\/norbec.com\/fr\/leed\/#primaryimage\"},\"thumbnailUrl\":\"https:\/\/norbec.com\/wp-content\/uploads\/2020\/08\/NORBEC-LEED-HEADER.jpg\",\"datePublished\":\"2020-08-20T20:24:39+00:00\",\"dateModified\":\"2023-11-24T18:36:18+00:00\",\"breadcrumb\":{\"@id\":\"https:\/\/norbec.com\/fr\/leed\/#breadcrumb\"},\"inLanguage\":\"fr-FR\",\"potentialAction\":[{\"@type\":\"ReadAction\",\"target\":[\"https:\/\/norbec.com\/fr\/leed\/\"]}]},{\"@type\":\"ImageObject\",\"inLanguage\":\"fr-FR\",\"@id\":\"https:\/\/norbec.com\/fr\/leed\/#primaryimage\",\"url\":\"https:\/\/norbec.com\/wp-content\/uploads\/2020\/08\/NORBEC-LEED-HEADER.jpg\",\"contentUrl\":\"https:\/\/norbec.com\/wp-content\/uploads\/2020\/08\/NORBEC-LEED-HEADER.jpg\",\"width\":2560,\"height\":1795},{\"@type\":\"BreadcrumbList\",\"@id\":\"https:\/\/norbec.com\/fr\/leed\/#breadcrumb\",\"itemListElement\":[{\"@type\":\"ListItem\",\"position\":1,\"name\":\"Home\",\"item\":\"https:\/\/norbec.com\/fr\/\"},{\"@type\":\"ListItem\",\"position\":2,\"name\":\"LEED\"}]},{\"@type\":\"WebSite\",\"@id\":\"https:\/\/norbec.com\/#website\",\"url\":\"https:\/\/norbec.com\/\",\"name\":\"Norbec\",\"description\":\"Norbec\",\"publisher\":{\"@id\":\"https:\/\/norbec.com\/#organization\"},\"potentialAction\":[{\"@type\":\"SearchAction\",\"target\":{\"@type\":\"EntryPoint\",\"urlTemplate\":\"https:\/\/norbec.com\/?s={search_term_string}\"},\"query-input\":{\"@type\":\"PropertyValueSpecification\",\"valueRequired\":true,\"valueName\":\"search_term_string\"}}],\"inLanguage\":\"fr-FR\"},{\"@type\":\"Organization\",\"@id\":\"https:\/\/norbec.com\/#organization\",\"name\":\"Norbec\",\"url\":\"https:\/\/norbec.com\/\",\"logo\":{\"@type\":\"ImageObject\",\"inLanguage\":\"fr-FR\",\"@id\":\"https:\/\/norbec.com\/#\/schema\/logo\/image\/\",\"url\":\"https:\/\/norbec.com\/wp-content\/uploads\/2018\/03\/logo-norbec.png\",\"contentUrl\":\"https:\/\/norbec.com\/wp-content\/uploads\/2018\/03\/logo-norbec.png\",\"width\":300,\"height\":65,\"caption\":\"Norbec\"},\"image\":{\"@id\":\"https:\/\/norbec.com\/#\/schema\/logo\/image\/\"}}]}<\/script>\n<!-- \/ Yoast SEO plugin. -->","yoast_head_json":{"title":"LEED - Norbec","robots":{"index":"index","follow":"follow","max-snippet":"max-snippet:-1","max-image-preview":"max-image-preview:large","max-video-preview":"max-video-preview:-1"},"canonical":"https:\/\/norbec.com\/fr\/leed\/","og_locale":"fr_FR","og_type":"article","og_title":"LEED - Norbec","og_description":"Nous sommes fiers de notre contribution du produit au syst\u00e8me LEED\u00ae. Se synchroniser \u00e0 ses points de r\u00e9f\u00e9rence et en \u00eatre reconnu fait de l\u2019entreprise un maillon solide pour une [&hellip;]","og_url":"https:\/\/norbec.com\/fr\/leed\/","og_site_name":"Norbec","article_modified_time":"2023-11-24T18:36:18+00:00","og_image":[{"width":2560,"height":1795,"url":"https:\/\/norbec.com\/wp-content\/uploads\/2020\/08\/NORBEC-LEED-HEADER.jpg","type":"image\/jpeg"}],"twitter_card":"summary_large_image","twitter_misc":{"Dur\u00e9e de lecture estim\u00e9e":"1 minute"},"schema":{"@context":"https:\/\/schema.org","@graph":[{"@type":"WebPage","@id":"https:\/\/norbec.com\/fr\/leed\/","url":"https:\/\/norbec.com\/fr\/leed\/","name":"LEED - Norbec","isPartOf":{"@id":"https:\/\/norbec.com\/#website"},"primaryImageOfPage":{"@id":"https:\/\/norbec.com\/fr\/leed\/#primaryimage"},"image":{"@id":"https:\/\/norbec.com\/fr\/leed\/#primaryimage"},"thumbnailUrl":"https:\/\/norbec.com\/wp-content\/uploads\/2020\/08\/NORBEC-LEED-HEADER.jpg","datePublished":"2020-08-20T20:24:39+00:00","dateModified":"2023-11-24T18:36:18+00:00","breadcrumb":{"@id":"https:\/\/norbec.com\/fr\/leed\/#breadcrumb"},"inLanguage":"fr-FR","potentialAction":[{"@type":"ReadAction","target":["https:\/\/norbec.com\/fr\/leed\/"]}]},{"@type":"ImageObject","inLanguage":"fr-FR","@id":"https:\/\/norbec.com\/fr\/leed\/#primaryimage","url":"https:\/\/norbec.com\/wp-content\/uploads\/2020\/08\/NORBEC-LEED-HEADER.jpg","contentUrl":"https:\/\/norbec.com\/wp-content\/uploads\/2020\/08\/NORBEC-LEED-HEADER.jpg","width":2560,"height":1795},{"@type":"BreadcrumbList","@id":"https:\/\/norbec.com\/fr\/leed\/#breadcrumb","itemListElement":[{"@type":"ListItem","position":1,"name":"Home","item":"https:\/\/norbec.com\/fr\/"},{"@type":"ListItem","position":2,"name":"LEED"}]},{"@type":"WebSite","@id":"https:\/\/norbec.com\/#website","url":"https:\/\/norbec.com\/","name":"Norbec","description":"Norbec","publisher":{"@id":"https:\/\/norbec.com\/#organization"},"potentialAction":[{"@type":"SearchAction","target":{"@type":"EntryPoint","urlTemplate":"https:\/\/norbec.com\/?s={search_term_string}"},"query-input":{"@type":"PropertyValueSpecification","valueRequired":true,"valueName":"search_term_string"}}],"inLanguage":"fr-FR"},{"@type":"Organization","@id":"https:\/\/norbec.com\/#organization","name":"Norbec","url":"https:\/\/norbec.com\/","logo":{"@type":"ImageObject","inLanguage":"fr-FR","@id":"https:\/\/norbec.com\/#\/schema\/logo\/image\/","url":"https:\/\/norbec.com\/wp-content\/uploads\/2018\/03\/logo-norbec.png","contentUrl":"https:\/\/norbec.com\/wp-content\/uploads\/2018\/03\/logo-norbec.png","width":300,"height":65,"caption":"Norbec"},"image":{"@id":"https:\/\/norbec.com\/#\/schema\/logo\/image\/"}}]}},"_links":{"self":[{"href":"https:\/\/norbec.com\/fr\/wp-json\/wp\/v2\/pages\/13391","targetHints":{"allow":["GET"]}}],"collection":[{"href":"https:\/\/norbec.com\/fr\/wp-json\/wp\/v2\/pages"}],"about":[{"href":"https:\/\/norbec.com\/fr\/wp-json\/wp\/v2\/types\/page"}],"author":[{"embeddable":true,"href":"https:\/\/norbec.com\/fr\/wp-json\/wp\/v2\/users\/2"}],"replies":[{"embeddable":true,"href":"https:\/\/norbec.com\/fr\/wp-json\/wp\/v2\/comments?post=13391"}],"version-history":[{"count":47,"href":"https:\/\/norbec.com\/fr\/wp-json\/wp\/v2\/pages\/13391\/revisions"}],"predecessor-version":[{"id":22192,"href":"https:\/\/norbec.com\/fr\/wp-json\/wp\/v2\/pages\/13391\/revisions\/22192"}],"wp:featuredmedia":[{"embeddable":true,"href":"https:\/\/norbec.com\/fr\/wp-json\/wp\/v2\/media\/13348"}],"wp:attachment":[{"href":"https:\/\/norbec.com\/fr\/wp-json\/wp\/v2\/media?parent=13391"}],"curies":[{"name":"wp","href":"https:\/\/api.w.org\/{rel}","templated":true}]}}