{"id":21590,"date":"2023-10-23T10:07:17","date_gmt":"2023-10-23T14:07:17","guid":{"rendered":"https:\/\/norbec.com\/?page_id=21590"},"modified":"2023-11-03T08:30:58","modified_gmt":"2023-11-03T12:30:58","slug":"reserver-une-formation-maintenant","status":"publish","type":"page","link":"https:\/\/norbec.com\/fr\/reserver-une-formation-maintenant\/","title":{"rendered":"NORBEC sera pr\u00e9sent au salon The Buildings Show 2023"},"content":{"rendered":"<p>Notre \u00e9quipe sera pr\u00e9sente au Buildings Show 2023 du 29 novembre au 1er d\u00e9cembre au Metro convention Centre \u00e0 Toronto !<\/p>\n<p>Chez Norbec, l&rsquo;innovation est au c\u0153ur de ce que nous faisons et nous nous effor\u00e7ant constamment d&rsquo;am\u00e9liorer notre gamme de produits et d&rsquo;offrir un meilleur service \u00e0 nos clients.<\/p>\n<p>Venez nous rendre visite au kiosque #1713. Tout au long de l&rsquo;\u00e9v\u00e9nement, nos repr\u00e9sentants seront disponibles pour vous donner de l&rsquo;information et discuter avec vous de nos produits existants, de notre toute nouvelle usine \u00e0 Strathroy, en Ontario, et de nos derni\u00e8res innovations. Que vous souhaitiez discuter de vos projets en cours ou simplement en savoir plus sur notre gamme compl\u00e8te de produits, nous sommes l\u00e0 pour discuter avec vous et vous fournir de plus amples informations.<\/p>\n<p>Pour go\u00fbter \u00e0 l&rsquo;innovation, prenez rendez-vous et recevez un billet pour le bar VIP Norbec qui se tiendra \u00e0 notre kiosque! Mercredi et jeudi, de 14 \u00e0 16 heures, nous servirons de la bi\u00e8re, du vin, des spiritueux, de l&rsquo;eau gazeuse et des boissons non alcoolis\u00e9es. Les billets sont disponibles en quantit\u00e9s limit\u00e9es.<\/p>\n<p>Ne tardez pas \u00e0 r\u00e9server avec un membre de notre \u00e9quipe :<\/p>\n<p><span>\n<div class=\"wpcf7 no-js\" id=\"wpcf7-f21591-o1\" lang=\"en-US\" dir=\"ltr\" data-wpcf7-id=\"21591\">\n<div class=\"screen-reader-response\"><p role=\"status\" aria-live=\"polite\" aria-atomic=\"true\"><\/p> <ul><\/ul><\/div>\n<form action=\"\/fr\/wp-json\/wp\/v2\/pages\/21590#wpcf7-f21591-o1\" method=\"post\" class=\"wpcf7-form init\" aria-label=\"Contact form\" novalidate=\"novalidate\" data-status=\"init\">\n<div style=\"display: none;\">\n<input type=\"hidden\" name=\"_wpcf7\" value=\"21591\" \/>\n<input type=\"hidden\" name=\"_wpcf7_version\" value=\"6.0.6\" \/>\n<input type=\"hidden\" name=\"_wpcf7_locale\" value=\"en_US\" \/>\n<input type=\"hidden\" name=\"_wpcf7_unit_tag\" value=\"wpcf7-f21591-o1\" \/>\n<input type=\"hidden\" name=\"_wpcf7_container_post\" value=\"0\" \/>\n<input type=\"hidden\" name=\"_wpcf7_posted_data_hash\" value=\"\" \/>\n<input type=\"hidden\" name=\"_wpcf7dtx_version\" value=\"5.0.3\" \/>\n<input type=\"hidden\" name=\"_wpcf7_recaptcha_response\" value=\"\" \/>\n<\/div>\n<p><iframe loading=\"lazy\" style=\"border: 0px #ffffff none;\" src=\"https:\/\/outlook.office365.com\/owa\/calendar\/THEBUILDINGSHOW2023@norbec.com\/bookings\/\" name=\"myiFrame\" width=\"1000px\" height=\"1795px\" frameborder=\"0\" marginwidth=\"0px\" marginheight=\"0px\" scrolling=\"yes\" allowfullscreen=\"allowfullscreen\"><\/iframe>\n<\/p><div class=\"wpcf7-response-output\" aria-hidden=\"true\"><\/div>\n<\/form>\n<\/div>\n<\/span><\/p>\n<p>Nous avons h\u00e2te de vous voir au Building Show!<\/p>\n<p>Pour plus d&rsquo;informations, <a href=\"https:\/\/informaconnect.com\/the-buildings-show\/?utm_source=TAG&amp;utm_medium=Digital&amp;utm_campaign=BCE-2432-TBS-Promo&amp;utm_term=attendee&amp;utm_content=BCE2432&amp;tracker_id=BCE2432&amp;gad=1&amp;gclid=CjwKCAjws9ipBhB1EiwAccEi1J-PHxUMQBxlUKf8qAZ61xuQBfCD99JgXpYaw7_lkFbH8SlX19-GmRoCuKQQAvD_BwE\">visitez le site web de The Buildings Show.<\/a><\/p>\n","protected":false},"excerpt":{"rendered":"<p>Notre \u00e9quipe sera pr\u00e9sente au Buildings Show 2023 du 29 novembre au 1er d\u00e9cembre au Metro convention Centre \u00e0 Toronto ! Chez Norbec, l&rsquo;innovation est au c\u0153ur de ce que [&hellip;]<\/p>\n","protected":false},"author":27,"featured_media":25160,"parent":0,"menu_order":0,"comment_status":"closed","ping_status":"closed","template":"page-templates\/page-landing.php","meta":{"_acf_changed":false,"content-type":"","_monsterinsights_skip_tracking":false,"_monsterinsights_sitenote_active":false,"_monsterinsights_sitenote_note":"","_monsterinsights_sitenote_category":0,"footnotes":""},"class_list":["post-21590","page","type-page","status-publish","has-post-thumbnail","hentry"],"acf":[],"yoast_head":"<!-- This site is optimized with the Yoast SEO plugin v24.8.1 - https:\/\/yoast.com\/wordpress\/plugins\/seo\/ -->\n<title>NORBEC sera pr\u00e9sent au salon The Buildings Show 2023 - Norbec<\/title>\n<meta name=\"description\" content=\"Notre \u00e9quipe sera pr\u00e9sente au Building Show 2023 du 29 novembre au 1er d\u00e9cembre au Metro convention Centre \u00e0 Toronto\" \/>\n<meta name=\"robots\" content=\"index, follow, max-snippet:-1, max-image-preview:large, max-video-preview:-1\" \/>\n<link rel=\"canonical\" href=\"https:\/\/norbec.com\/fr\/reserver-une-formation-maintenant\/\" \/>\n<meta property=\"og:locale\" content=\"fr_FR\" \/>\n<meta property=\"og:type\" content=\"article\" \/>\n<meta property=\"og:title\" content=\"NORBEC sera pr\u00e9sent au salon The Buildings Show 2023 - Norbec\" \/>\n<meta property=\"og:description\" content=\"Notre \u00e9quipe sera pr\u00e9sente au Building Show 2023 du 29 novembre au 1er d\u00e9cembre au Metro convention Centre \u00e0 Toronto\" \/>\n<meta property=\"og:url\" content=\"https:\/\/norbec.com\/fr\/reserver-une-formation-maintenant\/\" \/>\n<meta property=\"og:site_name\" content=\"Norbec\" \/>\n<meta property=\"article:modified_time\" content=\"2023-11-03T12:30:58+00:00\" \/>\n<meta property=\"og:image\" content=\"https:\/\/norbec.com\/wp-content\/uploads\/2023\/10\/The-Building-show-2023-signature-750-x-300-px-500-x-700-px.png\" \/>\n\t<meta property=\"og:image:width\" content=\"500\" \/>\n\t<meta property=\"og:image:height\" content=\"700\" \/>\n\t<meta property=\"og:image:type\" content=\"image\/png\" \/>\n<meta name=\"twitter:card\" content=\"summary_large_image\" \/>\n<meta name=\"twitter:label1\" content=\"Dur\u00e9e de lecture estim\u00e9e\" \/>\n\t<meta name=\"twitter:data1\" content=\"1 minute\" \/>\n<script type=\"application\/ld+json\" class=\"yoast-schema-graph\">{\"@context\":\"https:\/\/schema.org\",\"@graph\":[{\"@type\":\"WebPage\",\"@id\":\"https:\/\/norbec.com\/fr\/reserver-une-formation-maintenant\/\",\"url\":\"https:\/\/norbec.com\/fr\/reserver-une-formation-maintenant\/\",\"name\":\"NORBEC sera pr\u00e9sent au salon The Buildings Show 2023 - Norbec\",\"isPartOf\":{\"@id\":\"https:\/\/norbec.com\/#website\"},\"primaryImageOfPage\":{\"@id\":\"https:\/\/norbec.com\/fr\/reserver-une-formation-maintenant\/#primaryimage\"},\"image\":{\"@id\":\"https:\/\/norbec.com\/fr\/reserver-une-formation-maintenant\/#primaryimage\"},\"thumbnailUrl\":\"https:\/\/norbec.com\/wp-content\/uploads\/2024\/11\/TBS-4.jpg\",\"datePublished\":\"2023-10-23T14:07:17+00:00\",\"dateModified\":\"2023-11-03T12:30:58+00:00\",\"description\":\"Notre \u00e9quipe sera pr\u00e9sente au Building Show 2023 du 29 novembre au 1er d\u00e9cembre au Metro convention Centre \u00e0 Toronto\",\"breadcrumb\":{\"@id\":\"https:\/\/norbec.com\/fr\/reserver-une-formation-maintenant\/#breadcrumb\"},\"inLanguage\":\"fr-FR\",\"potentialAction\":[{\"@type\":\"ReadAction\",\"target\":[\"https:\/\/norbec.com\/fr\/reserver-une-formation-maintenant\/\"]}]},{\"@type\":\"ImageObject\",\"inLanguage\":\"fr-FR\",\"@id\":\"https:\/\/norbec.com\/fr\/reserver-une-formation-maintenant\/#primaryimage\",\"url\":\"https:\/\/norbec.com\/wp-content\/uploads\/2024\/11\/TBS-4.jpg\",\"contentUrl\":\"https:\/\/norbec.com\/wp-content\/uploads\/2024\/11\/TBS-4.jpg\",\"width\":800,\"height\":800},{\"@type\":\"BreadcrumbList\",\"@id\":\"https:\/\/norbec.com\/fr\/reserver-une-formation-maintenant\/#breadcrumb\",\"itemListElement\":[{\"@type\":\"ListItem\",\"position\":1,\"name\":\"Home\",\"item\":\"https:\/\/norbec.com\/fr\/\"},{\"@type\":\"ListItem\",\"position\":2,\"name\":\"NORBEC sera pr\u00e9sent au salon The Buildings Show 2023\"}]},{\"@type\":\"WebSite\",\"@id\":\"https:\/\/norbec.com\/#website\",\"url\":\"https:\/\/norbec.com\/\",\"name\":\"Norbec\",\"description\":\"Norbec\",\"publisher\":{\"@id\":\"https:\/\/norbec.com\/#organization\"},\"potentialAction\":[{\"@type\":\"SearchAction\",\"target\":{\"@type\":\"EntryPoint\",\"urlTemplate\":\"https:\/\/norbec.com\/?s={search_term_string}\"},\"query-input\":{\"@type\":\"PropertyValueSpecification\",\"valueRequired\":true,\"valueName\":\"search_term_string\"}}],\"inLanguage\":\"fr-FR\"},{\"@type\":\"Organization\",\"@id\":\"https:\/\/norbec.com\/#organization\",\"name\":\"Norbec\",\"url\":\"https:\/\/norbec.com\/\",\"logo\":{\"@type\":\"ImageObject\",\"inLanguage\":\"fr-FR\",\"@id\":\"https:\/\/norbec.com\/#\/schema\/logo\/image\/\",\"url\":\"https:\/\/norbec.com\/wp-content\/uploads\/2018\/03\/logo-norbec.png\",\"contentUrl\":\"https:\/\/norbec.com\/wp-content\/uploads\/2018\/03\/logo-norbec.png\",\"width\":300,\"height\":65,\"caption\":\"Norbec\"},\"image\":{\"@id\":\"https:\/\/norbec.com\/#\/schema\/logo\/image\/\"}}]}<\/script>\n<!-- \/ Yoast SEO plugin. -->","yoast_head_json":{"title":"NORBEC sera pr\u00e9sent au salon The Buildings Show 2023 - Norbec","description":"Notre \u00e9quipe sera pr\u00e9sente au Building Show 2023 du 29 novembre au 1er d\u00e9cembre au Metro convention Centre \u00e0 Toronto","robots":{"index":"index","follow":"follow","max-snippet":"max-snippet:-1","max-image-preview":"max-image-preview:large","max-video-preview":"max-video-preview:-1"},"canonical":"https:\/\/norbec.com\/fr\/reserver-une-formation-maintenant\/","og_locale":"fr_FR","og_type":"article","og_title":"NORBEC sera pr\u00e9sent au salon The Buildings Show 2023 - Norbec","og_description":"Notre \u00e9quipe sera pr\u00e9sente au Building Show 2023 du 29 novembre au 1er d\u00e9cembre au Metro convention Centre \u00e0 Toronto","og_url":"https:\/\/norbec.com\/fr\/reserver-une-formation-maintenant\/","og_site_name":"Norbec","article_modified_time":"2023-11-03T12:30:58+00:00","og_image":[{"width":500,"height":700,"url":"https:\/\/norbec.com\/wp-content\/uploads\/2023\/10\/The-Building-show-2023-signature-750-x-300-px-500-x-700-px.png","type":"image\/png"}],"twitter_card":"summary_large_image","twitter_misc":{"Dur\u00e9e de lecture estim\u00e9e":"1 minute"},"schema":{"@context":"https:\/\/schema.org","@graph":[{"@type":"WebPage","@id":"https:\/\/norbec.com\/fr\/reserver-une-formation-maintenant\/","url":"https:\/\/norbec.com\/fr\/reserver-une-formation-maintenant\/","name":"NORBEC sera pr\u00e9sent au salon The Buildings Show 2023 - Norbec","isPartOf":{"@id":"https:\/\/norbec.com\/#website"},"primaryImageOfPage":{"@id":"https:\/\/norbec.com\/fr\/reserver-une-formation-maintenant\/#primaryimage"},"image":{"@id":"https:\/\/norbec.com\/fr\/reserver-une-formation-maintenant\/#primaryimage"},"thumbnailUrl":"https:\/\/norbec.com\/wp-content\/uploads\/2024\/11\/TBS-4.jpg","datePublished":"2023-10-23T14:07:17+00:00","dateModified":"2023-11-03T12:30:58+00:00","description":"Notre \u00e9quipe sera pr\u00e9sente au Building Show 2023 du 29 novembre au 1er d\u00e9cembre au Metro convention Centre \u00e0 Toronto","breadcrumb":{"@id":"https:\/\/norbec.com\/fr\/reserver-une-formation-maintenant\/#breadcrumb"},"inLanguage":"fr-FR","potentialAction":[{"@type":"ReadAction","target":["https:\/\/norbec.com\/fr\/reserver-une-formation-maintenant\/"]}]},{"@type":"ImageObject","inLanguage":"fr-FR","@id":"https:\/\/norbec.com\/fr\/reserver-une-formation-maintenant\/#primaryimage","url":"https:\/\/norbec.com\/wp-content\/uploads\/2024\/11\/TBS-4.jpg","contentUrl":"https:\/\/norbec.com\/wp-content\/uploads\/2024\/11\/TBS-4.jpg","width":800,"height":800},{"@type":"BreadcrumbList","@id":"https:\/\/norbec.com\/fr\/reserver-une-formation-maintenant\/#breadcrumb","itemListElement":[{"@type":"ListItem","position":1,"name":"Home","item":"https:\/\/norbec.com\/fr\/"},{"@type":"ListItem","position":2,"name":"NORBEC sera pr\u00e9sent au salon The Buildings Show 2023"}]},{"@type":"WebSite","@id":"https:\/\/norbec.com\/#website","url":"https:\/\/norbec.com\/","name":"Norbec","description":"Norbec","publisher":{"@id":"https:\/\/norbec.com\/#organization"},"potentialAction":[{"@type":"SearchAction","target":{"@type":"EntryPoint","urlTemplate":"https:\/\/norbec.com\/?s={search_term_string}"},"query-input":{"@type":"PropertyValueSpecification","valueRequired":true,"valueName":"search_term_string"}}],"inLanguage":"fr-FR"},{"@type":"Organization","@id":"https:\/\/norbec.com\/#organization","name":"Norbec","url":"https:\/\/norbec.com\/","logo":{"@type":"ImageObject","inLanguage":"fr-FR","@id":"https:\/\/norbec.com\/#\/schema\/logo\/image\/","url":"https:\/\/norbec.com\/wp-content\/uploads\/2018\/03\/logo-norbec.png","contentUrl":"https:\/\/norbec.com\/wp-content\/uploads\/2018\/03\/logo-norbec.png","width":300,"height":65,"caption":"Norbec"},"image":{"@id":"https:\/\/norbec.com\/#\/schema\/logo\/image\/"}}]}},"_links":{"self":[{"href":"https:\/\/norbec.com\/fr\/wp-json\/wp\/v2\/pages\/21590","targetHints":{"allow":["GET"]}}],"collection":[{"href":"https:\/\/norbec.com\/fr\/wp-json\/wp\/v2\/pages"}],"about":[{"href":"https:\/\/norbec.com\/fr\/wp-json\/wp\/v2\/types\/page"}],"author":[{"embeddable":true,"href":"https:\/\/norbec.com\/fr\/wp-json\/wp\/v2\/users\/27"}],"replies":[{"embeddable":true,"href":"https:\/\/norbec.com\/fr\/wp-json\/wp\/v2\/comments?post=21590"}],"version-history":[{"count":3,"href":"https:\/\/norbec.com\/fr\/wp-json\/wp\/v2\/pages\/21590\/revisions"}],"predecessor-version":[{"id":22020,"href":"https:\/\/norbec.com\/fr\/wp-json\/wp\/v2\/pages\/21590\/revisions\/22020"}],"wp:featuredmedia":[{"embeddable":true,"href":"https:\/\/norbec.com\/fr\/wp-json\/wp\/v2\/media\/25160"}],"wp:attachment":[{"href":"https:\/\/norbec.com\/fr\/wp-json\/wp\/v2\/media?parent=21590"}],"curies":[{"name":"wp","href":"https:\/\/api.w.org\/{rel}","templated":true}]}}