{"id":26301,"date":"2025-03-18T12:03:48","date_gmt":"2025-03-18T16:03:48","guid":{"rendered":"https:\/\/norbec.com\/?page_id=26301"},"modified":"2025-06-18T14:56:16","modified_gmt":"2025-06-18T18:56:16","slug":"specification","status":"publish","type":"page","link":"https:\/\/norbec.com\/fr\/specification\/","title":{"rendered":"Nos partenaires en mati\u00e8re de sp\u00e9cifications"},"content":{"rendered":"","protected":false},"excerpt":{"rendered":"","protected":false},"author":27,"featured_media":26307,"parent":0,"menu_order":0,"comment_status":"closed","ping_status":"closed","template":"page-templates\/page-specification.php","meta":{"_acf_changed":false,"content-type":"","_monsterinsights_skip_tracking":false,"_monsterinsights_sitenote_active":false,"_monsterinsights_sitenote_note":"","_monsterinsights_sitenote_category":0,"footnotes":""},"class_list":["post-26301","page","type-page","status-publish","has-post-thumbnail","hentry"],"acf":[],"yoast_head":"<!-- This site is optimized with the Yoast SEO plugin v24.8.1 - https:\/\/yoast.com\/wordpress\/plugins\/seo\/ -->\n<title>Nos partenaires en mati\u00e8re de sp\u00e9cifications - Norbec<\/title>\n<meta name=\"description\" content=\"Bienvenue sur notre page Partenaires de sp\u00e9cification, o\u00f9 nous collaborons avec les principaux experts du secteur pour fournir aux architectes et aux prescripteurs les ressources dont ils ont besoin pour concevoir et construire en toute confiance.\" \/>\n<meta name=\"robots\" content=\"index, follow, max-snippet:-1, max-image-preview:large, max-video-preview:-1\" \/>\n<link rel=\"canonical\" href=\"https:\/\/norbec.com\/fr\/specification\/\" \/>\n<meta property=\"og:locale\" content=\"fr_FR\" \/>\n<meta property=\"og:type\" content=\"article\" \/>\n<meta property=\"og:title\" content=\"Nos partenaires en mati\u00e8re de sp\u00e9cifications - Norbec\" \/>\n<meta property=\"og:description\" content=\"Bienvenue sur notre page Partenaires de sp\u00e9cification, o\u00f9 nous collaborons avec les principaux experts du secteur pour fournir aux architectes et aux prescripteurs les ressources dont ils ont besoin pour concevoir et construire en toute confiance.\" \/>\n<meta property=\"og:url\" content=\"https:\/\/norbec.com\/fr\/specification\/\" \/>\n<meta property=\"og:site_name\" content=\"Norbec\" \/>\n<meta property=\"article:modified_time\" content=\"2025-06-18T18:56:16+00:00\" \/>\n<meta property=\"og:image\" content=\"https:\/\/norbec.com\/wp-content\/uploads\/2025\/02\/SPECIFICATIONS-1000x701.png\" \/>\n\t<meta property=\"og:image:width\" content=\"1000\" \/>\n\t<meta property=\"og:image:height\" content=\"701\" \/>\n\t<meta property=\"og:image:type\" content=\"image\/png\" \/>\n<meta name=\"twitter:card\" content=\"summary_large_image\" \/>\n<meta name=\"twitter:label1\" content=\"Dur\u00e9e de lecture estim\u00e9e\" \/>\n\t<meta name=\"twitter:data1\" content=\"3 minutes\" \/>\n<script type=\"application\/ld+json\" class=\"yoast-schema-graph\">{\"@context\":\"https:\/\/schema.org\",\"@graph\":[{\"@type\":\"WebPage\",\"@id\":\"https:\/\/norbec.com\/fr\/specification\/\",\"url\":\"https:\/\/norbec.com\/fr\/specification\/\",\"name\":\"Nos partenaires en mati\u00e8re de sp\u00e9cifications - Norbec\",\"isPartOf\":{\"@id\":\"https:\/\/norbec.com\/#website\"},\"primaryImageOfPage\":{\"@id\":\"https:\/\/norbec.com\/fr\/specification\/#primaryimage\"},\"image\":{\"@id\":\"https:\/\/norbec.com\/fr\/specification\/#primaryimage\"},\"thumbnailUrl\":\"https:\/\/norbec.com\/wp-content\/uploads\/2025\/02\/SPECIFICATIONS.png\",\"datePublished\":\"2025-03-18T16:03:48+00:00\",\"dateModified\":\"2025-06-18T18:56:16+00:00\",\"description\":\"Bienvenue sur notre page Partenaires de sp\u00e9cification, o\u00f9 nous collaborons avec les principaux experts du secteur pour fournir aux architectes et aux prescripteurs les ressources dont ils ont besoin pour concevoir et construire en toute confiance.\",\"breadcrumb\":{\"@id\":\"https:\/\/norbec.com\/fr\/specification\/#breadcrumb\"},\"inLanguage\":\"fr-FR\",\"potentialAction\":[{\"@type\":\"ReadAction\",\"target\":[\"https:\/\/norbec.com\/fr\/specification\/\"]}]},{\"@type\":\"ImageObject\",\"inLanguage\":\"fr-FR\",\"@id\":\"https:\/\/norbec.com\/fr\/specification\/#primaryimage\",\"url\":\"https:\/\/norbec.com\/wp-content\/uploads\/2025\/02\/SPECIFICATIONS.png\",\"contentUrl\":\"https:\/\/norbec.com\/wp-content\/uploads\/2025\/02\/SPECIFICATIONS.png\",\"width\":2560,\"height\":1795},{\"@type\":\"BreadcrumbList\",\"@id\":\"https:\/\/norbec.com\/fr\/specification\/#breadcrumb\",\"itemListElement\":[{\"@type\":\"ListItem\",\"position\":1,\"name\":\"Home\",\"item\":\"https:\/\/norbec.com\/fr\/\"},{\"@type\":\"ListItem\",\"position\":2,\"name\":\"Nos partenaires en mati\u00e8re de sp\u00e9cifications\"}]},{\"@type\":\"WebSite\",\"@id\":\"https:\/\/norbec.com\/#website\",\"url\":\"https:\/\/norbec.com\/\",\"name\":\"Norbec\",\"description\":\"Norbec\",\"publisher\":{\"@id\":\"https:\/\/norbec.com\/#organization\"},\"potentialAction\":[{\"@type\":\"SearchAction\",\"target\":{\"@type\":\"EntryPoint\",\"urlTemplate\":\"https:\/\/norbec.com\/?s={search_term_string}\"},\"query-input\":{\"@type\":\"PropertyValueSpecification\",\"valueRequired\":true,\"valueName\":\"search_term_string\"}}],\"inLanguage\":\"fr-FR\"},{\"@type\":\"Organization\",\"@id\":\"https:\/\/norbec.com\/#organization\",\"name\":\"Norbec\",\"url\":\"https:\/\/norbec.com\/\",\"logo\":{\"@type\":\"ImageObject\",\"inLanguage\":\"fr-FR\",\"@id\":\"https:\/\/norbec.com\/#\/schema\/logo\/image\/\",\"url\":\"https:\/\/norbec.com\/wp-content\/uploads\/2018\/03\/logo-norbec.png\",\"contentUrl\":\"https:\/\/norbec.com\/wp-content\/uploads\/2018\/03\/logo-norbec.png\",\"width\":300,\"height\":65,\"caption\":\"Norbec\"},\"image\":{\"@id\":\"https:\/\/norbec.com\/#\/schema\/logo\/image\/\"}}]}<\/script>\n<!-- \/ Yoast SEO plugin. -->","yoast_head_json":{"title":"Nos partenaires en mati\u00e8re de sp\u00e9cifications - Norbec","description":"Bienvenue sur notre page Partenaires de sp\u00e9cification, o\u00f9 nous collaborons avec les principaux experts du secteur pour fournir aux architectes et aux prescripteurs les ressources dont ils ont besoin pour concevoir et construire en toute confiance.","robots":{"index":"index","follow":"follow","max-snippet":"max-snippet:-1","max-image-preview":"max-image-preview:large","max-video-preview":"max-video-preview:-1"},"canonical":"https:\/\/norbec.com\/fr\/specification\/","og_locale":"fr_FR","og_type":"article","og_title":"Nos partenaires en mati\u00e8re de sp\u00e9cifications - Norbec","og_description":"Bienvenue sur notre page Partenaires de sp\u00e9cification, o\u00f9 nous collaborons avec les principaux experts du secteur pour fournir aux architectes et aux prescripteurs les ressources dont ils ont besoin pour concevoir et construire en toute confiance.","og_url":"https:\/\/norbec.com\/fr\/specification\/","og_site_name":"Norbec","article_modified_time":"2025-06-18T18:56:16+00:00","og_image":[{"width":1000,"height":701,"url":"https:\/\/norbec.com\/wp-content\/uploads\/2025\/02\/SPECIFICATIONS-1000x701.png","type":"image\/png"}],"twitter_card":"summary_large_image","twitter_misc":{"Dur\u00e9e de lecture estim\u00e9e":"3 minutes"},"schema":{"@context":"https:\/\/schema.org","@graph":[{"@type":"WebPage","@id":"https:\/\/norbec.com\/fr\/specification\/","url":"https:\/\/norbec.com\/fr\/specification\/","name":"Nos partenaires en mati\u00e8re de sp\u00e9cifications - Norbec","isPartOf":{"@id":"https:\/\/norbec.com\/#website"},"primaryImageOfPage":{"@id":"https:\/\/norbec.com\/fr\/specification\/#primaryimage"},"image":{"@id":"https:\/\/norbec.com\/fr\/specification\/#primaryimage"},"thumbnailUrl":"https:\/\/norbec.com\/wp-content\/uploads\/2025\/02\/SPECIFICATIONS.png","datePublished":"2025-03-18T16:03:48+00:00","dateModified":"2025-06-18T18:56:16+00:00","description":"Bienvenue sur notre page Partenaires de sp\u00e9cification, o\u00f9 nous collaborons avec les principaux experts du secteur pour fournir aux architectes et aux prescripteurs les ressources dont ils ont besoin pour concevoir et construire en toute confiance.","breadcrumb":{"@id":"https:\/\/norbec.com\/fr\/specification\/#breadcrumb"},"inLanguage":"fr-FR","potentialAction":[{"@type":"ReadAction","target":["https:\/\/norbec.com\/fr\/specification\/"]}]},{"@type":"ImageObject","inLanguage":"fr-FR","@id":"https:\/\/norbec.com\/fr\/specification\/#primaryimage","url":"https:\/\/norbec.com\/wp-content\/uploads\/2025\/02\/SPECIFICATIONS.png","contentUrl":"https:\/\/norbec.com\/wp-content\/uploads\/2025\/02\/SPECIFICATIONS.png","width":2560,"height":1795},{"@type":"BreadcrumbList","@id":"https:\/\/norbec.com\/fr\/specification\/#breadcrumb","itemListElement":[{"@type":"ListItem","position":1,"name":"Home","item":"https:\/\/norbec.com\/fr\/"},{"@type":"ListItem","position":2,"name":"Nos partenaires en mati\u00e8re de sp\u00e9cifications"}]},{"@type":"WebSite","@id":"https:\/\/norbec.com\/#website","url":"https:\/\/norbec.com\/","name":"Norbec","description":"Norbec","publisher":{"@id":"https:\/\/norbec.com\/#organization"},"potentialAction":[{"@type":"SearchAction","target":{"@type":"EntryPoint","urlTemplate":"https:\/\/norbec.com\/?s={search_term_string}"},"query-input":{"@type":"PropertyValueSpecification","valueRequired":true,"valueName":"search_term_string"}}],"inLanguage":"fr-FR"},{"@type":"Organization","@id":"https:\/\/norbec.com\/#organization","name":"Norbec","url":"https:\/\/norbec.com\/","logo":{"@type":"ImageObject","inLanguage":"fr-FR","@id":"https:\/\/norbec.com\/#\/schema\/logo\/image\/","url":"https:\/\/norbec.com\/wp-content\/uploads\/2018\/03\/logo-norbec.png","contentUrl":"https:\/\/norbec.com\/wp-content\/uploads\/2018\/03\/logo-norbec.png","width":300,"height":65,"caption":"Norbec"},"image":{"@id":"https:\/\/norbec.com\/#\/schema\/logo\/image\/"}}]}},"_links":{"self":[{"href":"https:\/\/norbec.com\/fr\/wp-json\/wp\/v2\/pages\/26301","targetHints":{"allow":["GET"]}}],"collection":[{"href":"https:\/\/norbec.com\/fr\/wp-json\/wp\/v2\/pages"}],"about":[{"href":"https:\/\/norbec.com\/fr\/wp-json\/wp\/v2\/types\/page"}],"author":[{"embeddable":true,"href":"https:\/\/norbec.com\/fr\/wp-json\/wp\/v2\/users\/27"}],"replies":[{"embeddable":true,"href":"https:\/\/norbec.com\/fr\/wp-json\/wp\/v2\/comments?post=26301"}],"version-history":[{"count":13,"href":"https:\/\/norbec.com\/fr\/wp-json\/wp\/v2\/pages\/26301\/revisions"}],"predecessor-version":[{"id":29024,"href":"https:\/\/norbec.com\/fr\/wp-json\/wp\/v2\/pages\/26301\/revisions\/29024"}],"wp:featuredmedia":[{"embeddable":true,"href":"https:\/\/norbec.com\/fr\/wp-json\/wp\/v2\/media\/26307"}],"wp:attachment":[{"href":"https:\/\/norbec.com\/fr\/wp-json\/wp\/v2\/media?parent=26301"}],"curies":[{"name":"wp","href":"https:\/\/api.w.org\/{rel}","templated":true}]}}