{"id":27858,"date":"2025-04-11T09:07:15","date_gmt":"2025-04-11T13:07:15","guid":{"rendered":"https:\/\/norbec.com\/?page_id=27858"},"modified":"2025-04-23T13:47:20","modified_gmt":"2025-04-23T17:47:20","slug":"panneaux-metalliques-isolants-2","status":"publish","type":"page","link":"https:\/\/norbec.com\/fr\/produits\/panneaux-metalliques-isolants-2\/","title":{"rendered":"Les panneaux m\u00e9talliques isolants"},"content":{"rendered":"","protected":false},"excerpt":{"rendered":"","protected":false},"author":27,"featured_media":27378,"parent":13690,"menu_order":0,"comment_status":"closed","ping_status":"closed","template":"page-templates\/page-product_category.php","meta":{"_acf_changed":false,"content-type":"","_monsterinsights_skip_tracking":false,"_monsterinsights_sitenote_active":false,"_monsterinsights_sitenote_note":"","_monsterinsights_sitenote_category":0,"footnotes":""},"class_list":["post-27858","page","type-page","status-publish","has-post-thumbnail","hentry"],"acf":[],"yoast_head":"<!-- This site is optimized with the Yoast SEO plugin v24.8.1 - https:\/\/yoast.com\/wordpress\/plugins\/seo\/ -->\n<title>Les panneaux m\u00e9talliques isolants - Norbec<\/title>\n<meta name=\"description\" content=\"Les panneaux m\u00e9talliques isolants de Norbec offrent durabilit\u00e9, efficacit\u00e9 \u00e9nerg\u00e9tique et design moderne pour les projets commerciaux, industriels et architecturaux.\" \/>\n<meta name=\"robots\" content=\"index, follow, max-snippet:-1, max-image-preview:large, max-video-preview:-1\" \/>\n<link rel=\"canonical\" href=\"https:\/\/norbec.com\/fr\/produits\/panneaux-metalliques-isolants-2\/\" \/>\n<meta property=\"og:locale\" content=\"fr_FR\" \/>\n<meta property=\"og:type\" content=\"article\" \/>\n<meta property=\"og:title\" content=\"Les panneaux m\u00e9talliques isolants - Norbec\" \/>\n<meta property=\"og:description\" content=\"Les panneaux m\u00e9talliques isolants de Norbec offrent durabilit\u00e9, efficacit\u00e9 \u00e9nerg\u00e9tique et design moderne pour les projets commerciaux, industriels et architecturaux.\" \/>\n<meta property=\"og:url\" content=\"https:\/\/norbec.com\/fr\/produits\/panneaux-metalliques-isolants-2\/\" \/>\n<meta property=\"og:site_name\" content=\"Norbec\" \/>\n<meta property=\"article:modified_time\" content=\"2025-04-23T17:47:20+00:00\" \/>\n<meta property=\"og:image\" content=\"https:\/\/norbec.com\/wp-content\/uploads\/2025\/04\/insulated-metal-panels.webp\" \/>\n\t<meta property=\"og:image:width\" content=\"1600\" \/>\n\t<meta property=\"og:image:height\" content=\"900\" \/>\n\t<meta property=\"og:image:type\" content=\"image\/webp\" \/>\n<meta name=\"twitter:card\" content=\"summary_large_image\" \/>\n<meta name=\"twitter:label1\" content=\"Dur\u00e9e de lecture estim\u00e9e\" \/>\n\t<meta name=\"twitter:data1\" content=\"5 minutes\" \/>\n<script type=\"application\/ld+json\" class=\"yoast-schema-graph\">{\"@context\":\"https:\/\/schema.org\",\"@graph\":[{\"@type\":\"WebPage\",\"@id\":\"https:\/\/norbec.com\/fr\/produits\/panneaux-metalliques-isolants-2\/\",\"url\":\"https:\/\/norbec.com\/fr\/produits\/panneaux-metalliques-isolants-2\/\",\"name\":\"Les panneaux m\u00e9talliques isolants - Norbec\",\"isPartOf\":{\"@id\":\"https:\/\/norbec.com\/#website\"},\"primaryImageOfPage\":{\"@id\":\"https:\/\/norbec.com\/fr\/produits\/panneaux-metalliques-isolants-2\/#primaryimage\"},\"image\":{\"@id\":\"https:\/\/norbec.com\/fr\/produits\/panneaux-metalliques-isolants-2\/#primaryimage\"},\"thumbnailUrl\":\"https:\/\/norbec.com\/wp-content\/uploads\/2025\/04\/insulated-metal-panels.webp\",\"datePublished\":\"2025-04-11T13:07:15+00:00\",\"dateModified\":\"2025-04-23T17:47:20+00:00\",\"description\":\"Les panneaux m\u00e9talliques isolants de Norbec offrent durabilit\u00e9, efficacit\u00e9 \u00e9nerg\u00e9tique et design moderne pour les projets commerciaux, industriels et architecturaux.\",\"breadcrumb\":{\"@id\":\"https:\/\/norbec.com\/fr\/produits\/panneaux-metalliques-isolants-2\/#breadcrumb\"},\"inLanguage\":\"fr-FR\",\"potentialAction\":[{\"@type\":\"ReadAction\",\"target\":[\"https:\/\/norbec.com\/fr\/produits\/panneaux-metalliques-isolants-2\/\"]}]},{\"@type\":\"ImageObject\",\"inLanguage\":\"fr-FR\",\"@id\":\"https:\/\/norbec.com\/fr\/produits\/panneaux-metalliques-isolants-2\/#primaryimage\",\"url\":\"https:\/\/norbec.com\/wp-content\/uploads\/2025\/04\/insulated-metal-panels.webp\",\"contentUrl\":\"https:\/\/norbec.com\/wp-content\/uploads\/2025\/04\/insulated-metal-panels.webp\",\"width\":1600,\"height\":900,\"caption\":\"Norbec Insulated Metal Panels\"},{\"@type\":\"BreadcrumbList\",\"@id\":\"https:\/\/norbec.com\/fr\/produits\/panneaux-metalliques-isolants-2\/#breadcrumb\",\"itemListElement\":[{\"@type\":\"ListItem\",\"position\":1,\"name\":\"Home\",\"item\":\"https:\/\/norbec.com\/fr\/\"},{\"@type\":\"ListItem\",\"position\":2,\"name\":\"Produits\",\"item\":\"https:\/\/norbec.com\/fr\/produits\/\"},{\"@type\":\"ListItem\",\"position\":3,\"name\":\"Les panneaux m\u00e9talliques isolants\"}]},{\"@type\":\"WebSite\",\"@id\":\"https:\/\/norbec.com\/#website\",\"url\":\"https:\/\/norbec.com\/\",\"name\":\"Norbec\",\"description\":\"Norbec\",\"publisher\":{\"@id\":\"https:\/\/norbec.com\/#organization\"},\"potentialAction\":[{\"@type\":\"SearchAction\",\"target\":{\"@type\":\"EntryPoint\",\"urlTemplate\":\"https:\/\/norbec.com\/?s={search_term_string}\"},\"query-input\":{\"@type\":\"PropertyValueSpecification\",\"valueRequired\":true,\"valueName\":\"search_term_string\"}}],\"inLanguage\":\"fr-FR\"},{\"@type\":\"Organization\",\"@id\":\"https:\/\/norbec.com\/#organization\",\"name\":\"Norbec\",\"url\":\"https:\/\/norbec.com\/\",\"logo\":{\"@type\":\"ImageObject\",\"inLanguage\":\"fr-FR\",\"@id\":\"https:\/\/norbec.com\/#\/schema\/logo\/image\/\",\"url\":\"https:\/\/norbec.com\/wp-content\/uploads\/2018\/03\/logo-norbec.png\",\"contentUrl\":\"https:\/\/norbec.com\/wp-content\/uploads\/2018\/03\/logo-norbec.png\",\"width\":300,\"height\":65,\"caption\":\"Norbec\"},\"image\":{\"@id\":\"https:\/\/norbec.com\/#\/schema\/logo\/image\/\"}}]}<\/script>\n<!-- \/ Yoast SEO plugin. -->","yoast_head_json":{"title":"Les panneaux m\u00e9talliques isolants - Norbec","description":"Les panneaux m\u00e9talliques isolants de Norbec offrent durabilit\u00e9, efficacit\u00e9 \u00e9nerg\u00e9tique et design moderne pour les projets commerciaux, industriels et architecturaux.","robots":{"index":"index","follow":"follow","max-snippet":"max-snippet:-1","max-image-preview":"max-image-preview:large","max-video-preview":"max-video-preview:-1"},"canonical":"https:\/\/norbec.com\/fr\/produits\/panneaux-metalliques-isolants-2\/","og_locale":"fr_FR","og_type":"article","og_title":"Les panneaux m\u00e9talliques isolants - Norbec","og_description":"Les panneaux m\u00e9talliques isolants de Norbec offrent durabilit\u00e9, efficacit\u00e9 \u00e9nerg\u00e9tique et design moderne pour les projets commerciaux, industriels et architecturaux.","og_url":"https:\/\/norbec.com\/fr\/produits\/panneaux-metalliques-isolants-2\/","og_site_name":"Norbec","article_modified_time":"2025-04-23T17:47:20+00:00","og_image":[{"width":1600,"height":900,"url":"https:\/\/norbec.com\/wp-content\/uploads\/2025\/04\/insulated-metal-panels.webp","type":"image\/webp"}],"twitter_card":"summary_large_image","twitter_misc":{"Dur\u00e9e de lecture estim\u00e9e":"5 minutes"},"schema":{"@context":"https:\/\/schema.org","@graph":[{"@type":"WebPage","@id":"https:\/\/norbec.com\/fr\/produits\/panneaux-metalliques-isolants-2\/","url":"https:\/\/norbec.com\/fr\/produits\/panneaux-metalliques-isolants-2\/","name":"Les panneaux m\u00e9talliques isolants - Norbec","isPartOf":{"@id":"https:\/\/norbec.com\/#website"},"primaryImageOfPage":{"@id":"https:\/\/norbec.com\/fr\/produits\/panneaux-metalliques-isolants-2\/#primaryimage"},"image":{"@id":"https:\/\/norbec.com\/fr\/produits\/panneaux-metalliques-isolants-2\/#primaryimage"},"thumbnailUrl":"https:\/\/norbec.com\/wp-content\/uploads\/2025\/04\/insulated-metal-panels.webp","datePublished":"2025-04-11T13:07:15+00:00","dateModified":"2025-04-23T17:47:20+00:00","description":"Les panneaux m\u00e9talliques isolants de Norbec offrent durabilit\u00e9, efficacit\u00e9 \u00e9nerg\u00e9tique et design moderne pour les projets commerciaux, industriels et architecturaux.","breadcrumb":{"@id":"https:\/\/norbec.com\/fr\/produits\/panneaux-metalliques-isolants-2\/#breadcrumb"},"inLanguage":"fr-FR","potentialAction":[{"@type":"ReadAction","target":["https:\/\/norbec.com\/fr\/produits\/panneaux-metalliques-isolants-2\/"]}]},{"@type":"ImageObject","inLanguage":"fr-FR","@id":"https:\/\/norbec.com\/fr\/produits\/panneaux-metalliques-isolants-2\/#primaryimage","url":"https:\/\/norbec.com\/wp-content\/uploads\/2025\/04\/insulated-metal-panels.webp","contentUrl":"https:\/\/norbec.com\/wp-content\/uploads\/2025\/04\/insulated-metal-panels.webp","width":1600,"height":900,"caption":"Norbec Insulated Metal Panels"},{"@type":"BreadcrumbList","@id":"https:\/\/norbec.com\/fr\/produits\/panneaux-metalliques-isolants-2\/#breadcrumb","itemListElement":[{"@type":"ListItem","position":1,"name":"Home","item":"https:\/\/norbec.com\/fr\/"},{"@type":"ListItem","position":2,"name":"Produits","item":"https:\/\/norbec.com\/fr\/produits\/"},{"@type":"ListItem","position":3,"name":"Les panneaux m\u00e9talliques isolants"}]},{"@type":"WebSite","@id":"https:\/\/norbec.com\/#website","url":"https:\/\/norbec.com\/","name":"Norbec","description":"Norbec","publisher":{"@id":"https:\/\/norbec.com\/#organization"},"potentialAction":[{"@type":"SearchAction","target":{"@type":"EntryPoint","urlTemplate":"https:\/\/norbec.com\/?s={search_term_string}"},"query-input":{"@type":"PropertyValueSpecification","valueRequired":true,"valueName":"search_term_string"}}],"inLanguage":"fr-FR"},{"@type":"Organization","@id":"https:\/\/norbec.com\/#organization","name":"Norbec","url":"https:\/\/norbec.com\/","logo":{"@type":"ImageObject","inLanguage":"fr-FR","@id":"https:\/\/norbec.com\/#\/schema\/logo\/image\/","url":"https:\/\/norbec.com\/wp-content\/uploads\/2018\/03\/logo-norbec.png","contentUrl":"https:\/\/norbec.com\/wp-content\/uploads\/2018\/03\/logo-norbec.png","width":300,"height":65,"caption":"Norbec"},"image":{"@id":"https:\/\/norbec.com\/#\/schema\/logo\/image\/"}}]}},"_links":{"self":[{"href":"https:\/\/norbec.com\/fr\/wp-json\/wp\/v2\/pages\/27858","targetHints":{"allow":["GET"]}}],"collection":[{"href":"https:\/\/norbec.com\/fr\/wp-json\/wp\/v2\/pages"}],"about":[{"href":"https:\/\/norbec.com\/fr\/wp-json\/wp\/v2\/types\/page"}],"author":[{"embeddable":true,"href":"https:\/\/norbec.com\/fr\/wp-json\/wp\/v2\/users\/27"}],"replies":[{"embeddable":true,"href":"https:\/\/norbec.com\/fr\/wp-json\/wp\/v2\/comments?post=27858"}],"version-history":[{"count":63,"href":"https:\/\/norbec.com\/fr\/wp-json\/wp\/v2\/pages\/27858\/revisions"}],"predecessor-version":[{"id":28407,"href":"https:\/\/norbec.com\/fr\/wp-json\/wp\/v2\/pages\/27858\/revisions\/28407"}],"up":[{"embeddable":true,"href":"https:\/\/norbec.com\/fr\/wp-json\/wp\/v2\/pages\/13690"}],"wp:featuredmedia":[{"embeddable":true,"href":"https:\/\/norbec.com\/fr\/wp-json\/wp\/v2\/media\/27378"}],"wp:attachment":[{"href":"https:\/\/norbec.com\/fr\/wp-json\/wp\/v2\/media?parent=27858"}],"curies":[{"name":"wp","href":"https:\/\/api.w.org\/{rel}","templated":true}]}}