{"id":27909,"date":"2025-04-11T09:07:42","date_gmt":"2025-04-11T13:07:42","guid":{"rendered":"https:\/\/norbec.com\/?page_id=27909"},"modified":"2025-04-17T16:51:05","modified_gmt":"2025-04-17T20:51:05","slug":"produits-chambres-froides","status":"publish","type":"page","link":"https:\/\/norbec.com\/fr\/produits-chambres-froides\/","title":{"rendered":"Chambres froides et cong\u00e9lateurs"},"content":{"rendered":"","protected":false},"excerpt":{"rendered":"","protected":false},"author":27,"featured_media":28342,"parent":0,"menu_order":0,"comment_status":"closed","ping_status":"closed","template":"page-templates\/page-product_category.php","meta":{"_acf_changed":false,"content-type":"","_monsterinsights_skip_tracking":false,"_monsterinsights_sitenote_active":false,"_monsterinsights_sitenote_note":"","_monsterinsights_sitenote_category":0,"footnotes":""},"class_list":["post-27909","page","type-page","status-publish","has-post-thumbnail","hentry"],"acf":[],"yoast_head":"<!-- This site is optimized with the Yoast SEO plugin v24.8.1 - https:\/\/yoast.com\/wordpress\/plugins\/seo\/ -->\n<title>Chambres froides et cong\u00e9lateurs - Norbec Chambres froides et cong\u00e9lateurs<\/title>\n<meta name=\"description\" content=\"Les chambres froides et cong\u00e9lateurs de Norbec offrent une performance in\u00e9gal\u00e9e, une efficacit\u00e9 \u00e9nerg\u00e9tique exceptionnelle et une durabilit\u00e9 sup\u00e9rieure pour les applications commerciales et industrielles. Que vous ayez besoin d\u2019une chambre froide, d\u2019un cong\u00e9lateur ou d\u2019une unit\u00e9 combin\u00e9e, nos solutions personnalis\u00e9es assurent une r\u00e9frig\u00e9ration optimale pour votre entreprise.\" \/>\n<meta name=\"robots\" content=\"index, follow, max-snippet:-1, max-image-preview:large, max-video-preview:-1\" \/>\n<link rel=\"canonical\" href=\"https:\/\/norbec.com\/fr\/produits-chambres-froides\/\" \/>\n<meta property=\"og:locale\" content=\"fr_FR\" \/>\n<meta property=\"og:type\" content=\"article\" \/>\n<meta property=\"og:title\" content=\"Chambres froides et cong\u00e9lateurs - Norbec Chambres froides et cong\u00e9lateurs\" \/>\n<meta property=\"og:description\" content=\"Les chambres froides et cong\u00e9lateurs de Norbec offrent une performance in\u00e9gal\u00e9e, une efficacit\u00e9 \u00e9nerg\u00e9tique exceptionnelle et une durabilit\u00e9 sup\u00e9rieure pour les applications commerciales et industrielles. Que vous ayez besoin d\u2019une chambre froide, d\u2019un cong\u00e9lateur ou d\u2019une unit\u00e9 combin\u00e9e, nos solutions personnalis\u00e9es assurent une r\u00e9frig\u00e9ration optimale pour votre entreprise.\" \/>\n<meta property=\"og:url\" content=\"https:\/\/norbec.com\/fr\/produits-chambres-froides\/\" \/>\n<meta property=\"og:site_name\" content=\"Norbec\" \/>\n<meta property=\"article:modified_time\" content=\"2025-04-17T20:51:05+00:00\" \/>\n<meta property=\"og:image\" content=\"https:\/\/norbec.com\/wp-content\/uploads\/2025\/04\/Norbec_Image_photo_HiRez-6.jpg1_.jpg\" \/>\n\t<meta property=\"og:image:width\" content=\"1575\" \/>\n\t<meta property=\"og:image:height\" content=\"1051\" \/>\n\t<meta property=\"og:image:type\" content=\"image\/jpeg\" \/>\n<meta name=\"twitter:card\" content=\"summary_large_image\" \/>\n<meta name=\"twitter:label1\" content=\"Dur\u00e9e de lecture estim\u00e9e\" \/>\n\t<meta name=\"twitter:data1\" content=\"4 minutes\" \/>\n<script type=\"application\/ld+json\" class=\"yoast-schema-graph\">{\"@context\":\"https:\/\/schema.org\",\"@graph\":[{\"@type\":\"WebPage\",\"@id\":\"https:\/\/norbec.com\/fr\/produits-chambres-froides\/\",\"url\":\"https:\/\/norbec.com\/fr\/produits-chambres-froides\/\",\"name\":\"Chambres froides et cong\u00e9lateurs - Norbec Chambres froides et cong\u00e9lateurs\",\"isPartOf\":{\"@id\":\"https:\/\/norbec.com\/#website\"},\"primaryImageOfPage\":{\"@id\":\"https:\/\/norbec.com\/fr\/produits-chambres-froides\/#primaryimage\"},\"image\":{\"@id\":\"https:\/\/norbec.com\/fr\/produits-chambres-froides\/#primaryimage\"},\"thumbnailUrl\":\"https:\/\/norbec.com\/wp-content\/uploads\/2025\/04\/Norbec_Image_photo_HiRez-6.jpg1_.jpg\",\"datePublished\":\"2025-04-11T13:07:42+00:00\",\"dateModified\":\"2025-04-17T20:51:05+00:00\",\"description\":\"Les chambres froides et cong\u00e9lateurs de Norbec offrent une performance in\u00e9gal\u00e9e, une efficacit\u00e9 \u00e9nerg\u00e9tique exceptionnelle et une durabilit\u00e9 sup\u00e9rieure pour les applications commerciales et industrielles. Que vous ayez besoin d\u2019une chambre froide, d\u2019un cong\u00e9lateur ou d\u2019une unit\u00e9 combin\u00e9e, nos solutions personnalis\u00e9es assurent une r\u00e9frig\u00e9ration optimale pour votre entreprise.\",\"breadcrumb\":{\"@id\":\"https:\/\/norbec.com\/fr\/produits-chambres-froides\/#breadcrumb\"},\"inLanguage\":\"fr-FR\",\"potentialAction\":[{\"@type\":\"ReadAction\",\"target\":[\"https:\/\/norbec.com\/fr\/produits-chambres-froides\/\"]}]},{\"@type\":\"ImageObject\",\"inLanguage\":\"fr-FR\",\"@id\":\"https:\/\/norbec.com\/fr\/produits-chambres-froides\/#primaryimage\",\"url\":\"https:\/\/norbec.com\/wp-content\/uploads\/2025\/04\/Norbec_Image_photo_HiRez-6.jpg1_.jpg\",\"contentUrl\":\"https:\/\/norbec.com\/wp-content\/uploads\/2025\/04\/Norbec_Image_photo_HiRez-6.jpg1_.jpg\",\"width\":1575,\"height\":1051},{\"@type\":\"BreadcrumbList\",\"@id\":\"https:\/\/norbec.com\/fr\/produits-chambres-froides\/#breadcrumb\",\"itemListElement\":[{\"@type\":\"ListItem\",\"position\":1,\"name\":\"Home\",\"item\":\"https:\/\/norbec.com\/fr\/\"},{\"@type\":\"ListItem\",\"position\":2,\"name\":\"Chambres froides et cong\u00e9lateurs\"}]},{\"@type\":\"WebSite\",\"@id\":\"https:\/\/norbec.com\/#website\",\"url\":\"https:\/\/norbec.com\/\",\"name\":\"Norbec\",\"description\":\"Norbec\",\"publisher\":{\"@id\":\"https:\/\/norbec.com\/#organization\"},\"potentialAction\":[{\"@type\":\"SearchAction\",\"target\":{\"@type\":\"EntryPoint\",\"urlTemplate\":\"https:\/\/norbec.com\/?s={search_term_string}\"},\"query-input\":{\"@type\":\"PropertyValueSpecification\",\"valueRequired\":true,\"valueName\":\"search_term_string\"}}],\"inLanguage\":\"fr-FR\"},{\"@type\":\"Organization\",\"@id\":\"https:\/\/norbec.com\/#organization\",\"name\":\"Norbec\",\"url\":\"https:\/\/norbec.com\/\",\"logo\":{\"@type\":\"ImageObject\",\"inLanguage\":\"fr-FR\",\"@id\":\"https:\/\/norbec.com\/#\/schema\/logo\/image\/\",\"url\":\"https:\/\/norbec.com\/wp-content\/uploads\/2018\/03\/logo-norbec.png\",\"contentUrl\":\"https:\/\/norbec.com\/wp-content\/uploads\/2018\/03\/logo-norbec.png\",\"width\":300,\"height\":65,\"caption\":\"Norbec\"},\"image\":{\"@id\":\"https:\/\/norbec.com\/#\/schema\/logo\/image\/\"}}]}<\/script>\n<!-- \/ Yoast SEO plugin. -->","yoast_head_json":{"title":"Chambres froides et cong\u00e9lateurs - Norbec Chambres froides et cong\u00e9lateurs","description":"Les chambres froides et cong\u00e9lateurs de Norbec offrent une performance in\u00e9gal\u00e9e, une efficacit\u00e9 \u00e9nerg\u00e9tique exceptionnelle et une durabilit\u00e9 sup\u00e9rieure pour les applications commerciales et industrielles. Que vous ayez besoin d\u2019une chambre froide, d\u2019un cong\u00e9lateur ou d\u2019une unit\u00e9 combin\u00e9e, nos solutions personnalis\u00e9es assurent une r\u00e9frig\u00e9ration optimale pour votre entreprise.","robots":{"index":"index","follow":"follow","max-snippet":"max-snippet:-1","max-image-preview":"max-image-preview:large","max-video-preview":"max-video-preview:-1"},"canonical":"https:\/\/norbec.com\/fr\/produits-chambres-froides\/","og_locale":"fr_FR","og_type":"article","og_title":"Chambres froides et cong\u00e9lateurs - Norbec Chambres froides et cong\u00e9lateurs","og_description":"Les chambres froides et cong\u00e9lateurs de Norbec offrent une performance in\u00e9gal\u00e9e, une efficacit\u00e9 \u00e9nerg\u00e9tique exceptionnelle et une durabilit\u00e9 sup\u00e9rieure pour les applications commerciales et industrielles. Que vous ayez besoin d\u2019une chambre froide, d\u2019un cong\u00e9lateur ou d\u2019une unit\u00e9 combin\u00e9e, nos solutions personnalis\u00e9es assurent une r\u00e9frig\u00e9ration optimale pour votre entreprise.","og_url":"https:\/\/norbec.com\/fr\/produits-chambres-froides\/","og_site_name":"Norbec","article_modified_time":"2025-04-17T20:51:05+00:00","og_image":[{"width":1575,"height":1051,"url":"https:\/\/norbec.com\/wp-content\/uploads\/2025\/04\/Norbec_Image_photo_HiRez-6.jpg1_.jpg","type":"image\/jpeg"}],"twitter_card":"summary_large_image","twitter_misc":{"Dur\u00e9e de lecture estim\u00e9e":"4 minutes"},"schema":{"@context":"https:\/\/schema.org","@graph":[{"@type":"WebPage","@id":"https:\/\/norbec.com\/fr\/produits-chambres-froides\/","url":"https:\/\/norbec.com\/fr\/produits-chambres-froides\/","name":"Chambres froides et cong\u00e9lateurs - Norbec Chambres froides et cong\u00e9lateurs","isPartOf":{"@id":"https:\/\/norbec.com\/#website"},"primaryImageOfPage":{"@id":"https:\/\/norbec.com\/fr\/produits-chambres-froides\/#primaryimage"},"image":{"@id":"https:\/\/norbec.com\/fr\/produits-chambres-froides\/#primaryimage"},"thumbnailUrl":"https:\/\/norbec.com\/wp-content\/uploads\/2025\/04\/Norbec_Image_photo_HiRez-6.jpg1_.jpg","datePublished":"2025-04-11T13:07:42+00:00","dateModified":"2025-04-17T20:51:05+00:00","description":"Les chambres froides et cong\u00e9lateurs de Norbec offrent une performance in\u00e9gal\u00e9e, une efficacit\u00e9 \u00e9nerg\u00e9tique exceptionnelle et une durabilit\u00e9 sup\u00e9rieure pour les applications commerciales et industrielles. Que vous ayez besoin d\u2019une chambre froide, d\u2019un cong\u00e9lateur ou d\u2019une unit\u00e9 combin\u00e9e, nos solutions personnalis\u00e9es assurent une r\u00e9frig\u00e9ration optimale pour votre entreprise.","breadcrumb":{"@id":"https:\/\/norbec.com\/fr\/produits-chambres-froides\/#breadcrumb"},"inLanguage":"fr-FR","potentialAction":[{"@type":"ReadAction","target":["https:\/\/norbec.com\/fr\/produits-chambres-froides\/"]}]},{"@type":"ImageObject","inLanguage":"fr-FR","@id":"https:\/\/norbec.com\/fr\/produits-chambres-froides\/#primaryimage","url":"https:\/\/norbec.com\/wp-content\/uploads\/2025\/04\/Norbec_Image_photo_HiRez-6.jpg1_.jpg","contentUrl":"https:\/\/norbec.com\/wp-content\/uploads\/2025\/04\/Norbec_Image_photo_HiRez-6.jpg1_.jpg","width":1575,"height":1051},{"@type":"BreadcrumbList","@id":"https:\/\/norbec.com\/fr\/produits-chambres-froides\/#breadcrumb","itemListElement":[{"@type":"ListItem","position":1,"name":"Home","item":"https:\/\/norbec.com\/fr\/"},{"@type":"ListItem","position":2,"name":"Chambres froides et cong\u00e9lateurs"}]},{"@type":"WebSite","@id":"https:\/\/norbec.com\/#website","url":"https:\/\/norbec.com\/","name":"Norbec","description":"Norbec","publisher":{"@id":"https:\/\/norbec.com\/#organization"},"potentialAction":[{"@type":"SearchAction","target":{"@type":"EntryPoint","urlTemplate":"https:\/\/norbec.com\/?s={search_term_string}"},"query-input":{"@type":"PropertyValueSpecification","valueRequired":true,"valueName":"search_term_string"}}],"inLanguage":"fr-FR"},{"@type":"Organization","@id":"https:\/\/norbec.com\/#organization","name":"Norbec","url":"https:\/\/norbec.com\/","logo":{"@type":"ImageObject","inLanguage":"fr-FR","@id":"https:\/\/norbec.com\/#\/schema\/logo\/image\/","url":"https:\/\/norbec.com\/wp-content\/uploads\/2018\/03\/logo-norbec.png","contentUrl":"https:\/\/norbec.com\/wp-content\/uploads\/2018\/03\/logo-norbec.png","width":300,"height":65,"caption":"Norbec"},"image":{"@id":"https:\/\/norbec.com\/#\/schema\/logo\/image\/"}}]}},"_links":{"self":[{"href":"https:\/\/norbec.com\/fr\/wp-json\/wp\/v2\/pages\/27909","targetHints":{"allow":["GET"]}}],"collection":[{"href":"https:\/\/norbec.com\/fr\/wp-json\/wp\/v2\/pages"}],"about":[{"href":"https:\/\/norbec.com\/fr\/wp-json\/wp\/v2\/types\/page"}],"author":[{"embeddable":true,"href":"https:\/\/norbec.com\/fr\/wp-json\/wp\/v2\/users\/27"}],"replies":[{"embeddable":true,"href":"https:\/\/norbec.com\/fr\/wp-json\/wp\/v2\/comments?post=27909"}],"version-history":[{"count":27,"href":"https:\/\/norbec.com\/fr\/wp-json\/wp\/v2\/pages\/27909\/revisions"}],"predecessor-version":[{"id":28360,"href":"https:\/\/norbec.com\/fr\/wp-json\/wp\/v2\/pages\/27909\/revisions\/28360"}],"wp:featuredmedia":[{"embeddable":true,"href":"https:\/\/norbec.com\/fr\/wp-json\/wp\/v2\/media\/28342"}],"wp:attachment":[{"href":"https:\/\/norbec.com\/fr\/wp-json\/wp\/v2\/media?parent=27909"}],"curies":[{"name":"wp","href":"https:\/\/api.w.org\/{rel}","templated":true}]}}