{"id":3473,"date":"2018-04-20T14:10:45","date_gmt":"2018-04-20T14:10:45","guid":{"rendered":"http:\/\/norbec.com\/clean-rooms\/"},"modified":"2025-11-12T11:26:36","modified_gmt":"2025-11-12T16:26:36","slug":"salle-blanche-laboratoire-chambre-atmosphere-controlee","status":"publish","type":"page","link":"https:\/\/norbec.com\/fr\/salle-blanche-laboratoire-chambre-atmosphere-controlee\/","title":{"rendered":"Salles blanches et laboratoires"},"content":{"rendered":"","protected":false},"excerpt":{"rendered":"","protected":false},"author":1,"featured_media":3433,"parent":0,"menu_order":0,"comment_status":"closed","ping_status":"closed","template":"page-templates\/page-markets.php","meta":{"_acf_changed":false,"content-type":"","_monsterinsights_skip_tracking":false,"_monsterinsights_sitenote_active":false,"_monsterinsights_sitenote_note":"","_monsterinsights_sitenote_category":0,"footnotes":""},"class_list":["post-3473","page","type-page","status-publish","has-post-thumbnail","hentry"],"acf":[],"yoast_head":"<!-- This site is optimized with the Yoast SEO plugin v24.8.1 - https:\/\/yoast.com\/wordpress\/plugins\/seo\/ -->\n<title>Solution pour salle blanche, laboratoire et atmosph\u00e8re contr\u00f4l\u00e9e - Norbec<\/title>\n<meta name=\"description\" content=\"Norbec offre des solutions de panneaux isolants r\u00e9pondant aux contraintes strictes des environnements contr\u00f4l\u00e9es de votre salle blanche et laboratoire.\" \/>\n<meta name=\"robots\" content=\"index, follow, max-snippet:-1, max-image-preview:large, max-video-preview:-1\" \/>\n<link rel=\"canonical\" href=\"https:\/\/norbec.com\/fr\/salle-blanche-laboratoire-chambre-atmosphere-controlee\/\" \/>\n<meta property=\"og:locale\" content=\"fr_FR\" \/>\n<meta property=\"og:type\" content=\"article\" \/>\n<meta property=\"og:title\" content=\"Solution pour salle blanche, laboratoire et atmosph\u00e8re contr\u00f4l\u00e9e - Norbec\" \/>\n<meta property=\"og:description\" content=\"Norbec offre des solutions de panneaux isolants r\u00e9pondant aux contraintes strictes des environnements contr\u00f4l\u00e9es de votre salle blanche et laboratoire.\" \/>\n<meta property=\"og:url\" content=\"https:\/\/norbec.com\/fr\/salle-blanche-laboratoire-chambre-atmosphere-controlee\/\" \/>\n<meta property=\"og:site_name\" content=\"Norbec\" \/>\n<meta property=\"article:modified_time\" content=\"2025-11-12T16:26:36+00:00\" \/>\n<meta property=\"og:image\" content=\"https:\/\/norbec.com\/wp-content\/uploads\/2018\/04\/norbec-clean-room-full.jpg\" \/>\n\t<meta property=\"og:image:width\" content=\"1600\" \/>\n\t<meta property=\"og:image:height\" content=\"900\" \/>\n\t<meta property=\"og:image:type\" content=\"image\/jpeg\" \/>\n<meta name=\"twitter:card\" content=\"summary_large_image\" \/>\n<meta name=\"twitter:label1\" content=\"Dur\u00e9e de lecture estim\u00e9e\" \/>\n\t<meta name=\"twitter:data1\" content=\"7 minutes\" \/>\n<script type=\"application\/ld+json\" class=\"yoast-schema-graph\">{\"@context\":\"https:\/\/schema.org\",\"@graph\":[{\"@type\":\"WebPage\",\"@id\":\"https:\/\/norbec.com\/fr\/salle-blanche-laboratoire-chambre-atmosphere-controlee\/\",\"url\":\"https:\/\/norbec.com\/fr\/salle-blanche-laboratoire-chambre-atmosphere-controlee\/\",\"name\":\"Solution pour salle blanche, laboratoire et atmosph\u00e8re contr\u00f4l\u00e9e - Norbec\",\"isPartOf\":{\"@id\":\"https:\/\/norbec.com\/#website\"},\"primaryImageOfPage\":{\"@id\":\"https:\/\/norbec.com\/fr\/salle-blanche-laboratoire-chambre-atmosphere-controlee\/#primaryimage\"},\"image\":{\"@id\":\"https:\/\/norbec.com\/fr\/salle-blanche-laboratoire-chambre-atmosphere-controlee\/#primaryimage\"},\"thumbnailUrl\":\"https:\/\/norbec.com\/wp-content\/uploads\/2018\/04\/norbec-clean-room-full.jpg\",\"datePublished\":\"2018-04-20T14:10:45+00:00\",\"dateModified\":\"2025-11-12T16:26:36+00:00\",\"description\":\"Norbec offre des solutions de panneaux isolants r\u00e9pondant aux contraintes strictes des environnements contr\u00f4l\u00e9es de votre salle blanche et laboratoire.\",\"breadcrumb\":{\"@id\":\"https:\/\/norbec.com\/fr\/salle-blanche-laboratoire-chambre-atmosphere-controlee\/#breadcrumb\"},\"inLanguage\":\"fr-FR\",\"potentialAction\":[{\"@type\":\"ReadAction\",\"target\":[\"https:\/\/norbec.com\/fr\/salle-blanche-laboratoire-chambre-atmosphere-controlee\/\"]}]},{\"@type\":\"ImageObject\",\"inLanguage\":\"fr-FR\",\"@id\":\"https:\/\/norbec.com\/fr\/salle-blanche-laboratoire-chambre-atmosphere-controlee\/#primaryimage\",\"url\":\"https:\/\/norbec.com\/wp-content\/uploads\/2018\/04\/norbec-clean-room-full.jpg\",\"contentUrl\":\"https:\/\/norbec.com\/wp-content\/uploads\/2018\/04\/norbec-clean-room-full.jpg\",\"width\":1600,\"height\":900},{\"@type\":\"BreadcrumbList\",\"@id\":\"https:\/\/norbec.com\/fr\/salle-blanche-laboratoire-chambre-atmosphere-controlee\/#breadcrumb\",\"itemListElement\":[{\"@type\":\"ListItem\",\"position\":1,\"name\":\"Home\",\"item\":\"https:\/\/norbec.com\/fr\/\"},{\"@type\":\"ListItem\",\"position\":2,\"name\":\"Salles blanches et laboratoires\"}]},{\"@type\":\"WebSite\",\"@id\":\"https:\/\/norbec.com\/#website\",\"url\":\"https:\/\/norbec.com\/\",\"name\":\"Norbec\",\"description\":\"Norbec\",\"publisher\":{\"@id\":\"https:\/\/norbec.com\/#organization\"},\"potentialAction\":[{\"@type\":\"SearchAction\",\"target\":{\"@type\":\"EntryPoint\",\"urlTemplate\":\"https:\/\/norbec.com\/?s={search_term_string}\"},\"query-input\":{\"@type\":\"PropertyValueSpecification\",\"valueRequired\":true,\"valueName\":\"search_term_string\"}}],\"inLanguage\":\"fr-FR\"},{\"@type\":\"Organization\",\"@id\":\"https:\/\/norbec.com\/#organization\",\"name\":\"Norbec\",\"url\":\"https:\/\/norbec.com\/\",\"logo\":{\"@type\":\"ImageObject\",\"inLanguage\":\"fr-FR\",\"@id\":\"https:\/\/norbec.com\/#\/schema\/logo\/image\/\",\"url\":\"https:\/\/norbec.com\/wp-content\/uploads\/2018\/03\/logo-norbec.png\",\"contentUrl\":\"https:\/\/norbec.com\/wp-content\/uploads\/2018\/03\/logo-norbec.png\",\"width\":300,\"height\":65,\"caption\":\"Norbec\"},\"image\":{\"@id\":\"https:\/\/norbec.com\/#\/schema\/logo\/image\/\"}}]}<\/script>\n<!-- \/ Yoast SEO plugin. -->","yoast_head_json":{"title":"Solution pour salle blanche, laboratoire et atmosph\u00e8re contr\u00f4l\u00e9e - Norbec","description":"Norbec offre des solutions de panneaux isolants r\u00e9pondant aux contraintes strictes des environnements contr\u00f4l\u00e9es de votre salle blanche et laboratoire.","robots":{"index":"index","follow":"follow","max-snippet":"max-snippet:-1","max-image-preview":"max-image-preview:large","max-video-preview":"max-video-preview:-1"},"canonical":"https:\/\/norbec.com\/fr\/salle-blanche-laboratoire-chambre-atmosphere-controlee\/","og_locale":"fr_FR","og_type":"article","og_title":"Solution pour salle blanche, laboratoire et atmosph\u00e8re contr\u00f4l\u00e9e - Norbec","og_description":"Norbec offre des solutions de panneaux isolants r\u00e9pondant aux contraintes strictes des environnements contr\u00f4l\u00e9es de votre salle blanche et laboratoire.","og_url":"https:\/\/norbec.com\/fr\/salle-blanche-laboratoire-chambre-atmosphere-controlee\/","og_site_name":"Norbec","article_modified_time":"2025-11-12T16:26:36+00:00","og_image":[{"width":1600,"height":900,"url":"https:\/\/norbec.com\/wp-content\/uploads\/2018\/04\/norbec-clean-room-full.jpg","type":"image\/jpeg"}],"twitter_card":"summary_large_image","twitter_misc":{"Dur\u00e9e de lecture estim\u00e9e":"7 minutes"},"schema":{"@context":"https:\/\/schema.org","@graph":[{"@type":"WebPage","@id":"https:\/\/norbec.com\/fr\/salle-blanche-laboratoire-chambre-atmosphere-controlee\/","url":"https:\/\/norbec.com\/fr\/salle-blanche-laboratoire-chambre-atmosphere-controlee\/","name":"Solution pour salle blanche, laboratoire et atmosph\u00e8re contr\u00f4l\u00e9e - Norbec","isPartOf":{"@id":"https:\/\/norbec.com\/#website"},"primaryImageOfPage":{"@id":"https:\/\/norbec.com\/fr\/salle-blanche-laboratoire-chambre-atmosphere-controlee\/#primaryimage"},"image":{"@id":"https:\/\/norbec.com\/fr\/salle-blanche-laboratoire-chambre-atmosphere-controlee\/#primaryimage"},"thumbnailUrl":"https:\/\/norbec.com\/wp-content\/uploads\/2018\/04\/norbec-clean-room-full.jpg","datePublished":"2018-04-20T14:10:45+00:00","dateModified":"2025-11-12T16:26:36+00:00","description":"Norbec offre des solutions de panneaux isolants r\u00e9pondant aux contraintes strictes des environnements contr\u00f4l\u00e9es de votre salle blanche et laboratoire.","breadcrumb":{"@id":"https:\/\/norbec.com\/fr\/salle-blanche-laboratoire-chambre-atmosphere-controlee\/#breadcrumb"},"inLanguage":"fr-FR","potentialAction":[{"@type":"ReadAction","target":["https:\/\/norbec.com\/fr\/salle-blanche-laboratoire-chambre-atmosphere-controlee\/"]}]},{"@type":"ImageObject","inLanguage":"fr-FR","@id":"https:\/\/norbec.com\/fr\/salle-blanche-laboratoire-chambre-atmosphere-controlee\/#primaryimage","url":"https:\/\/norbec.com\/wp-content\/uploads\/2018\/04\/norbec-clean-room-full.jpg","contentUrl":"https:\/\/norbec.com\/wp-content\/uploads\/2018\/04\/norbec-clean-room-full.jpg","width":1600,"height":900},{"@type":"BreadcrumbList","@id":"https:\/\/norbec.com\/fr\/salle-blanche-laboratoire-chambre-atmosphere-controlee\/#breadcrumb","itemListElement":[{"@type":"ListItem","position":1,"name":"Home","item":"https:\/\/norbec.com\/fr\/"},{"@type":"ListItem","position":2,"name":"Salles blanches et laboratoires"}]},{"@type":"WebSite","@id":"https:\/\/norbec.com\/#website","url":"https:\/\/norbec.com\/","name":"Norbec","description":"Norbec","publisher":{"@id":"https:\/\/norbec.com\/#organization"},"potentialAction":[{"@type":"SearchAction","target":{"@type":"EntryPoint","urlTemplate":"https:\/\/norbec.com\/?s={search_term_string}"},"query-input":{"@type":"PropertyValueSpecification","valueRequired":true,"valueName":"search_term_string"}}],"inLanguage":"fr-FR"},{"@type":"Organization","@id":"https:\/\/norbec.com\/#organization","name":"Norbec","url":"https:\/\/norbec.com\/","logo":{"@type":"ImageObject","inLanguage":"fr-FR","@id":"https:\/\/norbec.com\/#\/schema\/logo\/image\/","url":"https:\/\/norbec.com\/wp-content\/uploads\/2018\/03\/logo-norbec.png","contentUrl":"https:\/\/norbec.com\/wp-content\/uploads\/2018\/03\/logo-norbec.png","width":300,"height":65,"caption":"Norbec"},"image":{"@id":"https:\/\/norbec.com\/#\/schema\/logo\/image\/"}}]}},"_links":{"self":[{"href":"https:\/\/norbec.com\/fr\/wp-json\/wp\/v2\/pages\/3473","targetHints":{"allow":["GET"]}}],"collection":[{"href":"https:\/\/norbec.com\/fr\/wp-json\/wp\/v2\/pages"}],"about":[{"href":"https:\/\/norbec.com\/fr\/wp-json\/wp\/v2\/types\/page"}],"author":[{"embeddable":true,"href":"https:\/\/norbec.com\/fr\/wp-json\/wp\/v2\/users\/1"}],"replies":[{"embeddable":true,"href":"https:\/\/norbec.com\/fr\/wp-json\/wp\/v2\/comments?post=3473"}],"version-history":[{"count":58,"href":"https:\/\/norbec.com\/fr\/wp-json\/wp\/v2\/pages\/3473\/revisions"}],"predecessor-version":[{"id":29842,"href":"https:\/\/norbec.com\/fr\/wp-json\/wp\/v2\/pages\/3473\/revisions\/29842"}],"wp:featuredmedia":[{"embeddable":true,"href":"https:\/\/norbec.com\/fr\/wp-json\/wp\/v2\/media\/3433"}],"wp:attachment":[{"href":"https:\/\/norbec.com\/fr\/wp-json\/wp\/v2\/media?parent=3473"}],"curies":[{"name":"wp","href":"https:\/\/api.w.org\/{rel}","templated":true}]}}