{"id":3677,"date":"2018-03-29T12:50:56","date_gmt":"2018-03-29T12:50:56","guid":{"rendered":"https:\/\/norbec.com\/get-a-quote\/"},"modified":"2023-06-28T16:31:58","modified_gmt":"2023-06-28T20:31:58","slug":"demandez-une-soumission","status":"publish","type":"page","link":"https:\/\/norbec.com\/fr\/demandez-une-soumission\/","title":{"rendered":"Demandez une soumission"},"content":{"rendered":"","protected":false},"excerpt":{"rendered":"","protected":false},"author":1,"featured_media":18507,"parent":0,"menu_order":0,"comment_status":"closed","ping_status":"closed","template":"page-templates\/page-half-half.php","meta":{"_acf_changed":false,"content-type":"","_monsterinsights_skip_tracking":false,"_monsterinsights_sitenote_active":false,"_monsterinsights_sitenote_note":"","_monsterinsights_sitenote_category":0,"footnotes":""},"class_list":["post-3677","page","type-page","status-publish","has-post-thumbnail","hentry"],"acf":[],"yoast_head":"<!-- This site is optimized with the Yoast SEO plugin v24.8.1 - https:\/\/yoast.com\/wordpress\/plugins\/seo\/ -->\n<title>Demandez une soumission - Norbec<\/title>\n<meta name=\"description\" content=\"Notre \u00e9quipe d&#039;experts d\u00e9vou\u00e9s fournit tout le soutien n\u00e9cessaire pour donner vie \u00e0 votre projet. Demandez une soumission d\u00e8s maintenant.\" \/>\n<meta name=\"robots\" content=\"index, follow, max-snippet:-1, max-image-preview:large, max-video-preview:-1\" \/>\n<link rel=\"canonical\" href=\"https:\/\/norbec.com\/fr\/demandez-une-soumission\/\" \/>\n<meta property=\"og:locale\" content=\"fr_FR\" \/>\n<meta property=\"og:type\" content=\"article\" \/>\n<meta property=\"og:title\" content=\"Demandez une soumission - Norbec\" \/>\n<meta property=\"og:description\" content=\"Notre \u00e9quipe d&#039;experts d\u00e9vou\u00e9s fournit tout le soutien n\u00e9cessaire pour donner vie \u00e0 votre projet. Demandez une soumission d\u00e8s maintenant.\" \/>\n<meta property=\"og:url\" content=\"https:\/\/norbec.com\/fr\/demandez-une-soumission\/\" \/>\n<meta property=\"og:site_name\" content=\"Norbec\" \/>\n<meta property=\"article:modified_time\" content=\"2023-06-28T20:31:58+00:00\" \/>\n<meta property=\"og:image\" content=\"https:\/\/norbec.com\/wp-content\/uploads\/2022\/07\/AdobeStock_488529472-scaled.jpeg\" \/>\n\t<meta property=\"og:image:width\" content=\"2560\" \/>\n\t<meta property=\"og:image:height\" content=\"1707\" \/>\n\t<meta property=\"og:image:type\" content=\"image\/jpeg\" \/>\n<meta name=\"twitter:card\" content=\"summary_large_image\" \/>\n<script type=\"application\/ld+json\" class=\"yoast-schema-graph\">{\"@context\":\"https:\/\/schema.org\",\"@graph\":[{\"@type\":\"WebPage\",\"@id\":\"https:\/\/norbec.com\/fr\/demandez-une-soumission\/\",\"url\":\"https:\/\/norbec.com\/fr\/demandez-une-soumission\/\",\"name\":\"Demandez une soumission - Norbec\",\"isPartOf\":{\"@id\":\"https:\/\/norbec.com\/#website\"},\"primaryImageOfPage\":{\"@id\":\"https:\/\/norbec.com\/fr\/demandez-une-soumission\/#primaryimage\"},\"image\":{\"@id\":\"https:\/\/norbec.com\/fr\/demandez-une-soumission\/#primaryimage\"},\"thumbnailUrl\":\"https:\/\/norbec.com\/wp-content\/uploads\/2022\/07\/AdobeStock_488529472-scaled.jpeg\",\"datePublished\":\"2018-03-29T12:50:56+00:00\",\"dateModified\":\"2023-06-28T20:31:58+00:00\",\"description\":\"Notre \u00e9quipe d'experts d\u00e9vou\u00e9s fournit tout le soutien n\u00e9cessaire pour donner vie \u00e0 votre projet. Demandez une soumission d\u00e8s maintenant.\",\"breadcrumb\":{\"@id\":\"https:\/\/norbec.com\/fr\/demandez-une-soumission\/#breadcrumb\"},\"inLanguage\":\"fr-FR\",\"potentialAction\":[{\"@type\":\"ReadAction\",\"target\":[\"https:\/\/norbec.com\/fr\/demandez-une-soumission\/\"]}]},{\"@type\":\"ImageObject\",\"inLanguage\":\"fr-FR\",\"@id\":\"https:\/\/norbec.com\/fr\/demandez-une-soumission\/#primaryimage\",\"url\":\"https:\/\/norbec.com\/wp-content\/uploads\/2022\/07\/AdobeStock_488529472-scaled.jpeg\",\"contentUrl\":\"https:\/\/norbec.com\/wp-content\/uploads\/2022\/07\/AdobeStock_488529472-scaled.jpeg\",\"width\":2560,\"height\":1707,\"caption\":\"Business people are meeting for analysis data figures to plan business strategies. Business discussing concept,\"},{\"@type\":\"BreadcrumbList\",\"@id\":\"https:\/\/norbec.com\/fr\/demandez-une-soumission\/#breadcrumb\",\"itemListElement\":[{\"@type\":\"ListItem\",\"position\":1,\"name\":\"Home\",\"item\":\"https:\/\/norbec.com\/fr\/\"},{\"@type\":\"ListItem\",\"position\":2,\"name\":\"Demandez une soumission\"}]},{\"@type\":\"WebSite\",\"@id\":\"https:\/\/norbec.com\/#website\",\"url\":\"https:\/\/norbec.com\/\",\"name\":\"Norbec\",\"description\":\"Norbec\",\"publisher\":{\"@id\":\"https:\/\/norbec.com\/#organization\"},\"potentialAction\":[{\"@type\":\"SearchAction\",\"target\":{\"@type\":\"EntryPoint\",\"urlTemplate\":\"https:\/\/norbec.com\/?s={search_term_string}\"},\"query-input\":{\"@type\":\"PropertyValueSpecification\",\"valueRequired\":true,\"valueName\":\"search_term_string\"}}],\"inLanguage\":\"fr-FR\"},{\"@type\":\"Organization\",\"@id\":\"https:\/\/norbec.com\/#organization\",\"name\":\"Norbec\",\"url\":\"https:\/\/norbec.com\/\",\"logo\":{\"@type\":\"ImageObject\",\"inLanguage\":\"fr-FR\",\"@id\":\"https:\/\/norbec.com\/#\/schema\/logo\/image\/\",\"url\":\"https:\/\/norbec.com\/wp-content\/uploads\/2018\/03\/logo-norbec.png\",\"contentUrl\":\"https:\/\/norbec.com\/wp-content\/uploads\/2018\/03\/logo-norbec.png\",\"width\":300,\"height\":65,\"caption\":\"Norbec\"},\"image\":{\"@id\":\"https:\/\/norbec.com\/#\/schema\/logo\/image\/\"}}]}<\/script>\n<!-- \/ Yoast SEO plugin. -->","yoast_head_json":{"title":"Demandez une soumission - Norbec","description":"Notre \u00e9quipe d'experts d\u00e9vou\u00e9s fournit tout le soutien n\u00e9cessaire pour donner vie \u00e0 votre projet. Demandez une soumission d\u00e8s maintenant.","robots":{"index":"index","follow":"follow","max-snippet":"max-snippet:-1","max-image-preview":"max-image-preview:large","max-video-preview":"max-video-preview:-1"},"canonical":"https:\/\/norbec.com\/fr\/demandez-une-soumission\/","og_locale":"fr_FR","og_type":"article","og_title":"Demandez une soumission - Norbec","og_description":"Notre \u00e9quipe d'experts d\u00e9vou\u00e9s fournit tout le soutien n\u00e9cessaire pour donner vie \u00e0 votre projet. Demandez une soumission d\u00e8s maintenant.","og_url":"https:\/\/norbec.com\/fr\/demandez-une-soumission\/","og_site_name":"Norbec","article_modified_time":"2023-06-28T20:31:58+00:00","og_image":[{"width":2560,"height":1707,"url":"https:\/\/norbec.com\/wp-content\/uploads\/2022\/07\/AdobeStock_488529472-scaled.jpeg","type":"image\/jpeg"}],"twitter_card":"summary_large_image","schema":{"@context":"https:\/\/schema.org","@graph":[{"@type":"WebPage","@id":"https:\/\/norbec.com\/fr\/demandez-une-soumission\/","url":"https:\/\/norbec.com\/fr\/demandez-une-soumission\/","name":"Demandez une soumission - Norbec","isPartOf":{"@id":"https:\/\/norbec.com\/#website"},"primaryImageOfPage":{"@id":"https:\/\/norbec.com\/fr\/demandez-une-soumission\/#primaryimage"},"image":{"@id":"https:\/\/norbec.com\/fr\/demandez-une-soumission\/#primaryimage"},"thumbnailUrl":"https:\/\/norbec.com\/wp-content\/uploads\/2022\/07\/AdobeStock_488529472-scaled.jpeg","datePublished":"2018-03-29T12:50:56+00:00","dateModified":"2023-06-28T20:31:58+00:00","description":"Notre \u00e9quipe d'experts d\u00e9vou\u00e9s fournit tout le soutien n\u00e9cessaire pour donner vie \u00e0 votre projet. Demandez une soumission d\u00e8s maintenant.","breadcrumb":{"@id":"https:\/\/norbec.com\/fr\/demandez-une-soumission\/#breadcrumb"},"inLanguage":"fr-FR","potentialAction":[{"@type":"ReadAction","target":["https:\/\/norbec.com\/fr\/demandez-une-soumission\/"]}]},{"@type":"ImageObject","inLanguage":"fr-FR","@id":"https:\/\/norbec.com\/fr\/demandez-une-soumission\/#primaryimage","url":"https:\/\/norbec.com\/wp-content\/uploads\/2022\/07\/AdobeStock_488529472-scaled.jpeg","contentUrl":"https:\/\/norbec.com\/wp-content\/uploads\/2022\/07\/AdobeStock_488529472-scaled.jpeg","width":2560,"height":1707,"caption":"Business people are meeting for analysis data figures to plan business strategies. Business discussing concept,"},{"@type":"BreadcrumbList","@id":"https:\/\/norbec.com\/fr\/demandez-une-soumission\/#breadcrumb","itemListElement":[{"@type":"ListItem","position":1,"name":"Home","item":"https:\/\/norbec.com\/fr\/"},{"@type":"ListItem","position":2,"name":"Demandez une soumission"}]},{"@type":"WebSite","@id":"https:\/\/norbec.com\/#website","url":"https:\/\/norbec.com\/","name":"Norbec","description":"Norbec","publisher":{"@id":"https:\/\/norbec.com\/#organization"},"potentialAction":[{"@type":"SearchAction","target":{"@type":"EntryPoint","urlTemplate":"https:\/\/norbec.com\/?s={search_term_string}"},"query-input":{"@type":"PropertyValueSpecification","valueRequired":true,"valueName":"search_term_string"}}],"inLanguage":"fr-FR"},{"@type":"Organization","@id":"https:\/\/norbec.com\/#organization","name":"Norbec","url":"https:\/\/norbec.com\/","logo":{"@type":"ImageObject","inLanguage":"fr-FR","@id":"https:\/\/norbec.com\/#\/schema\/logo\/image\/","url":"https:\/\/norbec.com\/wp-content\/uploads\/2018\/03\/logo-norbec.png","contentUrl":"https:\/\/norbec.com\/wp-content\/uploads\/2018\/03\/logo-norbec.png","width":300,"height":65,"caption":"Norbec"},"image":{"@id":"https:\/\/norbec.com\/#\/schema\/logo\/image\/"}}]}},"_links":{"self":[{"href":"https:\/\/norbec.com\/fr\/wp-json\/wp\/v2\/pages\/3677","targetHints":{"allow":["GET"]}}],"collection":[{"href":"https:\/\/norbec.com\/fr\/wp-json\/wp\/v2\/pages"}],"about":[{"href":"https:\/\/norbec.com\/fr\/wp-json\/wp\/v2\/types\/page"}],"author":[{"embeddable":true,"href":"https:\/\/norbec.com\/fr\/wp-json\/wp\/v2\/users\/1"}],"replies":[{"embeddable":true,"href":"https:\/\/norbec.com\/fr\/wp-json\/wp\/v2\/comments?post=3677"}],"version-history":[{"count":18,"href":"https:\/\/norbec.com\/fr\/wp-json\/wp\/v2\/pages\/3677\/revisions"}],"predecessor-version":[{"id":20830,"href":"https:\/\/norbec.com\/fr\/wp-json\/wp\/v2\/pages\/3677\/revisions\/20830"}],"wp:featuredmedia":[{"embeddable":true,"href":"https:\/\/norbec.com\/fr\/wp-json\/wp\/v2\/media\/18507"}],"wp:attachment":[{"href":"https:\/\/norbec.com\/fr\/wp-json\/wp\/v2\/media?parent=3677"}],"curies":[{"name":"wp","href":"https:\/\/api.w.org\/{rel}","templated":true}]}}