{"id":3704,"date":"2018-04-06T13:02:36","date_gmt":"2018-04-06T13:02:36","guid":{"rendered":"https:\/\/norbec.com\/need-information\/"},"modified":"2024-09-04T08:55:32","modified_gmt":"2024-09-04T12:55:32","slug":"besoin-information-2","status":"publish","type":"page","link":"https:\/\/norbec.com\/fr\/besoin-information-2\/","title":{"rendered":"Besoin d\u2019information?"},"content":{"rendered":"","protected":false},"excerpt":{"rendered":"","protected":false},"author":1,"featured_media":3255,"parent":0,"menu_order":0,"comment_status":"closed","ping_status":"closed","template":"page-templates\/page-third_two-third.php","meta":{"_acf_changed":false,"content-type":"","_monsterinsights_skip_tracking":false,"_monsterinsights_sitenote_active":false,"_monsterinsights_sitenote_note":"","_monsterinsights_sitenote_category":0,"footnotes":""},"class_list":["post-3704","page","type-page","status-publish","has-post-thumbnail","hentry"],"acf":[],"yoast_head":"<!-- This site is optimized with the Yoast SEO plugin v24.8.1 - https:\/\/yoast.com\/wordpress\/plugins\/seo\/ -->\n<title>Besoin d\u2019information? - Norbec<\/title>\n<meta name=\"description\" content=\"Norbec s\u2019engage \u00e0 vous livrer un produit de haute qualit\u00e9 adapt\u00e9 \u00e0 vos besoins, \u00e0 respecter les d\u00e9lais de livraison convenus et vous offrir une assistance technique in\u00e9gal\u00e9e. Notre \u00e9quipe d&#039;experts est disponible pour r\u00e9pondre \u00e0 vos questions, vous fournir plus d&#039;information et participer \u00e0 la r\u00e9ussite de vos projets.\" \/>\n<meta name=\"robots\" content=\"index, follow, max-snippet:-1, max-image-preview:large, max-video-preview:-1\" \/>\n<link rel=\"canonical\" href=\"https:\/\/norbec.com\/fr\/besoin-information-2\/\" \/>\n<meta property=\"og:locale\" content=\"fr_FR\" \/>\n<meta property=\"og:type\" content=\"article\" \/>\n<meta property=\"og:title\" content=\"Besoin d\u2019information? - Norbec\" \/>\n<meta property=\"og:description\" content=\"Norbec s\u2019engage \u00e0 vous livrer un produit de haute qualit\u00e9 adapt\u00e9 \u00e0 vos besoins, \u00e0 respecter les d\u00e9lais de livraison convenus et vous offrir une assistance technique in\u00e9gal\u00e9e. Notre \u00e9quipe d&#039;experts est disponible pour r\u00e9pondre \u00e0 vos questions, vous fournir plus d&#039;information et participer \u00e0 la r\u00e9ussite de vos projets.\" \/>\n<meta property=\"og:url\" content=\"https:\/\/norbec.com\/fr\/besoin-information-2\/\" \/>\n<meta property=\"og:site_name\" content=\"Norbec\" \/>\n<meta property=\"article:modified_time\" content=\"2024-09-04T12:55:32+00:00\" \/>\n<meta property=\"og:image\" content=\"https:\/\/norbec.com\/wp-content\/uploads\/2018\/04\/norbec-support.jpg\" \/>\n\t<meta property=\"og:image:width\" content=\"1700\" \/>\n\t<meta property=\"og:image:height\" content=\"500\" \/>\n\t<meta property=\"og:image:type\" content=\"image\/jpeg\" \/>\n<meta name=\"twitter:card\" content=\"summary_large_image\" \/>\n<meta name=\"twitter:label1\" content=\"Dur\u00e9e de lecture estim\u00e9e\" \/>\n\t<meta name=\"twitter:data1\" content=\"2 minutes\" \/>\n<script type=\"application\/ld+json\" class=\"yoast-schema-graph\">{\"@context\":\"https:\/\/schema.org\",\"@graph\":[{\"@type\":\"WebPage\",\"@id\":\"https:\/\/norbec.com\/fr\/besoin-information-2\/\",\"url\":\"https:\/\/norbec.com\/fr\/besoin-information-2\/\",\"name\":\"Besoin d\u2019information? - Norbec\",\"isPartOf\":{\"@id\":\"https:\/\/norbec.com\/#website\"},\"primaryImageOfPage\":{\"@id\":\"https:\/\/norbec.com\/fr\/besoin-information-2\/#primaryimage\"},\"image\":{\"@id\":\"https:\/\/norbec.com\/fr\/besoin-information-2\/#primaryimage\"},\"thumbnailUrl\":\"https:\/\/norbec.com\/wp-content\/uploads\/2018\/04\/norbec-support.jpg\",\"datePublished\":\"2018-04-06T13:02:36+00:00\",\"dateModified\":\"2024-09-04T12:55:32+00:00\",\"description\":\"Norbec s\u2019engage \u00e0 vous livrer un produit de haute qualit\u00e9 adapt\u00e9 \u00e0 vos besoins, \u00e0 respecter les d\u00e9lais de livraison convenus et vous offrir une assistance technique in\u00e9gal\u00e9e. Notre \u00e9quipe d'experts est disponible pour r\u00e9pondre \u00e0 vos questions, vous fournir plus d'information et participer \u00e0 la r\u00e9ussite de vos projets.\",\"breadcrumb\":{\"@id\":\"https:\/\/norbec.com\/fr\/besoin-information-2\/#breadcrumb\"},\"inLanguage\":\"fr-FR\",\"potentialAction\":[{\"@type\":\"ReadAction\",\"target\":[\"https:\/\/norbec.com\/fr\/besoin-information-2\/\"]}]},{\"@type\":\"ImageObject\",\"inLanguage\":\"fr-FR\",\"@id\":\"https:\/\/norbec.com\/fr\/besoin-information-2\/#primaryimage\",\"url\":\"https:\/\/norbec.com\/wp-content\/uploads\/2018\/04\/norbec-support.jpg\",\"contentUrl\":\"https:\/\/norbec.com\/wp-content\/uploads\/2018\/04\/norbec-support.jpg\",\"width\":1700,\"height\":500},{\"@type\":\"BreadcrumbList\",\"@id\":\"https:\/\/norbec.com\/fr\/besoin-information-2\/#breadcrumb\",\"itemListElement\":[{\"@type\":\"ListItem\",\"position\":1,\"name\":\"Home\",\"item\":\"https:\/\/norbec.com\/fr\/\"},{\"@type\":\"ListItem\",\"position\":2,\"name\":\"Besoin d\u2019information?\"}]},{\"@type\":\"WebSite\",\"@id\":\"https:\/\/norbec.com\/#website\",\"url\":\"https:\/\/norbec.com\/\",\"name\":\"Norbec\",\"description\":\"Norbec\",\"publisher\":{\"@id\":\"https:\/\/norbec.com\/#organization\"},\"potentialAction\":[{\"@type\":\"SearchAction\",\"target\":{\"@type\":\"EntryPoint\",\"urlTemplate\":\"https:\/\/norbec.com\/?s={search_term_string}\"},\"query-input\":{\"@type\":\"PropertyValueSpecification\",\"valueRequired\":true,\"valueName\":\"search_term_string\"}}],\"inLanguage\":\"fr-FR\"},{\"@type\":\"Organization\",\"@id\":\"https:\/\/norbec.com\/#organization\",\"name\":\"Norbec\",\"url\":\"https:\/\/norbec.com\/\",\"logo\":{\"@type\":\"ImageObject\",\"inLanguage\":\"fr-FR\",\"@id\":\"https:\/\/norbec.com\/#\/schema\/logo\/image\/\",\"url\":\"https:\/\/norbec.com\/wp-content\/uploads\/2018\/03\/logo-norbec.png\",\"contentUrl\":\"https:\/\/norbec.com\/wp-content\/uploads\/2018\/03\/logo-norbec.png\",\"width\":300,\"height\":65,\"caption\":\"Norbec\"},\"image\":{\"@id\":\"https:\/\/norbec.com\/#\/schema\/logo\/image\/\"}}]}<\/script>\n<!-- \/ Yoast SEO plugin. -->","yoast_head_json":{"title":"Besoin d\u2019information? - Norbec","description":"Norbec s\u2019engage \u00e0 vous livrer un produit de haute qualit\u00e9 adapt\u00e9 \u00e0 vos besoins, \u00e0 respecter les d\u00e9lais de livraison convenus et vous offrir une assistance technique in\u00e9gal\u00e9e. Notre \u00e9quipe d'experts est disponible pour r\u00e9pondre \u00e0 vos questions, vous fournir plus d'information et participer \u00e0 la r\u00e9ussite de vos projets.","robots":{"index":"index","follow":"follow","max-snippet":"max-snippet:-1","max-image-preview":"max-image-preview:large","max-video-preview":"max-video-preview:-1"},"canonical":"https:\/\/norbec.com\/fr\/besoin-information-2\/","og_locale":"fr_FR","og_type":"article","og_title":"Besoin d\u2019information? - Norbec","og_description":"Norbec s\u2019engage \u00e0 vous livrer un produit de haute qualit\u00e9 adapt\u00e9 \u00e0 vos besoins, \u00e0 respecter les d\u00e9lais de livraison convenus et vous offrir une assistance technique in\u00e9gal\u00e9e. Notre \u00e9quipe d'experts est disponible pour r\u00e9pondre \u00e0 vos questions, vous fournir plus d'information et participer \u00e0 la r\u00e9ussite de vos projets.","og_url":"https:\/\/norbec.com\/fr\/besoin-information-2\/","og_site_name":"Norbec","article_modified_time":"2024-09-04T12:55:32+00:00","og_image":[{"width":1700,"height":500,"url":"https:\/\/norbec.com\/wp-content\/uploads\/2018\/04\/norbec-support.jpg","type":"image\/jpeg"}],"twitter_card":"summary_large_image","twitter_misc":{"Dur\u00e9e de lecture estim\u00e9e":"2 minutes"},"schema":{"@context":"https:\/\/schema.org","@graph":[{"@type":"WebPage","@id":"https:\/\/norbec.com\/fr\/besoin-information-2\/","url":"https:\/\/norbec.com\/fr\/besoin-information-2\/","name":"Besoin d\u2019information? - Norbec","isPartOf":{"@id":"https:\/\/norbec.com\/#website"},"primaryImageOfPage":{"@id":"https:\/\/norbec.com\/fr\/besoin-information-2\/#primaryimage"},"image":{"@id":"https:\/\/norbec.com\/fr\/besoin-information-2\/#primaryimage"},"thumbnailUrl":"https:\/\/norbec.com\/wp-content\/uploads\/2018\/04\/norbec-support.jpg","datePublished":"2018-04-06T13:02:36+00:00","dateModified":"2024-09-04T12:55:32+00:00","description":"Norbec s\u2019engage \u00e0 vous livrer un produit de haute qualit\u00e9 adapt\u00e9 \u00e0 vos besoins, \u00e0 respecter les d\u00e9lais de livraison convenus et vous offrir une assistance technique in\u00e9gal\u00e9e. Notre \u00e9quipe d'experts est disponible pour r\u00e9pondre \u00e0 vos questions, vous fournir plus d'information et participer \u00e0 la r\u00e9ussite de vos projets.","breadcrumb":{"@id":"https:\/\/norbec.com\/fr\/besoin-information-2\/#breadcrumb"},"inLanguage":"fr-FR","potentialAction":[{"@type":"ReadAction","target":["https:\/\/norbec.com\/fr\/besoin-information-2\/"]}]},{"@type":"ImageObject","inLanguage":"fr-FR","@id":"https:\/\/norbec.com\/fr\/besoin-information-2\/#primaryimage","url":"https:\/\/norbec.com\/wp-content\/uploads\/2018\/04\/norbec-support.jpg","contentUrl":"https:\/\/norbec.com\/wp-content\/uploads\/2018\/04\/norbec-support.jpg","width":1700,"height":500},{"@type":"BreadcrumbList","@id":"https:\/\/norbec.com\/fr\/besoin-information-2\/#breadcrumb","itemListElement":[{"@type":"ListItem","position":1,"name":"Home","item":"https:\/\/norbec.com\/fr\/"},{"@type":"ListItem","position":2,"name":"Besoin d\u2019information?"}]},{"@type":"WebSite","@id":"https:\/\/norbec.com\/#website","url":"https:\/\/norbec.com\/","name":"Norbec","description":"Norbec","publisher":{"@id":"https:\/\/norbec.com\/#organization"},"potentialAction":[{"@type":"SearchAction","target":{"@type":"EntryPoint","urlTemplate":"https:\/\/norbec.com\/?s={search_term_string}"},"query-input":{"@type":"PropertyValueSpecification","valueRequired":true,"valueName":"search_term_string"}}],"inLanguage":"fr-FR"},{"@type":"Organization","@id":"https:\/\/norbec.com\/#organization","name":"Norbec","url":"https:\/\/norbec.com\/","logo":{"@type":"ImageObject","inLanguage":"fr-FR","@id":"https:\/\/norbec.com\/#\/schema\/logo\/image\/","url":"https:\/\/norbec.com\/wp-content\/uploads\/2018\/03\/logo-norbec.png","contentUrl":"https:\/\/norbec.com\/wp-content\/uploads\/2018\/03\/logo-norbec.png","width":300,"height":65,"caption":"Norbec"},"image":{"@id":"https:\/\/norbec.com\/#\/schema\/logo\/image\/"}}]}},"_links":{"self":[{"href":"https:\/\/norbec.com\/fr\/wp-json\/wp\/v2\/pages\/3704","targetHints":{"allow":["GET"]}}],"collection":[{"href":"https:\/\/norbec.com\/fr\/wp-json\/wp\/v2\/pages"}],"about":[{"href":"https:\/\/norbec.com\/fr\/wp-json\/wp\/v2\/types\/page"}],"author":[{"embeddable":true,"href":"https:\/\/norbec.com\/fr\/wp-json\/wp\/v2\/users\/1"}],"replies":[{"embeddable":true,"href":"https:\/\/norbec.com\/fr\/wp-json\/wp\/v2\/comments?post=3704"}],"version-history":[{"count":15,"href":"https:\/\/norbec.com\/fr\/wp-json\/wp\/v2\/pages\/3704\/revisions"}],"predecessor-version":[{"id":24486,"href":"https:\/\/norbec.com\/fr\/wp-json\/wp\/v2\/pages\/3704\/revisions\/24486"}],"wp:featuredmedia":[{"embeddable":true,"href":"https:\/\/norbec.com\/fr\/wp-json\/wp\/v2\/media\/3255"}],"wp:attachment":[{"href":"https:\/\/norbec.com\/fr\/wp-json\/wp\/v2\/media?parent=3704"}],"curies":[{"name":"wp","href":"https:\/\/api.w.org\/{rel}","templated":true}]}}