{"id":3705,"date":"2018-03-28T14:41:37","date_gmt":"2018-03-28T14:41:37","guid":{"rendered":"https:\/\/norbec.com\/sales-team\/"},"modified":"2021-05-26T10:42:43","modified_gmt":"2021-05-26T14:42:43","slug":"discutez-avec-representant-2","status":"publish","type":"page","link":"https:\/\/norbec.com\/fr\/discutez-avec-representant-2\/","title":{"rendered":"Discutez avec un repr\u00e9sentant"},"content":{"rendered":"<h2><span class=\"s1\">Notre engagement va au-del\u00e0 de la fabrication.<br \/><\/span><span class=\"s1\">Notre objectif est d\u2019assurer votre enti\u00e8re satisfaction et de faciliter la r\u00e9alisation de votre projet.<\/span><\/h2>\n<p>Vous souhaitez avoir plus d\u2019informations? Contactez notre \u00e9quipe de ventes aujourd\u2019hui et discutez avec l&rsquo;un de nos repr\u00e9sentant. Donnez vie \u00e0 votre projet avec une solution adapt\u00e9e \u00e0 vos besoins. Notre \u00e9quipe d&rsquo;experts qualifi\u00e9s se fera un plaisir de r\u00e9pondre \u00e0 toutes vos questions et \u00e0 fournir le meilleur service qui soit.<\/p>\n<p>\u00cates-vous h\u00e9sitant? Vous n&rsquo;avez qu&rsquo;\u00e0 consulter notre <a href=\"https:\/\/norbec.com\/fr\/galerie-de-projets\/\">galerie de projet<\/a> et voyez par vous-m\u00eames pourquoi nous sommes si fier de nos produits. Passez \u00e0 l&rsquo;action par la suite et discutez avec un repr\u00e9sentant d\u00e8s aujourd&rsquo;hui.<\/p>\n<p>Vous d\u00e9sirez remplir une soumission? Nous vous invitons \u00e0 remplir le <a href=\"https:\/\/norbec.com\/fr\/demandez-une-soumission\/\">formulaire de soumission<\/a> et il nous fera un plaisir de vous r\u00e9pondre dans les plus brefs d\u00e9lais.<\/p>\n<p>Consultez <a href=\"https:\/\/shop.norbec.com\/Magasin\/fr\/\">notre site de pi\u00e8ce<\/a> pour tout achat de pi\u00e8ces de rechanges sur les produits Norbec.<\/p>\n<p>Discuter avec un repr\u00e9sentant n&rsquo;aura jamais \u00e9t\u00e9 aussi facile. Vous n&rsquo;avez qu&rsquo;\u00e0 s\u00e9lectionner la r\u00e9gion o\u00f9 votre projet prendra vie et vous trouverai toutes les informations n\u00e9cessaire pour contacter la bonne personne dans cette r\u00e9gion. Ne vous inqui\u00e9tez pas, en cas d&rsquo;erreurs, nos sp\u00e9cialistes vous redirigerons vers les bonnes personnes.<\/p>\n\n\n<p><\/p>\n","protected":false},"excerpt":{"rendered":"<p>Notre engagement va au-del\u00e0 de la fabrication.Notre objectif est d\u2019assurer votre enti\u00e8re satisfaction et de faciliter la r\u00e9alisation de votre projet. Vous souhaitez avoir plus d\u2019informations? Contactez notre \u00e9quipe de [&hellip;]<\/p>\n","protected":false},"author":1,"featured_media":11404,"parent":0,"menu_order":0,"comment_status":"closed","ping_status":"closed","template":"page-templates\/page-team.php","meta":{"_acf_changed":false,"content-type":"","_monsterinsights_skip_tracking":false,"_monsterinsights_sitenote_active":false,"_monsterinsights_sitenote_note":"","_monsterinsights_sitenote_category":0,"footnotes":""},"class_list":["post-3705","page","type-page","status-publish","has-post-thumbnail","hentry"],"acf":[],"yoast_head":"<!-- This site is optimized with the Yoast SEO plugin v24.8.1 - https:\/\/yoast.com\/wordpress\/plugins\/seo\/ -->\n<title>Discutez avec un repr\u00e9sentant - Norbec<\/title>\n<meta name=\"description\" content=\"Discutez avec un repr\u00e9sentant pr\u00e8s de vous. Notre objectif est d\u2019assurer votre enti\u00e8re satisfaction dans la r\u00e9alisation de votre projet.\" \/>\n<meta name=\"robots\" content=\"index, follow, max-snippet:-1, max-image-preview:large, max-video-preview:-1\" \/>\n<link rel=\"canonical\" href=\"https:\/\/norbec.com\/fr\/discutez-avec-representant-2\/\" \/>\n<meta property=\"og:locale\" content=\"fr_FR\" \/>\n<meta property=\"og:type\" content=\"article\" \/>\n<meta property=\"og:title\" content=\"Discutez avec un repr\u00e9sentant - Norbec\" \/>\n<meta property=\"og:description\" content=\"Discutez avec un repr\u00e9sentant pr\u00e8s de vous. Notre objectif est d\u2019assurer votre enti\u00e8re satisfaction dans la r\u00e9alisation de votre projet.\" \/>\n<meta property=\"og:url\" content=\"https:\/\/norbec.com\/fr\/discutez-avec-representant-2\/\" \/>\n<meta property=\"og:site_name\" content=\"Norbec\" \/>\n<meta property=\"article:modified_time\" content=\"2021-05-26T14:42:43+00:00\" \/>\n<meta property=\"og:image\" content=\"https:\/\/norbec.com\/wp-content\/uploads\/2020\/01\/contact-sales-team.jpg\" \/>\n\t<meta property=\"og:image:width\" content=\"1700\" \/>\n\t<meta property=\"og:image:height\" content=\"500\" \/>\n\t<meta property=\"og:image:type\" content=\"image\/jpeg\" \/>\n<meta name=\"twitter:card\" content=\"summary_large_image\" \/>\n<meta name=\"twitter:label1\" content=\"Dur\u00e9e de lecture estim\u00e9e\" \/>\n\t<meta name=\"twitter:data1\" content=\"1 minute\" \/>\n<script type=\"application\/ld+json\" class=\"yoast-schema-graph\">{\"@context\":\"https:\/\/schema.org\",\"@graph\":[{\"@type\":\"WebPage\",\"@id\":\"https:\/\/norbec.com\/fr\/discutez-avec-representant-2\/\",\"url\":\"https:\/\/norbec.com\/fr\/discutez-avec-representant-2\/\",\"name\":\"Discutez avec un repr\u00e9sentant - Norbec\",\"isPartOf\":{\"@id\":\"https:\/\/norbec.com\/#website\"},\"primaryImageOfPage\":{\"@id\":\"https:\/\/norbec.com\/fr\/discutez-avec-representant-2\/#primaryimage\"},\"image\":{\"@id\":\"https:\/\/norbec.com\/fr\/discutez-avec-representant-2\/#primaryimage\"},\"thumbnailUrl\":\"https:\/\/norbec.com\/wp-content\/uploads\/2020\/01\/contact-sales-team.jpg\",\"datePublished\":\"2018-03-28T14:41:37+00:00\",\"dateModified\":\"2021-05-26T14:42:43+00:00\",\"description\":\"Discutez avec un repr\u00e9sentant pr\u00e8s de vous. Notre objectif est d\u2019assurer votre enti\u00e8re satisfaction dans la r\u00e9alisation de votre projet.\",\"breadcrumb\":{\"@id\":\"https:\/\/norbec.com\/fr\/discutez-avec-representant-2\/#breadcrumb\"},\"inLanguage\":\"fr-FR\",\"potentialAction\":[{\"@type\":\"ReadAction\",\"target\":[\"https:\/\/norbec.com\/fr\/discutez-avec-representant-2\/\"]}]},{\"@type\":\"ImageObject\",\"inLanguage\":\"fr-FR\",\"@id\":\"https:\/\/norbec.com\/fr\/discutez-avec-representant-2\/#primaryimage\",\"url\":\"https:\/\/norbec.com\/wp-content\/uploads\/2020\/01\/contact-sales-team.jpg\",\"contentUrl\":\"https:\/\/norbec.com\/wp-content\/uploads\/2020\/01\/contact-sales-team.jpg\",\"width\":1700,\"height\":500},{\"@type\":\"BreadcrumbList\",\"@id\":\"https:\/\/norbec.com\/fr\/discutez-avec-representant-2\/#breadcrumb\",\"itemListElement\":[{\"@type\":\"ListItem\",\"position\":1,\"name\":\"Home\",\"item\":\"https:\/\/norbec.com\/fr\/\"},{\"@type\":\"ListItem\",\"position\":2,\"name\":\"Discutez avec un repr\u00e9sentant\"}]},{\"@type\":\"WebSite\",\"@id\":\"https:\/\/norbec.com\/#website\",\"url\":\"https:\/\/norbec.com\/\",\"name\":\"Norbec\",\"description\":\"Norbec\",\"publisher\":{\"@id\":\"https:\/\/norbec.com\/#organization\"},\"potentialAction\":[{\"@type\":\"SearchAction\",\"target\":{\"@type\":\"EntryPoint\",\"urlTemplate\":\"https:\/\/norbec.com\/?s={search_term_string}\"},\"query-input\":{\"@type\":\"PropertyValueSpecification\",\"valueRequired\":true,\"valueName\":\"search_term_string\"}}],\"inLanguage\":\"fr-FR\"},{\"@type\":\"Organization\",\"@id\":\"https:\/\/norbec.com\/#organization\",\"name\":\"Norbec\",\"url\":\"https:\/\/norbec.com\/\",\"logo\":{\"@type\":\"ImageObject\",\"inLanguage\":\"fr-FR\",\"@id\":\"https:\/\/norbec.com\/#\/schema\/logo\/image\/\",\"url\":\"https:\/\/norbec.com\/wp-content\/uploads\/2018\/03\/logo-norbec.png\",\"contentUrl\":\"https:\/\/norbec.com\/wp-content\/uploads\/2018\/03\/logo-norbec.png\",\"width\":300,\"height\":65,\"caption\":\"Norbec\"},\"image\":{\"@id\":\"https:\/\/norbec.com\/#\/schema\/logo\/image\/\"}}]}<\/script>\n<!-- \/ Yoast SEO plugin. -->","yoast_head_json":{"title":"Discutez avec un repr\u00e9sentant - Norbec","description":"Discutez avec un repr\u00e9sentant pr\u00e8s de vous. Notre objectif est d\u2019assurer votre enti\u00e8re satisfaction dans la r\u00e9alisation de votre projet.","robots":{"index":"index","follow":"follow","max-snippet":"max-snippet:-1","max-image-preview":"max-image-preview:large","max-video-preview":"max-video-preview:-1"},"canonical":"https:\/\/norbec.com\/fr\/discutez-avec-representant-2\/","og_locale":"fr_FR","og_type":"article","og_title":"Discutez avec un repr\u00e9sentant - Norbec","og_description":"Discutez avec un repr\u00e9sentant pr\u00e8s de vous. Notre objectif est d\u2019assurer votre enti\u00e8re satisfaction dans la r\u00e9alisation de votre projet.","og_url":"https:\/\/norbec.com\/fr\/discutez-avec-representant-2\/","og_site_name":"Norbec","article_modified_time":"2021-05-26T14:42:43+00:00","og_image":[{"width":1700,"height":500,"url":"https:\/\/norbec.com\/wp-content\/uploads\/2020\/01\/contact-sales-team.jpg","type":"image\/jpeg"}],"twitter_card":"summary_large_image","twitter_misc":{"Dur\u00e9e de lecture estim\u00e9e":"1 minute"},"schema":{"@context":"https:\/\/schema.org","@graph":[{"@type":"WebPage","@id":"https:\/\/norbec.com\/fr\/discutez-avec-representant-2\/","url":"https:\/\/norbec.com\/fr\/discutez-avec-representant-2\/","name":"Discutez avec un repr\u00e9sentant - Norbec","isPartOf":{"@id":"https:\/\/norbec.com\/#website"},"primaryImageOfPage":{"@id":"https:\/\/norbec.com\/fr\/discutez-avec-representant-2\/#primaryimage"},"image":{"@id":"https:\/\/norbec.com\/fr\/discutez-avec-representant-2\/#primaryimage"},"thumbnailUrl":"https:\/\/norbec.com\/wp-content\/uploads\/2020\/01\/contact-sales-team.jpg","datePublished":"2018-03-28T14:41:37+00:00","dateModified":"2021-05-26T14:42:43+00:00","description":"Discutez avec un repr\u00e9sentant pr\u00e8s de vous. Notre objectif est d\u2019assurer votre enti\u00e8re satisfaction dans la r\u00e9alisation de votre projet.","breadcrumb":{"@id":"https:\/\/norbec.com\/fr\/discutez-avec-representant-2\/#breadcrumb"},"inLanguage":"fr-FR","potentialAction":[{"@type":"ReadAction","target":["https:\/\/norbec.com\/fr\/discutez-avec-representant-2\/"]}]},{"@type":"ImageObject","inLanguage":"fr-FR","@id":"https:\/\/norbec.com\/fr\/discutez-avec-representant-2\/#primaryimage","url":"https:\/\/norbec.com\/wp-content\/uploads\/2020\/01\/contact-sales-team.jpg","contentUrl":"https:\/\/norbec.com\/wp-content\/uploads\/2020\/01\/contact-sales-team.jpg","width":1700,"height":500},{"@type":"BreadcrumbList","@id":"https:\/\/norbec.com\/fr\/discutez-avec-representant-2\/#breadcrumb","itemListElement":[{"@type":"ListItem","position":1,"name":"Home","item":"https:\/\/norbec.com\/fr\/"},{"@type":"ListItem","position":2,"name":"Discutez avec un repr\u00e9sentant"}]},{"@type":"WebSite","@id":"https:\/\/norbec.com\/#website","url":"https:\/\/norbec.com\/","name":"Norbec","description":"Norbec","publisher":{"@id":"https:\/\/norbec.com\/#organization"},"potentialAction":[{"@type":"SearchAction","target":{"@type":"EntryPoint","urlTemplate":"https:\/\/norbec.com\/?s={search_term_string}"},"query-input":{"@type":"PropertyValueSpecification","valueRequired":true,"valueName":"search_term_string"}}],"inLanguage":"fr-FR"},{"@type":"Organization","@id":"https:\/\/norbec.com\/#organization","name":"Norbec","url":"https:\/\/norbec.com\/","logo":{"@type":"ImageObject","inLanguage":"fr-FR","@id":"https:\/\/norbec.com\/#\/schema\/logo\/image\/","url":"https:\/\/norbec.com\/wp-content\/uploads\/2018\/03\/logo-norbec.png","contentUrl":"https:\/\/norbec.com\/wp-content\/uploads\/2018\/03\/logo-norbec.png","width":300,"height":65,"caption":"Norbec"},"image":{"@id":"https:\/\/norbec.com\/#\/schema\/logo\/image\/"}}]}},"_links":{"self":[{"href":"https:\/\/norbec.com\/fr\/wp-json\/wp\/v2\/pages\/3705","targetHints":{"allow":["GET"]}}],"collection":[{"href":"https:\/\/norbec.com\/fr\/wp-json\/wp\/v2\/pages"}],"about":[{"href":"https:\/\/norbec.com\/fr\/wp-json\/wp\/v2\/types\/page"}],"author":[{"embeddable":true,"href":"https:\/\/norbec.com\/fr\/wp-json\/wp\/v2\/users\/1"}],"replies":[{"embeddable":true,"href":"https:\/\/norbec.com\/fr\/wp-json\/wp\/v2\/comments?post=3705"}],"version-history":[{"count":5,"href":"https:\/\/norbec.com\/fr\/wp-json\/wp\/v2\/pages\/3705\/revisions"}],"predecessor-version":[{"id":16282,"href":"https:\/\/norbec.com\/fr\/wp-json\/wp\/v2\/pages\/3705\/revisions\/16282"}],"wp:featuredmedia":[{"embeddable":true,"href":"https:\/\/norbec.com\/fr\/wp-json\/wp\/v2\/media\/11404"}],"wp:attachment":[{"href":"https:\/\/norbec.com\/fr\/wp-json\/wp\/v2\/media?parent=3705"}],"curies":[{"name":"wp","href":"https:\/\/api.w.org\/{rel}","templated":true}]}}