{"id":20823,"date":"2023-07-05T12:01:57","date_gmt":"2023-07-05T16:01:57","guid":{"rendered":"https:\/\/norbec.com\/?post_type=product&#038;p=20823"},"modified":"2025-09-25T09:42:34","modified_gmt":"2025-09-25T13:42:34","slug":"elements-architecturaux-ailerons","status":"publish","type":"product","link":"https:\/\/norbec.com\/fr\/produit\/elements-architecturaux-ailerons\/","title":{"rendered":"\u00c9l\u00e9ments Architecturaux | AILERONS"},"content":{"rendered":"<h2><span data-contrast=\"auto\">\u00c9L\u00c9MENTS ARCHITECTURAUX | AILERONS<\/span><span data-ccp-props=\"{&quot;201341983&quot;:0,&quot;335559739&quot;:160,&quot;335559740&quot;:259}\">&nbsp;<\/span><\/h2>\n<p><span data-contrast=\"auto\">Dans un monde o\u00f9 la premi\u00e8re impression compte plus que jamais, les \u00e9l\u00e9ments architecturaux | ailerons de Norbec offrent un m\u00e9lange frappant de forme et de fonction. Fabriqu\u00e9s avec pr\u00e9cision, les ailerons sont plus que de simples ajouts d\u00e9coratifs \u2013 ce sont des expressions architecturales qui donnent vie \u00e0 vos projets.<\/span><span data-ccp-props=\"{&quot;201341983&quot;:0,&quot;335559739&quot;:160,&quot;335559740&quot;:259}\">&nbsp;<\/span><\/p>\n<p><span data-contrast=\"auto\">TROIS MOD\u00c8LES, UN MONDE DE POSSIBILIT\u00c9S<\/span><span data-ccp-props=\"{&quot;201341983&quot;:0,&quot;335559739&quot;:160,&quot;335559740&quot;:259}\">&nbsp;<\/span><\/p>\n<p><span data-contrast=\"auto\">Les ailerons peuvent \u00eatre install\u00e9s dans n\u2019importe quelle orientation (verticale, horizontale et m\u00eame diagonale pour deux de nos trois mod\u00e8les), ce qui laisse libre cours \u00e0 votre imagination cr\u00e9ative.&nbsp;<\/span><span data-ccp-props=\"{&quot;201341983&quot;:0,&quot;335559739&quot;:160,&quot;335559740&quot;:259}\">&nbsp;<\/span><\/p>\n<p><span data-contrast=\"auto\">De plus, nos trois mod\u00e8les, soit le LIN\u00c9A, le FLEX et le VERSA, ont sp\u00e9cialement \u00e9t\u00e9 d\u00e9velopp\u00e9s pour vous permettre de concevoir un design marquant sur des surfaces traditionnellement lisses.&nbsp;<\/span><span data-ccp-props=\"{&quot;201341983&quot;:0,&quot;335559739&quot;:160,&quot;335559740&quot;:259}\">&nbsp;<\/span><\/p>\n<p><span data-contrast=\"auto\">CARACT\u00c9RISTIQUES&nbsp;<\/span><span data-ccp-props=\"{&quot;201341983&quot;:0,&quot;335559739&quot;:160,&quot;335559740&quot;:259}\">&nbsp;<\/span><\/p>\n<p><span data-contrast=\"auto\">LIN\u00c9A\u202f: installation aux entremises.<\/span><span data-ccp-props=\"{&quot;201341983&quot;:0,&quot;335551550&quot;:6,&quot;335551620&quot;:6,&quot;335559739&quot;:160,&quot;335559740&quot;:259}\">&nbsp;<\/span><\/p>\n<p><span data-contrast=\"auto\">FLEX et VERSA\u202f: installation en surface ou aux entremises. Possibilit\u00e9 de fermer le b\u00e2timent et d\u2019installer les ailerons par la suite.&nbsp;<\/span><span data-ccp-props=\"{&quot;201341983&quot;:0,&quot;335551550&quot;:6,&quot;335551620&quot;:6,&quot;335559739&quot;:160,&quot;335559740&quot;:259}\">&nbsp;<\/span><\/p>\n<p><span data-contrast=\"auto\">COMPATIBILIT\u00c9 <\/span><span data-ccp-props=\"{&quot;201341983&quot;:0,&quot;335551550&quot;:6,&quot;335551620&quot;:6,&quot;335559739&quot;:160,&quot;335559740&quot;:259}\">&nbsp;<\/span><\/p>\n<p><span data-contrast=\"auto\">LIN\u00c9A\u202f: NOREX-H&nbsp;<\/span><span data-ccp-props=\"{&quot;201341983&quot;:0,&quot;335551550&quot;:6,&quot;335551620&quot;:6,&quot;335559739&quot;:160,&quot;335559740&quot;:259}\">&nbsp;<\/span><\/p>\n<p><span data-contrast=\"auto\">FLEX\u202f: NOREX-H &amp; NOREX-L | NOROC aux entremises<\/span><span data-ccp-props=\"{&quot;201341983&quot;:0,&quot;335551550&quot;:6,&quot;335551620&quot;:6,&quot;335559739&quot;:160,&quot;335559740&quot;:259}\">&nbsp;<\/span><\/p>\n<p><span data-contrast=\"auto\">VERSA : NOREX-H &amp; NOREX-L | NOROC aux entremises<\/span><span data-ccp-props=\"{&quot;201341983&quot;:0,&quot;335551550&quot;:6,&quot;335551620&quot;:6,&quot;335559739&quot;:160,&quot;335559740&quot;:259}\">&nbsp;<\/span><\/p>\n\n\n<figure class=\"wp-block-image size-large\"><img loading=\"lazy\" decoding=\"async\" width=\"1000\" height=\"562\" src=\"https:\/\/norbec.com\/wp-content\/uploads\/2023\/09\/MicrosoftTeams-image-15-1000x562.png\" alt=\"\" class=\"wp-image-21328\" srcset=\"https:\/\/norbec.com\/wp-content\/uploads\/2023\/09\/MicrosoftTeams-image-15-1000x562.png 1000w, https:\/\/norbec.com\/wp-content\/uploads\/2023\/09\/MicrosoftTeams-image-15-350x197.png 350w, https:\/\/norbec.com\/wp-content\/uploads\/2023\/09\/MicrosoftTeams-image-15-150x84.png 150w, https:\/\/norbec.com\/wp-content\/uploads\/2023\/09\/MicrosoftTeams-image-15-768x432.png 768w, https:\/\/norbec.com\/wp-content\/uploads\/2023\/09\/MicrosoftTeams-image-15.png 1366w\" sizes=\"auto, (max-width: 1000px) 100vw, 1000px\" \/><\/figure>\n","protected":false},"excerpt":{"rendered":"<p>\u00c9L\u00c9MENTS ARCHITECTURAUX | AILERONS&nbsp; Dans un monde o\u00f9 la premi\u00e8re impression compte plus que jamais, les \u00e9l\u00e9ments architecturaux | ailerons de Norbec offrent un m\u00e9lange frappant de forme et de [&hellip;]<\/p>\n","protected":false},"author":25,"featured_media":21303,"menu_order":0,"comment_status":"open","ping_status":"open","template":"","format":"standard","meta":{"_acf_changed":false,"content-type":"","_monsterinsights_skip_tracking":false,"_monsterinsights_sitenote_active":false,"_monsterinsights_sitenote_note":"","_monsterinsights_sitenote_category":0,"footnotes":""},"product_types":[379,383],"class_list":["post-20823","product","type-product","status-publish","format-standard","has-post-thumbnail","hentry","product_types-norex-fr","product_types-panneaux-metalliques-isolants"],"acf":[],"yoast_head":"<!-- This site is optimized with the Yoast SEO plugin v24.8.1 - https:\/\/yoast.com\/wordpress\/plugins\/seo\/ -->\n<title>\u00c9l\u00e9ments Architecturaux | AILERONS - Norbec<\/title>\n<meta name=\"description\" content=\"Un design \u00e0 votre fa\u00e7on avec les \u00e9l\u00e9ments architecturaux de Norbec. R\u00e9alisez le potentiel de votre vision architecturale en d\u00e9couvrant nos trois mod\u00e8les d\u2019ailerons.\" \/>\n<meta name=\"robots\" content=\"index, follow, max-snippet:-1, max-image-preview:large, max-video-preview:-1\" \/>\n<link rel=\"canonical\" href=\"https:\/\/norbec.com\/fr\/produit\/elements-architecturaux-ailerons\/\" \/>\n<meta property=\"og:locale\" content=\"fr_FR\" \/>\n<meta property=\"og:type\" content=\"article\" \/>\n<meta property=\"og:title\" content=\"\u00c9l\u00e9ments Architecturaux | AILERONS - Norbec\" \/>\n<meta property=\"og:description\" content=\"Un design \u00e0 votre fa\u00e7on avec les \u00e9l\u00e9ments architecturaux de Norbec. R\u00e9alisez le potentiel de votre vision architecturale en d\u00e9couvrant nos trois mod\u00e8les d\u2019ailerons.\" \/>\n<meta property=\"og:url\" content=\"https:\/\/norbec.com\/fr\/produit\/elements-architecturaux-ailerons\/\" \/>\n<meta property=\"og:site_name\" content=\"Norbec\" \/>\n<meta property=\"article:modified_time\" content=\"2025-09-25T13:42:34+00:00\" \/>\n<meta property=\"og:image\" content=\"https:\/\/norbec.com\/wp-content\/uploads\/2023\/09\/Exterior08_04-1-scaled.jpg\" \/>\n\t<meta property=\"og:image:width\" content=\"2560\" \/>\n\t<meta property=\"og:image:height\" content=\"1662\" \/>\n\t<meta property=\"og:image:type\" content=\"image\/jpeg\" \/>\n<meta name=\"twitter:card\" content=\"summary_large_image\" \/>\n<meta name=\"twitter:label1\" content=\"Dur\u00e9e de lecture estim\u00e9e\" \/>\n\t<meta name=\"twitter:data1\" content=\"4 minutes\" \/>\n<script type=\"application\/ld+json\" class=\"yoast-schema-graph\">{\"@context\":\"https:\/\/schema.org\",\"@graph\":[{\"@type\":\"WebPage\",\"@id\":\"https:\/\/norbec.com\/fr\/produit\/elements-architecturaux-ailerons\/\",\"url\":\"https:\/\/norbec.com\/fr\/produit\/elements-architecturaux-ailerons\/\",\"name\":\"\u00c9l\u00e9ments Architecturaux | AILERONS - Norbec\",\"isPartOf\":{\"@id\":\"https:\/\/norbec.com\/#website\"},\"primaryImageOfPage\":{\"@id\":\"https:\/\/norbec.com\/fr\/produit\/elements-architecturaux-ailerons\/#primaryimage\"},\"image\":{\"@id\":\"https:\/\/norbec.com\/fr\/produit\/elements-architecturaux-ailerons\/#primaryimage\"},\"thumbnailUrl\":\"https:\/\/norbec.com\/wp-content\/uploads\/2023\/09\/Exterior08_04-1-scaled.jpg\",\"datePublished\":\"2023-07-05T16:01:57+00:00\",\"dateModified\":\"2025-09-25T13:42:34+00:00\",\"description\":\"Un design \u00e0 votre fa\u00e7on avec les \u00e9l\u00e9ments architecturaux de Norbec. R\u00e9alisez le potentiel de votre vision architecturale en d\u00e9couvrant nos trois mod\u00e8les d\u2019ailerons.\",\"breadcrumb\":{\"@id\":\"https:\/\/norbec.com\/fr\/produit\/elements-architecturaux-ailerons\/#breadcrumb\"},\"inLanguage\":\"fr-FR\",\"potentialAction\":[{\"@type\":\"ReadAction\",\"target\":[\"https:\/\/norbec.com\/fr\/produit\/elements-architecturaux-ailerons\/\"]}]},{\"@type\":\"ImageObject\",\"inLanguage\":\"fr-FR\",\"@id\":\"https:\/\/norbec.com\/fr\/produit\/elements-architecturaux-ailerons\/#primaryimage\",\"url\":\"https:\/\/norbec.com\/wp-content\/uploads\/2023\/09\/Exterior08_04-1-scaled.jpg\",\"contentUrl\":\"https:\/\/norbec.com\/wp-content\/uploads\/2023\/09\/Exterior08_04-1-scaled.jpg\",\"width\":2560,\"height\":1662},{\"@type\":\"BreadcrumbList\",\"@id\":\"https:\/\/norbec.com\/fr\/produit\/elements-architecturaux-ailerons\/#breadcrumb\",\"itemListElement\":[{\"@type\":\"ListItem\",\"position\":1,\"name\":\"Home\",\"item\":\"https:\/\/norbec.com\/fr\/\"},{\"@type\":\"ListItem\",\"position\":2,\"name\":\"\u00c9l\u00e9ments Architecturaux | AILERONS\"}]},{\"@type\":\"WebSite\",\"@id\":\"https:\/\/norbec.com\/#website\",\"url\":\"https:\/\/norbec.com\/\",\"name\":\"Norbec\",\"description\":\"Norbec\",\"publisher\":{\"@id\":\"https:\/\/norbec.com\/#organization\"},\"potentialAction\":[{\"@type\":\"SearchAction\",\"target\":{\"@type\":\"EntryPoint\",\"urlTemplate\":\"https:\/\/norbec.com\/?s={search_term_string}\"},\"query-input\":{\"@type\":\"PropertyValueSpecification\",\"valueRequired\":true,\"valueName\":\"search_term_string\"}}],\"inLanguage\":\"fr-FR\"},{\"@type\":\"Organization\",\"@id\":\"https:\/\/norbec.com\/#organization\",\"name\":\"Norbec\",\"url\":\"https:\/\/norbec.com\/\",\"logo\":{\"@type\":\"ImageObject\",\"inLanguage\":\"fr-FR\",\"@id\":\"https:\/\/norbec.com\/#\/schema\/logo\/image\/\",\"url\":\"https:\/\/norbec.com\/wp-content\/uploads\/2018\/03\/logo-norbec.png\",\"contentUrl\":\"https:\/\/norbec.com\/wp-content\/uploads\/2018\/03\/logo-norbec.png\",\"width\":300,\"height\":65,\"caption\":\"Norbec\"},\"image\":{\"@id\":\"https:\/\/norbec.com\/#\/schema\/logo\/image\/\"}}]}<\/script>\n<!-- \/ Yoast SEO plugin. -->","yoast_head_json":{"title":"\u00c9l\u00e9ments Architecturaux | AILERONS - Norbec","description":"Un design \u00e0 votre fa\u00e7on avec les \u00e9l\u00e9ments architecturaux de Norbec. R\u00e9alisez le potentiel de votre vision architecturale en d\u00e9couvrant nos trois mod\u00e8les d\u2019ailerons.","robots":{"index":"index","follow":"follow","max-snippet":"max-snippet:-1","max-image-preview":"max-image-preview:large","max-video-preview":"max-video-preview:-1"},"canonical":"https:\/\/norbec.com\/fr\/produit\/elements-architecturaux-ailerons\/","og_locale":"fr_FR","og_type":"article","og_title":"\u00c9l\u00e9ments Architecturaux | AILERONS - Norbec","og_description":"Un design \u00e0 votre fa\u00e7on avec les \u00e9l\u00e9ments architecturaux de Norbec. R\u00e9alisez le potentiel de votre vision architecturale en d\u00e9couvrant nos trois mod\u00e8les d\u2019ailerons.","og_url":"https:\/\/norbec.com\/fr\/produit\/elements-architecturaux-ailerons\/","og_site_name":"Norbec","article_modified_time":"2025-09-25T13:42:34+00:00","og_image":[{"width":2560,"height":1662,"url":"https:\/\/norbec.com\/wp-content\/uploads\/2023\/09\/Exterior08_04-1-scaled.jpg","type":"image\/jpeg"}],"twitter_card":"summary_large_image","twitter_misc":{"Dur\u00e9e de lecture estim\u00e9e":"4 minutes"},"schema":{"@context":"https:\/\/schema.org","@graph":[{"@type":"WebPage","@id":"https:\/\/norbec.com\/fr\/produit\/elements-architecturaux-ailerons\/","url":"https:\/\/norbec.com\/fr\/produit\/elements-architecturaux-ailerons\/","name":"\u00c9l\u00e9ments Architecturaux | AILERONS - Norbec","isPartOf":{"@id":"https:\/\/norbec.com\/#website"},"primaryImageOfPage":{"@id":"https:\/\/norbec.com\/fr\/produit\/elements-architecturaux-ailerons\/#primaryimage"},"image":{"@id":"https:\/\/norbec.com\/fr\/produit\/elements-architecturaux-ailerons\/#primaryimage"},"thumbnailUrl":"https:\/\/norbec.com\/wp-content\/uploads\/2023\/09\/Exterior08_04-1-scaled.jpg","datePublished":"2023-07-05T16:01:57+00:00","dateModified":"2025-09-25T13:42:34+00:00","description":"Un design \u00e0 votre fa\u00e7on avec les \u00e9l\u00e9ments architecturaux de Norbec. R\u00e9alisez le potentiel de votre vision architecturale en d\u00e9couvrant nos trois mod\u00e8les d\u2019ailerons.","breadcrumb":{"@id":"https:\/\/norbec.com\/fr\/produit\/elements-architecturaux-ailerons\/#breadcrumb"},"inLanguage":"fr-FR","potentialAction":[{"@type":"ReadAction","target":["https:\/\/norbec.com\/fr\/produit\/elements-architecturaux-ailerons\/"]}]},{"@type":"ImageObject","inLanguage":"fr-FR","@id":"https:\/\/norbec.com\/fr\/produit\/elements-architecturaux-ailerons\/#primaryimage","url":"https:\/\/norbec.com\/wp-content\/uploads\/2023\/09\/Exterior08_04-1-scaled.jpg","contentUrl":"https:\/\/norbec.com\/wp-content\/uploads\/2023\/09\/Exterior08_04-1-scaled.jpg","width":2560,"height":1662},{"@type":"BreadcrumbList","@id":"https:\/\/norbec.com\/fr\/produit\/elements-architecturaux-ailerons\/#breadcrumb","itemListElement":[{"@type":"ListItem","position":1,"name":"Home","item":"https:\/\/norbec.com\/fr\/"},{"@type":"ListItem","position":2,"name":"\u00c9l\u00e9ments Architecturaux | AILERONS"}]},{"@type":"WebSite","@id":"https:\/\/norbec.com\/#website","url":"https:\/\/norbec.com\/","name":"Norbec","description":"Norbec","publisher":{"@id":"https:\/\/norbec.com\/#organization"},"potentialAction":[{"@type":"SearchAction","target":{"@type":"EntryPoint","urlTemplate":"https:\/\/norbec.com\/?s={search_term_string}"},"query-input":{"@type":"PropertyValueSpecification","valueRequired":true,"valueName":"search_term_string"}}],"inLanguage":"fr-FR"},{"@type":"Organization","@id":"https:\/\/norbec.com\/#organization","name":"Norbec","url":"https:\/\/norbec.com\/","logo":{"@type":"ImageObject","inLanguage":"fr-FR","@id":"https:\/\/norbec.com\/#\/schema\/logo\/image\/","url":"https:\/\/norbec.com\/wp-content\/uploads\/2018\/03\/logo-norbec.png","contentUrl":"https:\/\/norbec.com\/wp-content\/uploads\/2018\/03\/logo-norbec.png","width":300,"height":65,"caption":"Norbec"},"image":{"@id":"https:\/\/norbec.com\/#\/schema\/logo\/image\/"}}]}},"_links":{"self":[{"href":"https:\/\/norbec.com\/fr\/wp-json\/wp\/v2\/product\/20823","targetHints":{"allow":["GET"]}}],"collection":[{"href":"https:\/\/norbec.com\/fr\/wp-json\/wp\/v2\/product"}],"about":[{"href":"https:\/\/norbec.com\/fr\/wp-json\/wp\/v2\/types\/product"}],"author":[{"embeddable":true,"href":"https:\/\/norbec.com\/fr\/wp-json\/wp\/v2\/users\/25"}],"replies":[{"embeddable":true,"href":"https:\/\/norbec.com\/fr\/wp-json\/wp\/v2\/comments?post=20823"}],"version-history":[{"count":27,"href":"https:\/\/norbec.com\/fr\/wp-json\/wp\/v2\/product\/20823\/revisions"}],"predecessor-version":[{"id":29609,"href":"https:\/\/norbec.com\/fr\/wp-json\/wp\/v2\/product\/20823\/revisions\/29609"}],"wp:featuredmedia":[{"embeddable":true,"href":"https:\/\/norbec.com\/fr\/wp-json\/wp\/v2\/media\/21303"}],"wp:attachment":[{"href":"https:\/\/norbec.com\/fr\/wp-json\/wp\/v2\/media?parent=20823"}],"wp:term":[{"taxonomy":"product_types","embeddable":true,"href":"https:\/\/norbec.com\/fr\/wp-json\/wp\/v2\/product_types?post=20823"}],"curies":[{"name":"wp","href":"https:\/\/api.w.org\/{rel}","templated":true}]}}