{"id":24516,"date":"2025-01-07T09:48:56","date_gmt":"2025-01-07T14:48:56","guid":{"rendered":"https:\/\/norbec.com\/?post_type=product&#038;p=24516"},"modified":"2025-01-07T09:56:08","modified_gmt":"2025-01-07T14:56:08","slug":"panneau-isolant-norex-s","status":"publish","type":"product","link":"https:\/\/norbec.com\/fr\/produit\/panneau-isolant-norex-s\/","title":{"rendered":"Panneau isolant NOREX-S"},"content":{"rendered":"<h2>Panneau \u00e0 \u00e2me de polyisocyanurate (polyur\u00e9thane)<\/h2>\n<h3>Le Norex-S est un panneau m\u00e9tallique isolant \u00e0 haute efficacit\u00e9 \u00e9nerg\u00e9tique.<\/h3>\n<p>En plus d\u2019offrir une valeur thermique et isolation sans \u00e9gale, le <strong>Norex <\/strong>offre aussi une barri\u00e8re de protection contre le feu et la pluie tout en r\u00e9sistant au vent et \u00e0 l\u2019arrachement lorsque son syst\u00e8me d\u2019ancrage exclusif est install\u00e9. Ce produit est con\u00e7u avec une chambre de d\u00e9compression qui emp\u00eache l\u2019eau d\u2019\u00eatre aspir\u00e9e vers l\u2019int\u00e9rieur, r\u00e9duisant le risque de p\u00e9n\u00e9tration et d\u2019humidit\u00e9.&nbsp;<\/p>\n<p><strong>Type de joint :<\/strong><\/p>\n<ul>\n<li>Joint en S : montage vertical avec joint droit pour cloison int\u00e9rieure<\/li>\n<\/ul>\n\n\n<figure class=\"wp-block-image size-large\"><img loading=\"lazy\" decoding=\"async\" width=\"986\" height=\"549\" src=\"https:\/\/norbec.com\/wp-content\/uploads\/2020\/08\/Joint-Norex-L-H-S-Crop.jpg\" alt=\"Joint Norex-L-H-S\" class=\"wp-image-13247\" srcset=\"https:\/\/norbec.com\/wp-content\/uploads\/2020\/08\/Joint-Norex-L-H-S-Crop.jpg 986w, https:\/\/norbec.com\/wp-content\/uploads\/2020\/08\/Joint-Norex-L-H-S-Crop-350x195.jpg 350w, https:\/\/norbec.com\/wp-content\/uploads\/2020\/08\/Joint-Norex-L-H-S-Crop-150x84.jpg 150w, https:\/\/norbec.com\/wp-content\/uploads\/2020\/08\/Joint-Norex-L-H-S-Crop-768x428.jpg 768w\" sizes=\"auto, (max-width: 986px) 100vw, 986px\" \/><\/figure>\n\n\n<p>Les panneaux m\u00e9talliques isolants <strong>Norex<\/strong> peuvent \u00eatre install\u00e9s \u00e0 l\u2019horizontale ou \u00e0 la verticale selon la direction cr\u00e9ative du projet.&nbsp;Chaque joint est form\u00e9 en usine afin d\u2019assurer un fini lisse et esth\u00e9tique. Les panneaux <strong>Norex <\/strong>conviennent aux constructions industrielles et commerciales, aux usines de transformation des aliments ainsi qu\u2019aux environnements \u00e0 atmosph\u00e8re contr\u00f4l\u00e9 et r\u00e9frig\u00e9r\u00e9. Il est \u00e9galement possible d\u2019utiliser ces panneaux isolants pour des cloisons int\u00e9rieures ou comme plafond suspendu.<\/p>\n<p><strong>Caract\u00e9ristiques du Norex:<\/strong><\/p>\n<ul>\n<li>Valeur thermique sup\u00e9rieure par pouce<\/li>\n<li>\u00c9cran pare-pluie \u00e0 pression \u00e9quilibr\u00e9e int\u00e9gr\u00e9<\/li>\n<li>Syst\u00e8me exclusif d\u2019ancrage \u00e0 la structure<\/li>\n<li>\u00c9limination des ponts thermiques<\/li>\n<li>R\u00e9sistance accrue au vent et \u00e0 l\u2019arrachement<\/li>\n<li>R\u00e9duction du temps et des co\u00fbts d\u2019installation<\/li>\n<li>Isolation et finition&nbsp;: aucune \u00e9tape suppl\u00e9mentaire<\/li>\n<\/ul>\n<p><a class=\"cta\" href=\"https:\/\/norbec.com\/wp-content\/uploads\/2020\/05\/NOREX-Fiche-Technique.pdf\" target=\"_blank\" rel=\"noopener noreferrer\">T\u00c9L\u00c9CHARGER LA FICHE TECHNIQUE<\/a><\/p>","protected":false},"excerpt":{"rendered":"<p>Panneau \u00e0 \u00e2me de polyisocyanurate (polyur\u00e9thane) Le Norex-S est un panneau m\u00e9tallique isolant \u00e0 haute efficacit\u00e9 \u00e9nerg\u00e9tique. En plus d\u2019offrir une valeur thermique et isolation sans \u00e9gale, le Norex offre [&hellip;]<\/p>\n","protected":false},"author":27,"featured_media":14643,"menu_order":0,"comment_status":"open","ping_status":"open","template":"","format":"standard","meta":{"_acf_changed":false,"content-type":"","_monsterinsights_skip_tracking":false,"_monsterinsights_sitenote_active":false,"_monsterinsights_sitenote_note":"","_monsterinsights_sitenote_category":0,"footnotes":""},"product_types":[379,383],"class_list":["post-24516","product","type-product","status-publish","format-standard","has-post-thumbnail","hentry","product_types-norex-fr","product_types-panneaux-metalliques-isolants"],"acf":[],"yoast_head":"<!-- This site is optimized with the Yoast SEO plugin v24.8.1 - https:\/\/yoast.com\/wordpress\/plugins\/seo\/ -->\n<title>Panneau NOREX \u00e0 \u00e2me de polyisocyanurate - Norbec<\/title>\n<meta name=\"description\" content=\"Le Norex est un panneau architectural isolant \u00e0 haute efficacit\u00e9 \u00e9nerg\u00e9tique. En plus d\u2019offrir une valeur thermique sans \u00e9gale, ce panneau offre aussi une barri\u00e8re de protection contre le feu et la pluie, en plus de r\u00e9sister au vent et \u00e0 l\u2019arrachement lorsque son syst\u00e8me d\u2019ancrage exclusif est install\u00e9.\" \/>\n<meta name=\"robots\" content=\"index, follow, max-snippet:-1, max-image-preview:large, max-video-preview:-1\" \/>\n<link rel=\"canonical\" href=\"https:\/\/norbec.com\/fr\/produit\/panneau-isolant-norex-s\/\" \/>\n<meta property=\"og:locale\" content=\"fr_FR\" \/>\n<meta property=\"og:type\" content=\"article\" \/>\n<meta property=\"og:title\" content=\"Panneau NOREX \u00e0 \u00e2me de polyisocyanurate - Norbec\" \/>\n<meta property=\"og:description\" content=\"Le Norex est un panneau architectural isolant \u00e0 haute efficacit\u00e9 \u00e9nerg\u00e9tique. En plus d\u2019offrir une valeur thermique sans \u00e9gale, ce panneau offre aussi une barri\u00e8re de protection contre le feu et la pluie, en plus de r\u00e9sister au vent et \u00e0 l\u2019arrachement lorsque son syst\u00e8me d\u2019ancrage exclusif est install\u00e9.\" \/>\n<meta property=\"og:url\" content=\"https:\/\/norbec.com\/fr\/produit\/panneau-isolant-norex-s\/\" \/>\n<meta property=\"og:site_name\" content=\"Norbec\" \/>\n<meta property=\"article:modified_time\" content=\"2025-01-07T14:56:08+00:00\" \/>\n<meta property=\"og:image\" content=\"https:\/\/norbec.com\/wp-content\/uploads\/2020\/10\/Norex-S-Project.jpg\" \/>\n\t<meta property=\"og:image:width\" content=\"1600\" \/>\n\t<meta property=\"og:image:height\" content=\"900\" \/>\n\t<meta property=\"og:image:type\" content=\"image\/jpeg\" \/>\n<meta name=\"twitter:card\" content=\"summary_large_image\" \/>\n<meta name=\"twitter:label1\" content=\"Dur\u00e9e de lecture estim\u00e9e\" \/>\n\t<meta name=\"twitter:data1\" content=\"4 minutes\" \/>\n<script type=\"application\/ld+json\" class=\"yoast-schema-graph\">{\"@context\":\"https:\/\/schema.org\",\"@graph\":[{\"@type\":\"WebPage\",\"@id\":\"https:\/\/norbec.com\/fr\/produit\/panneau-isolant-norex-s\/\",\"url\":\"https:\/\/norbec.com\/fr\/produit\/panneau-isolant-norex-s\/\",\"name\":\"Panneau NOREX \u00e0 \u00e2me de polyisocyanurate - Norbec\",\"isPartOf\":{\"@id\":\"https:\/\/norbec.com\/#website\"},\"primaryImageOfPage\":{\"@id\":\"https:\/\/norbec.com\/fr\/produit\/panneau-isolant-norex-s\/#primaryimage\"},\"image\":{\"@id\":\"https:\/\/norbec.com\/fr\/produit\/panneau-isolant-norex-s\/#primaryimage\"},\"thumbnailUrl\":\"https:\/\/norbec.com\/wp-content\/uploads\/2020\/10\/Norex-S-Project.jpg\",\"datePublished\":\"2025-01-07T14:48:56+00:00\",\"dateModified\":\"2025-01-07T14:56:08+00:00\",\"description\":\"Le Norex est un panneau architectural isolant \u00e0 haute efficacit\u00e9 \u00e9nerg\u00e9tique. En plus d\u2019offrir une valeur thermique sans \u00e9gale, ce panneau offre aussi une barri\u00e8re de protection contre le feu et la pluie, en plus de r\u00e9sister au vent et \u00e0 l\u2019arrachement lorsque son syst\u00e8me d\u2019ancrage exclusif est install\u00e9.\",\"breadcrumb\":{\"@id\":\"https:\/\/norbec.com\/fr\/produit\/panneau-isolant-norex-s\/#breadcrumb\"},\"inLanguage\":\"fr-FR\",\"potentialAction\":[{\"@type\":\"ReadAction\",\"target\":[\"https:\/\/norbec.com\/fr\/produit\/panneau-isolant-norex-s\/\"]}]},{\"@type\":\"ImageObject\",\"inLanguage\":\"fr-FR\",\"@id\":\"https:\/\/norbec.com\/fr\/produit\/panneau-isolant-norex-s\/#primaryimage\",\"url\":\"https:\/\/norbec.com\/wp-content\/uploads\/2020\/10\/Norex-S-Project.jpg\",\"contentUrl\":\"https:\/\/norbec.com\/wp-content\/uploads\/2020\/10\/Norex-S-Project.jpg\",\"width\":1600,\"height\":900},{\"@type\":\"BreadcrumbList\",\"@id\":\"https:\/\/norbec.com\/fr\/produit\/panneau-isolant-norex-s\/#breadcrumb\",\"itemListElement\":[{\"@type\":\"ListItem\",\"position\":1,\"name\":\"Home\",\"item\":\"https:\/\/norbec.com\/fr\/\"},{\"@type\":\"ListItem\",\"position\":2,\"name\":\"Panneau isolant NOREX-S\"}]},{\"@type\":\"WebSite\",\"@id\":\"https:\/\/norbec.com\/#website\",\"url\":\"https:\/\/norbec.com\/\",\"name\":\"Norbec\",\"description\":\"Norbec\",\"publisher\":{\"@id\":\"https:\/\/norbec.com\/#organization\"},\"potentialAction\":[{\"@type\":\"SearchAction\",\"target\":{\"@type\":\"EntryPoint\",\"urlTemplate\":\"https:\/\/norbec.com\/?s={search_term_string}\"},\"query-input\":{\"@type\":\"PropertyValueSpecification\",\"valueRequired\":true,\"valueName\":\"search_term_string\"}}],\"inLanguage\":\"fr-FR\"},{\"@type\":\"Organization\",\"@id\":\"https:\/\/norbec.com\/#organization\",\"name\":\"Norbec\",\"url\":\"https:\/\/norbec.com\/\",\"logo\":{\"@type\":\"ImageObject\",\"inLanguage\":\"fr-FR\",\"@id\":\"https:\/\/norbec.com\/#\/schema\/logo\/image\/\",\"url\":\"https:\/\/norbec.com\/wp-content\/uploads\/2018\/03\/logo-norbec.png\",\"contentUrl\":\"https:\/\/norbec.com\/wp-content\/uploads\/2018\/03\/logo-norbec.png\",\"width\":300,\"height\":65,\"caption\":\"Norbec\"},\"image\":{\"@id\":\"https:\/\/norbec.com\/#\/schema\/logo\/image\/\"}}]}<\/script>\n<!-- \/ Yoast SEO plugin. -->","yoast_head_json":{"title":"Panneau NOREX \u00e0 \u00e2me de polyisocyanurate - Norbec","description":"Le Norex est un panneau architectural isolant \u00e0 haute efficacit\u00e9 \u00e9nerg\u00e9tique. En plus d\u2019offrir une valeur thermique sans \u00e9gale, ce panneau offre aussi une barri\u00e8re de protection contre le feu et la pluie, en plus de r\u00e9sister au vent et \u00e0 l\u2019arrachement lorsque son syst\u00e8me d\u2019ancrage exclusif est install\u00e9.","robots":{"index":"index","follow":"follow","max-snippet":"max-snippet:-1","max-image-preview":"max-image-preview:large","max-video-preview":"max-video-preview:-1"},"canonical":"https:\/\/norbec.com\/fr\/produit\/panneau-isolant-norex-s\/","og_locale":"fr_FR","og_type":"article","og_title":"Panneau NOREX \u00e0 \u00e2me de polyisocyanurate - Norbec","og_description":"Le Norex est un panneau architectural isolant \u00e0 haute efficacit\u00e9 \u00e9nerg\u00e9tique. En plus d\u2019offrir une valeur thermique sans \u00e9gale, ce panneau offre aussi une barri\u00e8re de protection contre le feu et la pluie, en plus de r\u00e9sister au vent et \u00e0 l\u2019arrachement lorsque son syst\u00e8me d\u2019ancrage exclusif est install\u00e9.","og_url":"https:\/\/norbec.com\/fr\/produit\/panneau-isolant-norex-s\/","og_site_name":"Norbec","article_modified_time":"2025-01-07T14:56:08+00:00","og_image":[{"width":1600,"height":900,"url":"https:\/\/norbec.com\/wp-content\/uploads\/2020\/10\/Norex-S-Project.jpg","type":"image\/jpeg"}],"twitter_card":"summary_large_image","twitter_misc":{"Dur\u00e9e de lecture estim\u00e9e":"4 minutes"},"schema":{"@context":"https:\/\/schema.org","@graph":[{"@type":"WebPage","@id":"https:\/\/norbec.com\/fr\/produit\/panneau-isolant-norex-s\/","url":"https:\/\/norbec.com\/fr\/produit\/panneau-isolant-norex-s\/","name":"Panneau NOREX \u00e0 \u00e2me de polyisocyanurate - Norbec","isPartOf":{"@id":"https:\/\/norbec.com\/#website"},"primaryImageOfPage":{"@id":"https:\/\/norbec.com\/fr\/produit\/panneau-isolant-norex-s\/#primaryimage"},"image":{"@id":"https:\/\/norbec.com\/fr\/produit\/panneau-isolant-norex-s\/#primaryimage"},"thumbnailUrl":"https:\/\/norbec.com\/wp-content\/uploads\/2020\/10\/Norex-S-Project.jpg","datePublished":"2025-01-07T14:48:56+00:00","dateModified":"2025-01-07T14:56:08+00:00","description":"Le Norex est un panneau architectural isolant \u00e0 haute efficacit\u00e9 \u00e9nerg\u00e9tique. En plus d\u2019offrir une valeur thermique sans \u00e9gale, ce panneau offre aussi une barri\u00e8re de protection contre le feu et la pluie, en plus de r\u00e9sister au vent et \u00e0 l\u2019arrachement lorsque son syst\u00e8me d\u2019ancrage exclusif est install\u00e9.","breadcrumb":{"@id":"https:\/\/norbec.com\/fr\/produit\/panneau-isolant-norex-s\/#breadcrumb"},"inLanguage":"fr-FR","potentialAction":[{"@type":"ReadAction","target":["https:\/\/norbec.com\/fr\/produit\/panneau-isolant-norex-s\/"]}]},{"@type":"ImageObject","inLanguage":"fr-FR","@id":"https:\/\/norbec.com\/fr\/produit\/panneau-isolant-norex-s\/#primaryimage","url":"https:\/\/norbec.com\/wp-content\/uploads\/2020\/10\/Norex-S-Project.jpg","contentUrl":"https:\/\/norbec.com\/wp-content\/uploads\/2020\/10\/Norex-S-Project.jpg","width":1600,"height":900},{"@type":"BreadcrumbList","@id":"https:\/\/norbec.com\/fr\/produit\/panneau-isolant-norex-s\/#breadcrumb","itemListElement":[{"@type":"ListItem","position":1,"name":"Home","item":"https:\/\/norbec.com\/fr\/"},{"@type":"ListItem","position":2,"name":"Panneau isolant NOREX-S"}]},{"@type":"WebSite","@id":"https:\/\/norbec.com\/#website","url":"https:\/\/norbec.com\/","name":"Norbec","description":"Norbec","publisher":{"@id":"https:\/\/norbec.com\/#organization"},"potentialAction":[{"@type":"SearchAction","target":{"@type":"EntryPoint","urlTemplate":"https:\/\/norbec.com\/?s={search_term_string}"},"query-input":{"@type":"PropertyValueSpecification","valueRequired":true,"valueName":"search_term_string"}}],"inLanguage":"fr-FR"},{"@type":"Organization","@id":"https:\/\/norbec.com\/#organization","name":"Norbec","url":"https:\/\/norbec.com\/","logo":{"@type":"ImageObject","inLanguage":"fr-FR","@id":"https:\/\/norbec.com\/#\/schema\/logo\/image\/","url":"https:\/\/norbec.com\/wp-content\/uploads\/2018\/03\/logo-norbec.png","contentUrl":"https:\/\/norbec.com\/wp-content\/uploads\/2018\/03\/logo-norbec.png","width":300,"height":65,"caption":"Norbec"},"image":{"@id":"https:\/\/norbec.com\/#\/schema\/logo\/image\/"}}]}},"_links":{"self":[{"href":"https:\/\/norbec.com\/fr\/wp-json\/wp\/v2\/product\/24516","targetHints":{"allow":["GET"]}}],"collection":[{"href":"https:\/\/norbec.com\/fr\/wp-json\/wp\/v2\/product"}],"about":[{"href":"https:\/\/norbec.com\/fr\/wp-json\/wp\/v2\/types\/product"}],"author":[{"embeddable":true,"href":"https:\/\/norbec.com\/fr\/wp-json\/wp\/v2\/users\/27"}],"replies":[{"embeddable":true,"href":"https:\/\/norbec.com\/fr\/wp-json\/wp\/v2\/comments?post=24516"}],"version-history":[{"count":5,"href":"https:\/\/norbec.com\/fr\/wp-json\/wp\/v2\/product\/24516\/revisions"}],"predecessor-version":[{"id":25710,"href":"https:\/\/norbec.com\/fr\/wp-json\/wp\/v2\/product\/24516\/revisions\/25710"}],"wp:featuredmedia":[{"embeddable":true,"href":"https:\/\/norbec.com\/fr\/wp-json\/wp\/v2\/media\/14643"}],"wp:attachment":[{"href":"https:\/\/norbec.com\/fr\/wp-json\/wp\/v2\/media?parent=24516"}],"wp:term":[{"taxonomy":"product_types","embeddable":true,"href":"https:\/\/norbec.com\/fr\/wp-json\/wp\/v2\/product_types?post=24516"}],"curies":[{"name":"wp","href":"https:\/\/api.w.org\/{rel}","templated":true}]}}