{"id":7402,"date":"2018-05-04T19:39:23","date_gmt":"2018-05-04T19:39:23","guid":{"rendered":"https:\/\/norbec.com\/product\/high-performance-doors\/"},"modified":"2025-04-04T13:24:05","modified_gmt":"2025-04-04T17:24:05","slug":"portes-haute-performance","status":"publish","type":"product","link":"https:\/\/norbec.com\/fr\/produit\/portes-haute-performance\/","title":{"rendered":"Portes haute performance"},"content":{"rendered":"<p><span>La porte est un \u00e9l\u00e9ment crucial pour assurer la bonne performance d\u2019une chambre froide. Plusieurs recherches et recommandations des utilisateurs ont permis \u00e0 notre \u00e9quipe d\u2019ing\u00e9nieurs d\u2019innover et de d\u00e9velopper des syst\u00e8mes de portes durables con\u00e7ues pour usage intensif tout en assurant une grande performance.<\/span><\/p>\n<h3>Les avantages des portes Norbec :<\/h3>\n<ul>\n<li>Grande flexibilit\u00e9, autant en construction standard que sur mesure<\/li>\n<li>Renforts en acier galvanis\u00e9 int\u00e9gr\u00e9s aux points d&rsquo;ancrage de la quincaillerie pour une plus grande durabilit\u00e9<\/li>\n<li>Quincaillerie de haute qualit\u00e9<\/li>\n<li>Possibilit\u00e9 d&rsquo;installation sur n&rsquo;importe quelle construction, nouvelle ou existante, avec panneaux continus ou \u00e0 came<\/li>\n<li><span>Les finis et les mat\u00e9riaux utilis\u00e9s sur les portes de Norbec assurent une r\u00e9sistance \u00e0 la corrosion et aux produits chimiques<\/span><\/li>\n<li>Facilit\u00e9 d&rsquo;entretien, avec c\u00e2bles chauffants et scellants faciles \u00e0 remplacer, r\u00e9sistant aussi \u00e0 la graisse et aux d\u00e9tergents<\/li>\n<li>Conforme aux normes sanitaires canadiennes et am\u00e9ricaines<\/li>\n<li>Installation simple et rapide<\/li>\n<\/ul>\n<h3>Une vaste gamme de portes offrant flexibilit\u00e9 et durabilit\u00e9 :<\/h3>\n<ul>\n<li>Portes \u00e0 charni\u00e8res<\/li>\n<li>Portes coulissantes<\/li>\n<li>Portes pour syst\u00e8me de cong\u00e9lation rapide<\/li>\n<li>Portes de verre<\/li>\n<li>Portes \u00e9lectriques<\/li>\n<li>Portes de service<\/li>\n<li>Portes \u00e0 double action (battantes)<\/li>\n<\/ul>\n<p><span>Les portes de Norbec s\u2019agencent autant avec les panneaux Norbec \u00e0 came ou continus.<\/span><\/p>\n","protected":false},"excerpt":{"rendered":"<p>La porte est un \u00e9l\u00e9ment crucial pour assurer la bonne performance d\u2019une chambre froide. Plusieurs recherches et recommandations des utilisateurs ont permis \u00e0 notre \u00e9quipe d\u2019ing\u00e9nieurs d\u2019innover et de d\u00e9velopper [&hellip;]<\/p>\n","protected":false},"author":2,"featured_media":13578,"menu_order":0,"comment_status":"open","ping_status":"open","template":"","format":"standard","meta":{"_acf_changed":false,"content-type":"","_monsterinsights_skip_tracking":false,"_monsterinsights_sitenote_active":false,"_monsterinsights_sitenote_note":"","_monsterinsights_sitenote_category":0,"footnotes":""},"product_types":[382],"class_list":["post-7402","product","type-product","status-publish","format-standard","has-post-thumbnail","hentry","product_types-chambres-froides"],"acf":[],"yoast_head":"<!-- This site is optimized with the Yoast SEO plugin v24.8.1 - https:\/\/yoast.com\/wordpress\/plugins\/seo\/ -->\n<title>Portes haute performance - Norbec<\/title>\n<meta name=\"description\" content=\"La porte est un \u00e9l\u00e9ment crucial pour assurer la bonne performance d\u2019une chambre froide. Plusieurs recherches et recommandations des utilisateurs ont permis \u00e0 notre \u00e9quipe d\u2019ing\u00e9nieurs d\u2019innover et de d\u00e9velopper des syst\u00e8mes de portes durables con\u00e7ues pour usage intensif tout en assurant une grande performance.\" \/>\n<meta name=\"robots\" content=\"index, follow, max-snippet:-1, max-image-preview:large, max-video-preview:-1\" \/>\n<link rel=\"canonical\" href=\"https:\/\/norbec.com\/fr\/produit\/portes-haute-performance\/\" \/>\n<meta property=\"og:locale\" content=\"fr_FR\" \/>\n<meta property=\"og:type\" content=\"article\" \/>\n<meta property=\"og:title\" content=\"Portes haute performance - Norbec\" \/>\n<meta property=\"og:description\" content=\"La porte est un \u00e9l\u00e9ment crucial pour assurer la bonne performance d\u2019une chambre froide. Plusieurs recherches et recommandations des utilisateurs ont permis \u00e0 notre \u00e9quipe d\u2019ing\u00e9nieurs d\u2019innover et de d\u00e9velopper des syst\u00e8mes de portes durables con\u00e7ues pour usage intensif tout en assurant une grande performance.\" \/>\n<meta property=\"og:url\" content=\"https:\/\/norbec.com\/fr\/produit\/portes-haute-performance\/\" \/>\n<meta property=\"og:site_name\" content=\"Norbec\" \/>\n<meta property=\"article:modified_time\" content=\"2025-04-04T17:24:05+00:00\" \/>\n<meta property=\"og:image\" content=\"https:\/\/norbec.com\/wp-content\/uploads\/2020\/08\/norbec-high-performance-doors.jpg\" \/>\n\t<meta property=\"og:image:width\" content=\"1761\" \/>\n\t<meta property=\"og:image:height\" content=\"800\" \/>\n\t<meta property=\"og:image:type\" content=\"image\/jpeg\" \/>\n<meta name=\"twitter:card\" content=\"summary_large_image\" \/>\n<meta name=\"twitter:label1\" content=\"Dur\u00e9e de lecture estim\u00e9e\" \/>\n\t<meta name=\"twitter:data1\" content=\"3 minutes\" \/>\n<script type=\"application\/ld+json\" class=\"yoast-schema-graph\">{\"@context\":\"https:\/\/schema.org\",\"@graph\":[{\"@type\":\"WebPage\",\"@id\":\"https:\/\/norbec.com\/fr\/produit\/portes-haute-performance\/\",\"url\":\"https:\/\/norbec.com\/fr\/produit\/portes-haute-performance\/\",\"name\":\"Portes haute performance - Norbec\",\"isPartOf\":{\"@id\":\"https:\/\/norbec.com\/#website\"},\"primaryImageOfPage\":{\"@id\":\"https:\/\/norbec.com\/fr\/produit\/portes-haute-performance\/#primaryimage\"},\"image\":{\"@id\":\"https:\/\/norbec.com\/fr\/produit\/portes-haute-performance\/#primaryimage\"},\"thumbnailUrl\":\"https:\/\/norbec.com\/wp-content\/uploads\/2020\/08\/norbec-high-performance-doors.jpg\",\"datePublished\":\"2018-05-04T19:39:23+00:00\",\"dateModified\":\"2025-04-04T17:24:05+00:00\",\"description\":\"La porte est un \u00e9l\u00e9ment crucial pour assurer la bonne performance d\u2019une chambre froide. Plusieurs recherches et recommandations des utilisateurs ont permis \u00e0 notre \u00e9quipe d\u2019ing\u00e9nieurs d\u2019innover et de d\u00e9velopper des syst\u00e8mes de portes durables con\u00e7ues pour usage intensif tout en assurant une grande performance.\",\"breadcrumb\":{\"@id\":\"https:\/\/norbec.com\/fr\/produit\/portes-haute-performance\/#breadcrumb\"},\"inLanguage\":\"fr-FR\",\"potentialAction\":[{\"@type\":\"ReadAction\",\"target\":[\"https:\/\/norbec.com\/fr\/produit\/portes-haute-performance\/\"]}]},{\"@type\":\"ImageObject\",\"inLanguage\":\"fr-FR\",\"@id\":\"https:\/\/norbec.com\/fr\/produit\/portes-haute-performance\/#primaryimage\",\"url\":\"https:\/\/norbec.com\/wp-content\/uploads\/2020\/08\/norbec-high-performance-doors.jpg\",\"contentUrl\":\"https:\/\/norbec.com\/wp-content\/uploads\/2020\/08\/norbec-high-performance-doors.jpg\",\"width\":1761,\"height\":800},{\"@type\":\"BreadcrumbList\",\"@id\":\"https:\/\/norbec.com\/fr\/produit\/portes-haute-performance\/#breadcrumb\",\"itemListElement\":[{\"@type\":\"ListItem\",\"position\":1,\"name\":\"Home\",\"item\":\"https:\/\/norbec.com\/fr\/\"},{\"@type\":\"ListItem\",\"position\":2,\"name\":\"Portes haute performance\"}]},{\"@type\":\"WebSite\",\"@id\":\"https:\/\/norbec.com\/#website\",\"url\":\"https:\/\/norbec.com\/\",\"name\":\"Norbec\",\"description\":\"Norbec\",\"publisher\":{\"@id\":\"https:\/\/norbec.com\/#organization\"},\"potentialAction\":[{\"@type\":\"SearchAction\",\"target\":{\"@type\":\"EntryPoint\",\"urlTemplate\":\"https:\/\/norbec.com\/?s={search_term_string}\"},\"query-input\":{\"@type\":\"PropertyValueSpecification\",\"valueRequired\":true,\"valueName\":\"search_term_string\"}}],\"inLanguage\":\"fr-FR\"},{\"@type\":\"Organization\",\"@id\":\"https:\/\/norbec.com\/#organization\",\"name\":\"Norbec\",\"url\":\"https:\/\/norbec.com\/\",\"logo\":{\"@type\":\"ImageObject\",\"inLanguage\":\"fr-FR\",\"@id\":\"https:\/\/norbec.com\/#\/schema\/logo\/image\/\",\"url\":\"https:\/\/norbec.com\/wp-content\/uploads\/2018\/03\/logo-norbec.png\",\"contentUrl\":\"https:\/\/norbec.com\/wp-content\/uploads\/2018\/03\/logo-norbec.png\",\"width\":300,\"height\":65,\"caption\":\"Norbec\"},\"image\":{\"@id\":\"https:\/\/norbec.com\/#\/schema\/logo\/image\/\"}}]}<\/script>\n<!-- \/ Yoast SEO plugin. -->","yoast_head_json":{"title":"Portes haute performance - Norbec","description":"La porte est un \u00e9l\u00e9ment crucial pour assurer la bonne performance d\u2019une chambre froide. Plusieurs recherches et recommandations des utilisateurs ont permis \u00e0 notre \u00e9quipe d\u2019ing\u00e9nieurs d\u2019innover et de d\u00e9velopper des syst\u00e8mes de portes durables con\u00e7ues pour usage intensif tout en assurant une grande performance.","robots":{"index":"index","follow":"follow","max-snippet":"max-snippet:-1","max-image-preview":"max-image-preview:large","max-video-preview":"max-video-preview:-1"},"canonical":"https:\/\/norbec.com\/fr\/produit\/portes-haute-performance\/","og_locale":"fr_FR","og_type":"article","og_title":"Portes haute performance - Norbec","og_description":"La porte est un \u00e9l\u00e9ment crucial pour assurer la bonne performance d\u2019une chambre froide. Plusieurs recherches et recommandations des utilisateurs ont permis \u00e0 notre \u00e9quipe d\u2019ing\u00e9nieurs d\u2019innover et de d\u00e9velopper des syst\u00e8mes de portes durables con\u00e7ues pour usage intensif tout en assurant une grande performance.","og_url":"https:\/\/norbec.com\/fr\/produit\/portes-haute-performance\/","og_site_name":"Norbec","article_modified_time":"2025-04-04T17:24:05+00:00","og_image":[{"width":1761,"height":800,"url":"https:\/\/norbec.com\/wp-content\/uploads\/2020\/08\/norbec-high-performance-doors.jpg","type":"image\/jpeg"}],"twitter_card":"summary_large_image","twitter_misc":{"Dur\u00e9e de lecture estim\u00e9e":"3 minutes"},"schema":{"@context":"https:\/\/schema.org","@graph":[{"@type":"WebPage","@id":"https:\/\/norbec.com\/fr\/produit\/portes-haute-performance\/","url":"https:\/\/norbec.com\/fr\/produit\/portes-haute-performance\/","name":"Portes haute performance - Norbec","isPartOf":{"@id":"https:\/\/norbec.com\/#website"},"primaryImageOfPage":{"@id":"https:\/\/norbec.com\/fr\/produit\/portes-haute-performance\/#primaryimage"},"image":{"@id":"https:\/\/norbec.com\/fr\/produit\/portes-haute-performance\/#primaryimage"},"thumbnailUrl":"https:\/\/norbec.com\/wp-content\/uploads\/2020\/08\/norbec-high-performance-doors.jpg","datePublished":"2018-05-04T19:39:23+00:00","dateModified":"2025-04-04T17:24:05+00:00","description":"La porte est un \u00e9l\u00e9ment crucial pour assurer la bonne performance d\u2019une chambre froide. Plusieurs recherches et recommandations des utilisateurs ont permis \u00e0 notre \u00e9quipe d\u2019ing\u00e9nieurs d\u2019innover et de d\u00e9velopper des syst\u00e8mes de portes durables con\u00e7ues pour usage intensif tout en assurant une grande performance.","breadcrumb":{"@id":"https:\/\/norbec.com\/fr\/produit\/portes-haute-performance\/#breadcrumb"},"inLanguage":"fr-FR","potentialAction":[{"@type":"ReadAction","target":["https:\/\/norbec.com\/fr\/produit\/portes-haute-performance\/"]}]},{"@type":"ImageObject","inLanguage":"fr-FR","@id":"https:\/\/norbec.com\/fr\/produit\/portes-haute-performance\/#primaryimage","url":"https:\/\/norbec.com\/wp-content\/uploads\/2020\/08\/norbec-high-performance-doors.jpg","contentUrl":"https:\/\/norbec.com\/wp-content\/uploads\/2020\/08\/norbec-high-performance-doors.jpg","width":1761,"height":800},{"@type":"BreadcrumbList","@id":"https:\/\/norbec.com\/fr\/produit\/portes-haute-performance\/#breadcrumb","itemListElement":[{"@type":"ListItem","position":1,"name":"Home","item":"https:\/\/norbec.com\/fr\/"},{"@type":"ListItem","position":2,"name":"Portes haute performance"}]},{"@type":"WebSite","@id":"https:\/\/norbec.com\/#website","url":"https:\/\/norbec.com\/","name":"Norbec","description":"Norbec","publisher":{"@id":"https:\/\/norbec.com\/#organization"},"potentialAction":[{"@type":"SearchAction","target":{"@type":"EntryPoint","urlTemplate":"https:\/\/norbec.com\/?s={search_term_string}"},"query-input":{"@type":"PropertyValueSpecification","valueRequired":true,"valueName":"search_term_string"}}],"inLanguage":"fr-FR"},{"@type":"Organization","@id":"https:\/\/norbec.com\/#organization","name":"Norbec","url":"https:\/\/norbec.com\/","logo":{"@type":"ImageObject","inLanguage":"fr-FR","@id":"https:\/\/norbec.com\/#\/schema\/logo\/image\/","url":"https:\/\/norbec.com\/wp-content\/uploads\/2018\/03\/logo-norbec.png","contentUrl":"https:\/\/norbec.com\/wp-content\/uploads\/2018\/03\/logo-norbec.png","width":300,"height":65,"caption":"Norbec"},"image":{"@id":"https:\/\/norbec.com\/#\/schema\/logo\/image\/"}}]}},"_links":{"self":[{"href":"https:\/\/norbec.com\/fr\/wp-json\/wp\/v2\/product\/7402","targetHints":{"allow":["GET"]}}],"collection":[{"href":"https:\/\/norbec.com\/fr\/wp-json\/wp\/v2\/product"}],"about":[{"href":"https:\/\/norbec.com\/fr\/wp-json\/wp\/v2\/types\/product"}],"author":[{"embeddable":true,"href":"https:\/\/norbec.com\/fr\/wp-json\/wp\/v2\/users\/2"}],"replies":[{"embeddable":true,"href":"https:\/\/norbec.com\/fr\/wp-json\/wp\/v2\/comments?post=7402"}],"version-history":[{"count":9,"href":"https:\/\/norbec.com\/fr\/wp-json\/wp\/v2\/product\/7402\/revisions"}],"predecessor-version":[{"id":27578,"href":"https:\/\/norbec.com\/fr\/wp-json\/wp\/v2\/product\/7402\/revisions\/27578"}],"wp:featuredmedia":[{"embeddable":true,"href":"https:\/\/norbec.com\/fr\/wp-json\/wp\/v2\/media\/13578"}],"wp:attachment":[{"href":"https:\/\/norbec.com\/fr\/wp-json\/wp\/v2\/media?parent=7402"}],"wp:term":[{"taxonomy":"product_types","embeddable":true,"href":"https:\/\/norbec.com\/fr\/wp-json\/wp\/v2\/product_types?post=7402"}],"curies":[{"name":"wp","href":"https:\/\/api.w.org\/{rel}","templated":true}]}}