{"id":7403,"date":"2018-05-04T18:47:19","date_gmt":"2018-05-04T18:47:19","guid":{"rendered":"https:\/\/norbec.com\/product\/outdoor-walk-in-coolers\/"},"modified":"2023-09-13T11:35:12","modified_gmt":"2023-09-13T15:35:12","slug":"chambres-froides-exterieures","status":"publish","type":"product","link":"https:\/\/norbec.com\/fr\/produit\/chambres-froides-exterieures\/","title":{"rendered":"Chambres froides ext\u00e9rieures"},"content":{"rendered":"<h2>Les chambres froides ext\u00e9rieures de Norbec sont la solution id\u00e9ale pour maximiser l&rsquo;espace int\u00e9rieur et minimiser les co\u00fbts d&rsquo;entreposage.<\/h2>\n<p><b><span data-contrast=\"auto\">Lib\u00e9rez de l&rsquo;espace et r\u00e9alisez des \u00e9conomies gr\u00e2ce aux chambres froides ext\u00e9rieures de Norbec<\/span><\/b><span data-ccp-props=\"{&quot;201341983&quot;:0,&quot;335559739&quot;:160,&quot;335559740&quot;:259}\">\u00a0<\/span><\/p>\n<p><span data-contrast=\"auto\">Alors que l&rsquo;espace dans les restaurants devient de plus en plus pr\u00e9cieux et que les co\u00fbts d&rsquo;agrandissement montent en fl\u00e8che, Norbec offre une solution pratique pour optimiser l&rsquo;am\u00e9nagement int\u00e9rieur et r\u00e9duire les d\u00e9penses d&rsquo;entreposage. Nos chambres froides ext\u00e9rieures sont la r\u00e9ponse ultime aux contraintes d&rsquo;espace, vous permettant d&rsquo;\u00e9conomiser consid\u00e9rablement sur les co\u00fbts de construction et d&rsquo;exploitation.<\/span><span data-ccp-props=\"{&quot;201341983&quot;:0,&quot;335559739&quot;:160,&quot;335559740&quot;:259}\">\u00a0<\/span><\/p>\n<p><span data-ccp-props=\"{&quot;201341983&quot;:0,&quot;335559739&quot;:160,&quot;335559740&quot;:259}\">\u00a0<\/span><\/p>\n<p><b><span data-contrast=\"auto\">Le meilleur choix pour l&rsquo;efficacit\u00e9 et l&rsquo;abordabilit\u00e9<\/span><\/b><span data-ccp-props=\"{&quot;201341983&quot;:0,&quot;335559739&quot;:160,&quot;335559740&quot;:259}\">\u00a0<\/span><\/p>\n<p><span data-contrast=\"auto\">Vous envisagez une expansion de votre entreprise o\u00f9 vous avez besoin d&rsquo;espace suppl\u00e9mentaire pour l&rsquo;entreposage des aliments ? Voici pourquoi Norbec est le choix logique\u202f:\u00a0<\/span><span data-ccp-props=\"{&quot;201341983&quot;:0,&quot;335559739&quot;:160,&quot;335559740&quot;:259}\">\u00a0<\/span><\/p>\n<ul>\n<li data-leveltext=\"\uf0b7\" data-font=\"Symbol\" data-listid=\"3\" data-list-defn-props=\"{&quot;335552541&quot;:1,&quot;335559684&quot;:-2,&quot;335559685&quot;:720,&quot;335559991&quot;:360,&quot;469769226&quot;:&quot;Symbol&quot;,&quot;469769242&quot;:[8226],&quot;469777803&quot;:&quot;left&quot;,&quot;469777804&quot;:&quot;\uf0b7&quot;,&quot;469777815&quot;:&quot;hybridMultilevel&quot;}\" aria-setsize=\"-1\" data-aria-posinset=\"1\" data-aria-level=\"1\"><b><span data-contrast=\"auto\">Maximiser l&rsquo;efficacit\u00e9<\/span><\/b><span data-contrast=\"auto\"> : Les chambres froides ExSpace de Norbec vous permettent d&rsquo;utiliser efficacement les espaces ext\u00e9rieurs, lib\u00e9rant ainsi de l&rsquo;espace int\u00e9rieur pr\u00e9cieux pour d&rsquo;autres op\u00e9rations cruciales.<\/span><span data-ccp-props=\"{&quot;201341983&quot;:0,&quot;335559739&quot;:160,&quot;335559740&quot;:259}\">\u00a0<\/span><\/li>\n<li data-leveltext=\"\uf0b7\" data-font=\"Symbol\" data-listid=\"3\" data-list-defn-props=\"{&quot;335552541&quot;:1,&quot;335559684&quot;:-2,&quot;335559685&quot;:720,&quot;335559991&quot;:360,&quot;469769226&quot;:&quot;Symbol&quot;,&quot;469769242&quot;:[8226],&quot;469777803&quot;:&quot;left&quot;,&quot;469777804&quot;:&quot;\uf0b7&quot;,&quot;469777815&quot;:&quot;hybridMultilevel&quot;}\" aria-setsize=\"-1\" data-aria-posinset=\"2\" data-aria-level=\"1\"><b><span data-contrast=\"auto\">Utilit\u00e9 polyvalente<\/span><\/b><span data-contrast=\"auto\"> : De la r\u00e9frig\u00e9ration \u00e0 la cong\u00e9lation, en passant par des applications d&rsquo;entreposage polyvalentes, nos chambres froides ext\u00e9rieures s&rsquo;adaptent \u00e0 vos besoins sp\u00e9cifiques.<\/span><span data-ccp-props=\"{&quot;201341983&quot;:0,&quot;335559739&quot;:160,&quot;335559740&quot;:259}\">\u00a0<\/span><\/li>\n<\/ul>\n<ul>\n<li data-leveltext=\"\uf0b7\" data-font=\"Symbol\" data-listid=\"3\" data-list-defn-props=\"{&quot;335552541&quot;:1,&quot;335559684&quot;:-2,&quot;335559685&quot;:720,&quot;335559991&quot;:360,&quot;469769226&quot;:&quot;Symbol&quot;,&quot;469769242&quot;:[8226],&quot;469777803&quot;:&quot;left&quot;,&quot;469777804&quot;:&quot;\uf0b7&quot;,&quot;469777815&quot;:&quot;hybridMultilevel&quot;}\" aria-setsize=\"-1\" data-aria-posinset=\"1\" data-aria-level=\"1\"><b><span data-contrast=\"auto\">Construits pour durer :<\/span><\/b><span data-contrast=\"auto\"> Con\u00e7ue dans un souci de durabilit\u00e9, la gamme de produits ExSpace de Norbec est con\u00e7ue pour r\u00e9sister \u00e0 diverses conditions m\u00e9t\u00e9orologiques, ce qui garantit la protection et la bonne conservation de vos produits.<\/span><span data-ccp-props=\"{&quot;201341983&quot;:0,&quot;335559739&quot;:160,&quot;335559740&quot;:259}\">\u00a0<\/span><\/li>\n<li data-leveltext=\"\uf0b7\" data-font=\"Symbol\" data-listid=\"3\" data-list-defn-props=\"{&quot;335552541&quot;:1,&quot;335559684&quot;:-2,&quot;335559685&quot;:720,&quot;335559991&quot;:360,&quot;469769226&quot;:&quot;Symbol&quot;,&quot;469769242&quot;:[8226],&quot;469777803&quot;:&quot;left&quot;,&quot;469777804&quot;:&quot;\uf0b7&quot;,&quot;469777815&quot;:&quot;hybridMultilevel&quot;}\" aria-setsize=\"-1\" data-aria-posinset=\"2\" data-aria-level=\"1\"><b><span data-contrast=\"auto\">Une mise en \u0153uvre sans faille<\/span><\/b><span data-contrast=\"auto\"> : Profitez de la facilit\u00e9 d&rsquo;un processus d&rsquo;installation cl\u00e9 en main, les experts de Norbec s&rsquo;occupant de chaque \u00e9tape, de la planification \u00e0 l&rsquo;installation.<\/span><span data-ccp-props=\"{&quot;201341983&quot;:0,&quot;335559739&quot;:160,&quot;335559740&quot;:259}\">\u00a0<\/span><\/li>\n<\/ul>\n<p><span data-ccp-props=\"{&quot;201341983&quot;:0,&quot;335559739&quot;:160,&quot;335559740&quot;:259}\">\u00a0<\/span><b><span data-contrast=\"auto\">Un partenaire de confiance<\/span><\/b><span data-ccp-props=\"{&quot;201341983&quot;:0,&quot;335559739&quot;:160,&quot;335559740&quot;:259}\">\u00a0<\/span><\/p>\n<p><span data-contrast=\"auto\">Investir dans une chambre froide ne devrait pas \u00eatre un pari. La tradition d&rsquo;excellence et d&rsquo;innovation de Norbec vous assure d&rsquo;avoir un partenaire fiable \u00e0 vos c\u00f4t\u00e9s. Avec nos chambres froides ext\u00e9rieures, vous n&rsquo;achetez pas seulement un produit, vous obtenez la tranquillit\u00e9 d&rsquo;esprit.<\/span><\/p>\n<p><span data-contrast=\"auto\">Faites le meilleur choix pour l&rsquo;avenir de votre entreprise. Faites l&rsquo;exp\u00e9rience de la diff\u00e9rence Norbec, \u00e9conomisez de l&rsquo;argent et de l&rsquo;espace pr\u00e9cieux en choisissant un projet de chambre froide avec un partenaire de confiance !<\/span><span data-ccp-props=\"{&quot;201341983&quot;:0,&quot;335559739&quot;:160,&quot;335559740&quot;:259}\">\u00a0<\/span><\/p>\n<p><b><span data-contrast=\"auto\">Communiquez avec nous d\u00e8s aujourd&rsquo;hui pour explorer vos options et vous lancer dans un projet d&rsquo;entreposage r\u00e9frig\u00e9r\u00e9 efficace, rentable et peu encombrant.<\/span><\/b><span data-ccp-props=\"{&quot;201341983&quot;:0,&quot;335559739&quot;:160,&quot;335559740&quot;:259}\">\u00a0<\/span><\/p>\n","protected":false},"excerpt":{"rendered":"<p>Les chambres froides ext\u00e9rieures de Norbec sont la solution id\u00e9ale pour maximiser l&rsquo;espace int\u00e9rieur et minimiser les co\u00fbts d&rsquo;entreposage. Lib\u00e9rez de l&rsquo;espace et r\u00e9alisez des \u00e9conomies gr\u00e2ce aux chambres froides [&hellip;]<\/p>\n","protected":false},"author":2,"featured_media":13580,"menu_order":0,"comment_status":"open","ping_status":"open","template":"","format":"standard","meta":{"_acf_changed":false,"content-type":"","_monsterinsights_skip_tracking":false,"_monsterinsights_sitenote_active":false,"_monsterinsights_sitenote_note":"","_monsterinsights_sitenote_category":0,"footnotes":""},"product_types":[382],"class_list":["post-7403","product","type-product","status-publish","format-standard","has-post-thumbnail","hentry","product_types-chambres-froides"],"acf":[],"yoast_head":"<!-- This site is optimized with the Yoast SEO plugin v24.8.1 - https:\/\/yoast.com\/wordpress\/plugins\/seo\/ -->\n<title>Norbec Outdoor Walk-in coolers \u2013 Exterior Walk-ins<\/title>\n<meta name=\"description\" content=\"Investir dans une chambre froide ne devrait pas \u00eatre un pari. La tradition d&#039;excellence et d&#039;innovation de Norbec vous assure d&#039;avoir un partenaire fiable \u00e0 vos c\u00f4t\u00e9s. Avec nos chambres froides ext\u00e9rieures, vous n&#039;achetez pas seulement un produit, vous obtenez la tranquillit\u00e9 d&#039;esprit.\" \/>\n<meta name=\"robots\" content=\"index, follow, max-snippet:-1, max-image-preview:large, max-video-preview:-1\" \/>\n<link rel=\"canonical\" href=\"https:\/\/norbec.com\/fr\/produit\/chambres-froides-exterieures\/\" \/>\n<meta property=\"og:locale\" content=\"fr_FR\" \/>\n<meta property=\"og:type\" content=\"article\" \/>\n<meta property=\"og:title\" content=\"Norbec Outdoor Walk-in coolers \u2013 Exterior Walk-ins\" \/>\n<meta property=\"og:description\" content=\"Investir dans une chambre froide ne devrait pas \u00eatre un pari. La tradition d&#039;excellence et d&#039;innovation de Norbec vous assure d&#039;avoir un partenaire fiable \u00e0 vos c\u00f4t\u00e9s. Avec nos chambres froides ext\u00e9rieures, vous n&#039;achetez pas seulement un produit, vous obtenez la tranquillit\u00e9 d&#039;esprit.\" \/>\n<meta property=\"og:url\" content=\"https:\/\/norbec.com\/fr\/produit\/chambres-froides-exterieures\/\" \/>\n<meta property=\"og:site_name\" content=\"Norbec\" \/>\n<meta property=\"article:modified_time\" content=\"2023-09-13T15:35:12+00:00\" \/>\n<meta property=\"og:image\" content=\"https:\/\/norbec.com\/wp-content\/uploads\/2020\/08\/norbec-outdoor-walkin-ExSpace.jpg\" \/>\n\t<meta property=\"og:image:width\" content=\"1920\" \/>\n\t<meta property=\"og:image:height\" content=\"800\" \/>\n\t<meta property=\"og:image:type\" content=\"image\/jpeg\" \/>\n<meta name=\"twitter:card\" content=\"summary_large_image\" \/>\n<meta name=\"twitter:label1\" content=\"Dur\u00e9e de lecture estim\u00e9e\" \/>\n\t<meta name=\"twitter:data1\" content=\"2 minutes\" \/>\n<script type=\"application\/ld+json\" class=\"yoast-schema-graph\">{\"@context\":\"https:\/\/schema.org\",\"@graph\":[{\"@type\":\"WebPage\",\"@id\":\"https:\/\/norbec.com\/fr\/produit\/chambres-froides-exterieures\/\",\"url\":\"https:\/\/norbec.com\/fr\/produit\/chambres-froides-exterieures\/\",\"name\":\"Norbec Outdoor Walk-in coolers \u2013 Exterior Walk-ins\",\"isPartOf\":{\"@id\":\"https:\/\/norbec.com\/#website\"},\"primaryImageOfPage\":{\"@id\":\"https:\/\/norbec.com\/fr\/produit\/chambres-froides-exterieures\/#primaryimage\"},\"image\":{\"@id\":\"https:\/\/norbec.com\/fr\/produit\/chambres-froides-exterieures\/#primaryimage\"},\"thumbnailUrl\":\"https:\/\/norbec.com\/wp-content\/uploads\/2020\/08\/norbec-outdoor-walkin-ExSpace.jpg\",\"datePublished\":\"2018-05-04T18:47:19+00:00\",\"dateModified\":\"2023-09-13T15:35:12+00:00\",\"description\":\"Investir dans une chambre froide ne devrait pas \u00eatre un pari. La tradition d'excellence et d'innovation de Norbec vous assure d'avoir un partenaire fiable \u00e0 vos c\u00f4t\u00e9s. Avec nos chambres froides ext\u00e9rieures, vous n'achetez pas seulement un produit, vous obtenez la tranquillit\u00e9 d'esprit.\",\"breadcrumb\":{\"@id\":\"https:\/\/norbec.com\/fr\/produit\/chambres-froides-exterieures\/#breadcrumb\"},\"inLanguage\":\"fr-FR\",\"potentialAction\":[{\"@type\":\"ReadAction\",\"target\":[\"https:\/\/norbec.com\/fr\/produit\/chambres-froides-exterieures\/\"]}]},{\"@type\":\"ImageObject\",\"inLanguage\":\"fr-FR\",\"@id\":\"https:\/\/norbec.com\/fr\/produit\/chambres-froides-exterieures\/#primaryimage\",\"url\":\"https:\/\/norbec.com\/wp-content\/uploads\/2020\/08\/norbec-outdoor-walkin-ExSpace.jpg\",\"contentUrl\":\"https:\/\/norbec.com\/wp-content\/uploads\/2020\/08\/norbec-outdoor-walkin-ExSpace.jpg\",\"width\":1920,\"height\":800},{\"@type\":\"BreadcrumbList\",\"@id\":\"https:\/\/norbec.com\/fr\/produit\/chambres-froides-exterieures\/#breadcrumb\",\"itemListElement\":[{\"@type\":\"ListItem\",\"position\":1,\"name\":\"Home\",\"item\":\"https:\/\/norbec.com\/fr\/\"},{\"@type\":\"ListItem\",\"position\":2,\"name\":\"Chambres froides ext\u00e9rieures\"}]},{\"@type\":\"WebSite\",\"@id\":\"https:\/\/norbec.com\/#website\",\"url\":\"https:\/\/norbec.com\/\",\"name\":\"Norbec\",\"description\":\"Norbec\",\"publisher\":{\"@id\":\"https:\/\/norbec.com\/#organization\"},\"potentialAction\":[{\"@type\":\"SearchAction\",\"target\":{\"@type\":\"EntryPoint\",\"urlTemplate\":\"https:\/\/norbec.com\/?s={search_term_string}\"},\"query-input\":{\"@type\":\"PropertyValueSpecification\",\"valueRequired\":true,\"valueName\":\"search_term_string\"}}],\"inLanguage\":\"fr-FR\"},{\"@type\":\"Organization\",\"@id\":\"https:\/\/norbec.com\/#organization\",\"name\":\"Norbec\",\"url\":\"https:\/\/norbec.com\/\",\"logo\":{\"@type\":\"ImageObject\",\"inLanguage\":\"fr-FR\",\"@id\":\"https:\/\/norbec.com\/#\/schema\/logo\/image\/\",\"url\":\"https:\/\/norbec.com\/wp-content\/uploads\/2018\/03\/logo-norbec.png\",\"contentUrl\":\"https:\/\/norbec.com\/wp-content\/uploads\/2018\/03\/logo-norbec.png\",\"width\":300,\"height\":65,\"caption\":\"Norbec\"},\"image\":{\"@id\":\"https:\/\/norbec.com\/#\/schema\/logo\/image\/\"}}]}<\/script>\n<!-- \/ Yoast SEO plugin. -->","yoast_head_json":{"title":"Norbec Outdoor Walk-in coolers \u2013 Exterior Walk-ins","description":"Investir dans une chambre froide ne devrait pas \u00eatre un pari. La tradition d'excellence et d'innovation de Norbec vous assure d'avoir un partenaire fiable \u00e0 vos c\u00f4t\u00e9s. Avec nos chambres froides ext\u00e9rieures, vous n'achetez pas seulement un produit, vous obtenez la tranquillit\u00e9 d'esprit.","robots":{"index":"index","follow":"follow","max-snippet":"max-snippet:-1","max-image-preview":"max-image-preview:large","max-video-preview":"max-video-preview:-1"},"canonical":"https:\/\/norbec.com\/fr\/produit\/chambres-froides-exterieures\/","og_locale":"fr_FR","og_type":"article","og_title":"Norbec Outdoor Walk-in coolers \u2013 Exterior Walk-ins","og_description":"Investir dans une chambre froide ne devrait pas \u00eatre un pari. La tradition d'excellence et d'innovation de Norbec vous assure d'avoir un partenaire fiable \u00e0 vos c\u00f4t\u00e9s. Avec nos chambres froides ext\u00e9rieures, vous n'achetez pas seulement un produit, vous obtenez la tranquillit\u00e9 d'esprit.","og_url":"https:\/\/norbec.com\/fr\/produit\/chambres-froides-exterieures\/","og_site_name":"Norbec","article_modified_time":"2023-09-13T15:35:12+00:00","og_image":[{"width":1920,"height":800,"url":"https:\/\/norbec.com\/wp-content\/uploads\/2020\/08\/norbec-outdoor-walkin-ExSpace.jpg","type":"image\/jpeg"}],"twitter_card":"summary_large_image","twitter_misc":{"Dur\u00e9e de lecture estim\u00e9e":"2 minutes"},"schema":{"@context":"https:\/\/schema.org","@graph":[{"@type":"WebPage","@id":"https:\/\/norbec.com\/fr\/produit\/chambres-froides-exterieures\/","url":"https:\/\/norbec.com\/fr\/produit\/chambres-froides-exterieures\/","name":"Norbec Outdoor Walk-in coolers \u2013 Exterior Walk-ins","isPartOf":{"@id":"https:\/\/norbec.com\/#website"},"primaryImageOfPage":{"@id":"https:\/\/norbec.com\/fr\/produit\/chambres-froides-exterieures\/#primaryimage"},"image":{"@id":"https:\/\/norbec.com\/fr\/produit\/chambres-froides-exterieures\/#primaryimage"},"thumbnailUrl":"https:\/\/norbec.com\/wp-content\/uploads\/2020\/08\/norbec-outdoor-walkin-ExSpace.jpg","datePublished":"2018-05-04T18:47:19+00:00","dateModified":"2023-09-13T15:35:12+00:00","description":"Investir dans une chambre froide ne devrait pas \u00eatre un pari. La tradition d'excellence et d'innovation de Norbec vous assure d'avoir un partenaire fiable \u00e0 vos c\u00f4t\u00e9s. Avec nos chambres froides ext\u00e9rieures, vous n'achetez pas seulement un produit, vous obtenez la tranquillit\u00e9 d'esprit.","breadcrumb":{"@id":"https:\/\/norbec.com\/fr\/produit\/chambres-froides-exterieures\/#breadcrumb"},"inLanguage":"fr-FR","potentialAction":[{"@type":"ReadAction","target":["https:\/\/norbec.com\/fr\/produit\/chambres-froides-exterieures\/"]}]},{"@type":"ImageObject","inLanguage":"fr-FR","@id":"https:\/\/norbec.com\/fr\/produit\/chambres-froides-exterieures\/#primaryimage","url":"https:\/\/norbec.com\/wp-content\/uploads\/2020\/08\/norbec-outdoor-walkin-ExSpace.jpg","contentUrl":"https:\/\/norbec.com\/wp-content\/uploads\/2020\/08\/norbec-outdoor-walkin-ExSpace.jpg","width":1920,"height":800},{"@type":"BreadcrumbList","@id":"https:\/\/norbec.com\/fr\/produit\/chambres-froides-exterieures\/#breadcrumb","itemListElement":[{"@type":"ListItem","position":1,"name":"Home","item":"https:\/\/norbec.com\/fr\/"},{"@type":"ListItem","position":2,"name":"Chambres froides ext\u00e9rieures"}]},{"@type":"WebSite","@id":"https:\/\/norbec.com\/#website","url":"https:\/\/norbec.com\/","name":"Norbec","description":"Norbec","publisher":{"@id":"https:\/\/norbec.com\/#organization"},"potentialAction":[{"@type":"SearchAction","target":{"@type":"EntryPoint","urlTemplate":"https:\/\/norbec.com\/?s={search_term_string}"},"query-input":{"@type":"PropertyValueSpecification","valueRequired":true,"valueName":"search_term_string"}}],"inLanguage":"fr-FR"},{"@type":"Organization","@id":"https:\/\/norbec.com\/#organization","name":"Norbec","url":"https:\/\/norbec.com\/","logo":{"@type":"ImageObject","inLanguage":"fr-FR","@id":"https:\/\/norbec.com\/#\/schema\/logo\/image\/","url":"https:\/\/norbec.com\/wp-content\/uploads\/2018\/03\/logo-norbec.png","contentUrl":"https:\/\/norbec.com\/wp-content\/uploads\/2018\/03\/logo-norbec.png","width":300,"height":65,"caption":"Norbec"},"image":{"@id":"https:\/\/norbec.com\/#\/schema\/logo\/image\/"}}]}},"_links":{"self":[{"href":"https:\/\/norbec.com\/fr\/wp-json\/wp\/v2\/product\/7403","targetHints":{"allow":["GET"]}}],"collection":[{"href":"https:\/\/norbec.com\/fr\/wp-json\/wp\/v2\/product"}],"about":[{"href":"https:\/\/norbec.com\/fr\/wp-json\/wp\/v2\/types\/product"}],"author":[{"embeddable":true,"href":"https:\/\/norbec.com\/fr\/wp-json\/wp\/v2\/users\/2"}],"replies":[{"embeddable":true,"href":"https:\/\/norbec.com\/fr\/wp-json\/wp\/v2\/comments?post=7403"}],"version-history":[{"count":7,"href":"https:\/\/norbec.com\/fr\/wp-json\/wp\/v2\/product\/7403\/revisions"}],"predecessor-version":[{"id":21423,"href":"https:\/\/norbec.com\/fr\/wp-json\/wp\/v2\/product\/7403\/revisions\/21423"}],"wp:featuredmedia":[{"embeddable":true,"href":"https:\/\/norbec.com\/fr\/wp-json\/wp\/v2\/media\/13580"}],"wp:attachment":[{"href":"https:\/\/norbec.com\/fr\/wp-json\/wp\/v2\/media?parent=7403"}],"wp:term":[{"taxonomy":"product_types","embeddable":true,"href":"https:\/\/norbec.com\/fr\/wp-json\/wp\/v2\/product_types?post=7403"}],"curies":[{"name":"wp","href":"https:\/\/api.w.org\/{rel}","templated":true}]}}