{"id":7404,"date":"2018-05-04T16:57:00","date_gmt":"2018-05-04T16:57:00","guid":{"rendered":"https:\/\/norbec.com\/product\/custom-walk-ins\/"},"modified":"2023-05-26T10:24:59","modified_gmt":"2023-05-26T14:24:59","slug":"chambres-froides-sur-mesure","status":"publish","type":"product","link":"https:\/\/norbec.com\/fr\/produit\/chambres-froides-sur-mesure\/","title":{"rendered":"Chambres froides sur mesure"},"content":{"rendered":"<h2>Leader dans la fabrication de chambres froides dans le domaine du service alimentaire, Norbec vous propose des chambres froides sur mesure enti\u00e8rement construites selon les sp\u00e9cificit\u00e9s des clients.<\/h2>\n<p>Norbec a con\u00e7u des milliers de projets tels que des restaurants, des h\u00f4tels, des cuisines professionnelles, et d&rsquo;autres encore. Nos&nbsp;<span>chambres froides sur mesure sont fabriqu\u00e9es selon les sp\u00e9cifications des clients tout en tenant compte des dimensions, ce qui permet d\u2019optimiser l\u2019espace disponible. De multiples configurations sont possibles : r\u00e9frig\u00e9rateurs, cong\u00e9lateurs, combos, entreposage sec ou r\u00e9frig\u00e9r\u00e9.<\/span><\/p>\n<h3>Des solutions cl\u00e9s en main offrant la tranquillit\u00e9 d&rsquo;esprit<\/h3>\n<p>Norbec offre des solutions cl\u00e9s en main pour tous vos besoins de chambres froides, d&rsquo;accessoires, de r\u00e9frig\u00e9ration ou d&rsquo;installation. Nos \u00e9quipes d&rsquo;exp\u00e9rience vous accompagneront \u00e0 chaque \u00e9tape, m\u00eame pour les projets les plus \u00e9labor\u00e9s.<\/p>\n<p><span>Nous sommes dot\u00e9s de syst\u00e8mes de conception et de fabrication de derni\u00e8re g\u00e9n\u00e9ration, perfectionn\u00e9s et flexibles, uniques \u00e0&nbsp;Norbec. Ces syst\u00e8mes nous permettent de vous offrir des chambres froides fabriqu\u00e9es sur mesure dans les meilleurs d\u00e9lais offerts dans l\u2019industrie.<\/span><\/p>\n","protected":false},"excerpt":{"rendered":"<p>Leader dans la fabrication de chambres froides dans le domaine du service alimentaire, Norbec vous propose des chambres froides sur mesure enti\u00e8rement construites selon les sp\u00e9cificit\u00e9s des clients. Norbec a [&hellip;]<\/p>\n","protected":false},"author":2,"featured_media":13582,"menu_order":0,"comment_status":"open","ping_status":"open","template":"","format":"standard","meta":{"_acf_changed":false,"content-type":"","_monsterinsights_skip_tracking":false,"_monsterinsights_sitenote_active":false,"_monsterinsights_sitenote_note":"","_monsterinsights_sitenote_category":0,"footnotes":""},"product_types":[382],"class_list":["post-7404","product","type-product","status-publish","format-standard","has-post-thumbnail","hentry","product_types-chambres-froides"],"acf":[],"yoast_head":"<!-- This site is optimized with the Yoast SEO plugin v24.8.1 - https:\/\/yoast.com\/wordpress\/plugins\/seo\/ -->\n<title>Chambres froides sur mesure - Norbec<\/title>\n<meta name=\"description\" content=\"Norbec offre des solutions cl\u00e9s en main pour tous vos besoins de chambres froides, d&#039;accessoires, de r\u00e9frig\u00e9ration ou d&#039;installation. Nos \u00e9quipes d&#039;exp\u00e9rience vous accompagneront \u00e0 chaque \u00e9tape, m\u00eame pour les projets les plus \u00e9labor\u00e9s.\" \/>\n<meta name=\"robots\" content=\"index, follow, max-snippet:-1, max-image-preview:large, max-video-preview:-1\" \/>\n<link rel=\"canonical\" href=\"https:\/\/norbec.com\/fr\/produit\/chambres-froides-sur-mesure\/\" \/>\n<meta property=\"og:locale\" content=\"fr_FR\" \/>\n<meta property=\"og:type\" content=\"article\" \/>\n<meta property=\"og:title\" content=\"Chambres froides sur mesure - Norbec\" \/>\n<meta property=\"og:description\" content=\"Norbec offre des solutions cl\u00e9s en main pour tous vos besoins de chambres froides, d&#039;accessoires, de r\u00e9frig\u00e9ration ou d&#039;installation. Nos \u00e9quipes d&#039;exp\u00e9rience vous accompagneront \u00e0 chaque \u00e9tape, m\u00eame pour les projets les plus \u00e9labor\u00e9s.\" \/>\n<meta property=\"og:url\" content=\"https:\/\/norbec.com\/fr\/produit\/chambres-froides-sur-mesure\/\" \/>\n<meta property=\"og:site_name\" content=\"Norbec\" \/>\n<meta property=\"article:modified_time\" content=\"2023-05-26T14:24:59+00:00\" \/>\n<meta property=\"og:image\" content=\"https:\/\/norbec.com\/wp-content\/uploads\/2020\/08\/norbec-custom-walkin-cooler.jpg\" \/>\n\t<meta property=\"og:image:width\" content=\"1920\" \/>\n\t<meta property=\"og:image:height\" content=\"800\" \/>\n\t<meta property=\"og:image:type\" content=\"image\/jpeg\" \/>\n<meta name=\"twitter:card\" content=\"summary_large_image\" \/>\n<meta name=\"twitter:label1\" content=\"Dur\u00e9e de lecture estim\u00e9e\" \/>\n\t<meta name=\"twitter:data1\" content=\"1 minute\" \/>\n<script type=\"application\/ld+json\" class=\"yoast-schema-graph\">{\"@context\":\"https:\/\/schema.org\",\"@graph\":[{\"@type\":\"WebPage\",\"@id\":\"https:\/\/norbec.com\/fr\/produit\/chambres-froides-sur-mesure\/\",\"url\":\"https:\/\/norbec.com\/fr\/produit\/chambres-froides-sur-mesure\/\",\"name\":\"Chambres froides sur mesure - Norbec\",\"isPartOf\":{\"@id\":\"https:\/\/norbec.com\/#website\"},\"primaryImageOfPage\":{\"@id\":\"https:\/\/norbec.com\/fr\/produit\/chambres-froides-sur-mesure\/#primaryimage\"},\"image\":{\"@id\":\"https:\/\/norbec.com\/fr\/produit\/chambres-froides-sur-mesure\/#primaryimage\"},\"thumbnailUrl\":\"https:\/\/norbec.com\/wp-content\/uploads\/2020\/08\/norbec-custom-walkin-cooler.jpg\",\"datePublished\":\"2018-05-04T16:57:00+00:00\",\"dateModified\":\"2023-05-26T14:24:59+00:00\",\"description\":\"Norbec offre des solutions cl\u00e9s en main pour tous vos besoins de chambres froides, d'accessoires, de r\u00e9frig\u00e9ration ou d'installation. Nos \u00e9quipes d'exp\u00e9rience vous accompagneront \u00e0 chaque \u00e9tape, m\u00eame pour les projets les plus \u00e9labor\u00e9s.\",\"breadcrumb\":{\"@id\":\"https:\/\/norbec.com\/fr\/produit\/chambres-froides-sur-mesure\/#breadcrumb\"},\"inLanguage\":\"fr-FR\",\"potentialAction\":[{\"@type\":\"ReadAction\",\"target\":[\"https:\/\/norbec.com\/fr\/produit\/chambres-froides-sur-mesure\/\"]}]},{\"@type\":\"ImageObject\",\"inLanguage\":\"fr-FR\",\"@id\":\"https:\/\/norbec.com\/fr\/produit\/chambres-froides-sur-mesure\/#primaryimage\",\"url\":\"https:\/\/norbec.com\/wp-content\/uploads\/2020\/08\/norbec-custom-walkin-cooler.jpg\",\"contentUrl\":\"https:\/\/norbec.com\/wp-content\/uploads\/2020\/08\/norbec-custom-walkin-cooler.jpg\",\"width\":1920,\"height\":800},{\"@type\":\"BreadcrumbList\",\"@id\":\"https:\/\/norbec.com\/fr\/produit\/chambres-froides-sur-mesure\/#breadcrumb\",\"itemListElement\":[{\"@type\":\"ListItem\",\"position\":1,\"name\":\"Home\",\"item\":\"https:\/\/norbec.com\/fr\/\"},{\"@type\":\"ListItem\",\"position\":2,\"name\":\"Chambres froides sur mesure\"}]},{\"@type\":\"WebSite\",\"@id\":\"https:\/\/norbec.com\/#website\",\"url\":\"https:\/\/norbec.com\/\",\"name\":\"Norbec\",\"description\":\"Norbec\",\"publisher\":{\"@id\":\"https:\/\/norbec.com\/#organization\"},\"potentialAction\":[{\"@type\":\"SearchAction\",\"target\":{\"@type\":\"EntryPoint\",\"urlTemplate\":\"https:\/\/norbec.com\/?s={search_term_string}\"},\"query-input\":{\"@type\":\"PropertyValueSpecification\",\"valueRequired\":true,\"valueName\":\"search_term_string\"}}],\"inLanguage\":\"fr-FR\"},{\"@type\":\"Organization\",\"@id\":\"https:\/\/norbec.com\/#organization\",\"name\":\"Norbec\",\"url\":\"https:\/\/norbec.com\/\",\"logo\":{\"@type\":\"ImageObject\",\"inLanguage\":\"fr-FR\",\"@id\":\"https:\/\/norbec.com\/#\/schema\/logo\/image\/\",\"url\":\"https:\/\/norbec.com\/wp-content\/uploads\/2018\/03\/logo-norbec.png\",\"contentUrl\":\"https:\/\/norbec.com\/wp-content\/uploads\/2018\/03\/logo-norbec.png\",\"width\":300,\"height\":65,\"caption\":\"Norbec\"},\"image\":{\"@id\":\"https:\/\/norbec.com\/#\/schema\/logo\/image\/\"}}]}<\/script>\n<!-- \/ Yoast SEO plugin. -->","yoast_head_json":{"title":"Chambres froides sur mesure - Norbec","description":"Norbec offre des solutions cl\u00e9s en main pour tous vos besoins de chambres froides, d'accessoires, de r\u00e9frig\u00e9ration ou d'installation. Nos \u00e9quipes d'exp\u00e9rience vous accompagneront \u00e0 chaque \u00e9tape, m\u00eame pour les projets les plus \u00e9labor\u00e9s.","robots":{"index":"index","follow":"follow","max-snippet":"max-snippet:-1","max-image-preview":"max-image-preview:large","max-video-preview":"max-video-preview:-1"},"canonical":"https:\/\/norbec.com\/fr\/produit\/chambres-froides-sur-mesure\/","og_locale":"fr_FR","og_type":"article","og_title":"Chambres froides sur mesure - Norbec","og_description":"Norbec offre des solutions cl\u00e9s en main pour tous vos besoins de chambres froides, d'accessoires, de r\u00e9frig\u00e9ration ou d'installation. Nos \u00e9quipes d'exp\u00e9rience vous accompagneront \u00e0 chaque \u00e9tape, m\u00eame pour les projets les plus \u00e9labor\u00e9s.","og_url":"https:\/\/norbec.com\/fr\/produit\/chambres-froides-sur-mesure\/","og_site_name":"Norbec","article_modified_time":"2023-05-26T14:24:59+00:00","og_image":[{"width":1920,"height":800,"url":"https:\/\/norbec.com\/wp-content\/uploads\/2020\/08\/norbec-custom-walkin-cooler.jpg","type":"image\/jpeg"}],"twitter_card":"summary_large_image","twitter_misc":{"Dur\u00e9e de lecture estim\u00e9e":"1 minute"},"schema":{"@context":"https:\/\/schema.org","@graph":[{"@type":"WebPage","@id":"https:\/\/norbec.com\/fr\/produit\/chambres-froides-sur-mesure\/","url":"https:\/\/norbec.com\/fr\/produit\/chambres-froides-sur-mesure\/","name":"Chambres froides sur mesure - Norbec","isPartOf":{"@id":"https:\/\/norbec.com\/#website"},"primaryImageOfPage":{"@id":"https:\/\/norbec.com\/fr\/produit\/chambres-froides-sur-mesure\/#primaryimage"},"image":{"@id":"https:\/\/norbec.com\/fr\/produit\/chambres-froides-sur-mesure\/#primaryimage"},"thumbnailUrl":"https:\/\/norbec.com\/wp-content\/uploads\/2020\/08\/norbec-custom-walkin-cooler.jpg","datePublished":"2018-05-04T16:57:00+00:00","dateModified":"2023-05-26T14:24:59+00:00","description":"Norbec offre des solutions cl\u00e9s en main pour tous vos besoins de chambres froides, d'accessoires, de r\u00e9frig\u00e9ration ou d'installation. Nos \u00e9quipes d'exp\u00e9rience vous accompagneront \u00e0 chaque \u00e9tape, m\u00eame pour les projets les plus \u00e9labor\u00e9s.","breadcrumb":{"@id":"https:\/\/norbec.com\/fr\/produit\/chambres-froides-sur-mesure\/#breadcrumb"},"inLanguage":"fr-FR","potentialAction":[{"@type":"ReadAction","target":["https:\/\/norbec.com\/fr\/produit\/chambres-froides-sur-mesure\/"]}]},{"@type":"ImageObject","inLanguage":"fr-FR","@id":"https:\/\/norbec.com\/fr\/produit\/chambres-froides-sur-mesure\/#primaryimage","url":"https:\/\/norbec.com\/wp-content\/uploads\/2020\/08\/norbec-custom-walkin-cooler.jpg","contentUrl":"https:\/\/norbec.com\/wp-content\/uploads\/2020\/08\/norbec-custom-walkin-cooler.jpg","width":1920,"height":800},{"@type":"BreadcrumbList","@id":"https:\/\/norbec.com\/fr\/produit\/chambres-froides-sur-mesure\/#breadcrumb","itemListElement":[{"@type":"ListItem","position":1,"name":"Home","item":"https:\/\/norbec.com\/fr\/"},{"@type":"ListItem","position":2,"name":"Chambres froides sur mesure"}]},{"@type":"WebSite","@id":"https:\/\/norbec.com\/#website","url":"https:\/\/norbec.com\/","name":"Norbec","description":"Norbec","publisher":{"@id":"https:\/\/norbec.com\/#organization"},"potentialAction":[{"@type":"SearchAction","target":{"@type":"EntryPoint","urlTemplate":"https:\/\/norbec.com\/?s={search_term_string}"},"query-input":{"@type":"PropertyValueSpecification","valueRequired":true,"valueName":"search_term_string"}}],"inLanguage":"fr-FR"},{"@type":"Organization","@id":"https:\/\/norbec.com\/#organization","name":"Norbec","url":"https:\/\/norbec.com\/","logo":{"@type":"ImageObject","inLanguage":"fr-FR","@id":"https:\/\/norbec.com\/#\/schema\/logo\/image\/","url":"https:\/\/norbec.com\/wp-content\/uploads\/2018\/03\/logo-norbec.png","contentUrl":"https:\/\/norbec.com\/wp-content\/uploads\/2018\/03\/logo-norbec.png","width":300,"height":65,"caption":"Norbec"},"image":{"@id":"https:\/\/norbec.com\/#\/schema\/logo\/image\/"}}]}},"_links":{"self":[{"href":"https:\/\/norbec.com\/fr\/wp-json\/wp\/v2\/product\/7404","targetHints":{"allow":["GET"]}}],"collection":[{"href":"https:\/\/norbec.com\/fr\/wp-json\/wp\/v2\/product"}],"about":[{"href":"https:\/\/norbec.com\/fr\/wp-json\/wp\/v2\/types\/product"}],"author":[{"embeddable":true,"href":"https:\/\/norbec.com\/fr\/wp-json\/wp\/v2\/users\/2"}],"replies":[{"embeddable":true,"href":"https:\/\/norbec.com\/fr\/wp-json\/wp\/v2\/comments?post=7404"}],"version-history":[{"count":10,"href":"https:\/\/norbec.com\/fr\/wp-json\/wp\/v2\/product\/7404\/revisions"}],"predecessor-version":[{"id":20696,"href":"https:\/\/norbec.com\/fr\/wp-json\/wp\/v2\/product\/7404\/revisions\/20696"}],"wp:featuredmedia":[{"embeddable":true,"href":"https:\/\/norbec.com\/fr\/wp-json\/wp\/v2\/media\/13582"}],"wp:attachment":[{"href":"https:\/\/norbec.com\/fr\/wp-json\/wp\/v2\/media?parent=7404"}],"wp:term":[{"taxonomy":"product_types","embeddable":true,"href":"https:\/\/norbec.com\/fr\/wp-json\/wp\/v2\/product_types?post=7404"}],"curies":[{"name":"wp","href":"https:\/\/api.w.org\/{rel}","templated":true}]}}