{"id":7405,"date":"2018-05-04T16:53:46","date_gmt":"2018-05-04T16:53:46","guid":{"rendered":"https:\/\/norbec.com\/product\/norbec-camlock-panels\/"},"modified":"2023-04-26T10:23:07","modified_gmt":"2023-04-26T14:23:07","slug":"panneaux-isolants-modulaires","status":"publish","type":"product","link":"https:\/\/norbec.com\/fr\/produit\/panneaux-isolants-modulaires\/","title":{"rendered":"Panneaux isolants modulaires"},"content":{"rendered":"<h2>Chaque chambre froide est fabriqu\u00e9e sur mesure aux dimensions exactes requises pour optimiser l&rsquo;espace disponible.<\/h2>\n<p><span>La composition du polyur\u00e9thane \u00e0 cellules ferm\u00e9es des panneaux isolants Norbec \u00e9limine toute possibilit\u00e9 d\u2019accumulation d\u2019humidit\u00e9 et offre une valeur thermique sup\u00e9rieure par pouce. Les panneaux\u00a0ne comportent aucun \u00e9l\u00e9ment d\u2019ossature organique, source de moisissure et de gauchissement. Ils sont fabriqu\u00e9s de deux t\u00f4les d&rsquo;acier galvanis\u00e9 de calibre 26 ou 24 recouvert d&rsquo;un \u00e9mail polyester blanc. L&rsquo;utilisation de cames friction \u00e0 la jonction des panneaux pr\u00e9vient l&rsquo;infiltration d&rsquo;eau et de vapeur afin de r\u00e9pondre aux besoins d&rsquo;une multitude d&rsquo;environnements. De plus, l&rsquo;\u00e9limination des ponts thermiques offre une isolation efficace permettant des \u00e9conomies d&rsquo;\u00e9nergie.<\/span><\/p>\n<p>Les panneaux isolants Norbec\u00a0<span>conviennent \u00e0 de multiples applications puisqu\u2019ils sont offerts selon les besoins en incr\u00e9ments d\u2019un demi-pouce, en \u00e9paisseurs de 3\u2033, 4\u2033 ou 5\u2033, ainsi qu\u2019avec des charni\u00e8res d\u2019une hauteur maximale de 18 pieds.<\/span><\/p>\n<h3>Cames inject\u00e9es de mousse<span style=\"color: #ff0000;\"><\/span><\/h3>\n<ul>\n<li>M\u00e9canisme de verrouillage offrant une \u00e9tanch\u00e9it\u00e9 sup\u00e9rieure<\/li>\n<li>Fini sp\u00e9cial qui am\u00e9liore l&rsquo;adh\u00e9sion de la mousse<\/li>\n<li>Cavit\u00e9s pr\u00e9sentes dans les cames pour permettre une diffusion plus uniforme de la mousse, en plus de fournir une puissance de maintien suppl\u00e9mentaire<\/li>\n<li>Le m\u00e9canisme haut de gamme ajoute une force suppl\u00e9mentaire pour assurer la fermeture de la porte<\/li>\n<\/ul>\n","protected":false},"excerpt":{"rendered":"<p>Chaque chambre froide est fabriqu\u00e9e sur mesure aux dimensions exactes requises pour optimiser l&rsquo;espace disponible. La composition du polyur\u00e9thane \u00e0 cellules ferm\u00e9es des panneaux isolants Norbec \u00e9limine toute possibilit\u00e9 d\u2019accumulation [&hellip;]<\/p>\n","protected":false},"author":2,"featured_media":13586,"menu_order":0,"comment_status":"open","ping_status":"open","template":"","format":"standard","meta":{"_acf_changed":false,"content-type":"","_monsterinsights_skip_tracking":false,"_monsterinsights_sitenote_active":false,"_monsterinsights_sitenote_note":"","_monsterinsights_sitenote_category":0,"footnotes":""},"product_types":[382],"class_list":["post-7405","product","type-product","status-publish","format-standard","has-post-thumbnail","hentry","product_types-chambres-froides"],"acf":[],"yoast_head":"<!-- This site is optimized with the Yoast SEO plugin v24.8.1 - https:\/\/yoast.com\/wordpress\/plugins\/seo\/ -->\n<title>Panneaux isolants modulaires - Norbec<\/title>\n<meta name=\"description\" content=\"La composition du polyur\u00e9thane \u00e0 cellules ferm\u00e9es des panneaux isolants Norbec \u00e9limine toute possibilit\u00e9 d\u2019accumulation d\u2019humidit\u00e9 et offre une valeur thermique sup\u00e9rieure par pouce. Les panneaux\u00a0ne comportent aucun \u00e9l\u00e9ment d\u2019ossature organique, source de moisissure et de gauchissement.\" \/>\n<meta name=\"robots\" content=\"index, follow, max-snippet:-1, max-image-preview:large, max-video-preview:-1\" \/>\n<link rel=\"canonical\" href=\"https:\/\/norbec.com\/fr\/produit\/panneaux-isolants-modulaires\/\" \/>\n<meta property=\"og:locale\" content=\"fr_FR\" \/>\n<meta property=\"og:type\" content=\"article\" \/>\n<meta property=\"og:title\" content=\"Panneaux isolants modulaires - Norbec\" \/>\n<meta property=\"og:description\" content=\"La composition du polyur\u00e9thane \u00e0 cellules ferm\u00e9es des panneaux isolants Norbec \u00e9limine toute possibilit\u00e9 d\u2019accumulation d\u2019humidit\u00e9 et offre une valeur thermique sup\u00e9rieure par pouce. Les panneaux\u00a0ne comportent aucun \u00e9l\u00e9ment d\u2019ossature organique, source de moisissure et de gauchissement.\" \/>\n<meta property=\"og:url\" content=\"https:\/\/norbec.com\/fr\/produit\/panneaux-isolants-modulaires\/\" \/>\n<meta property=\"og:site_name\" content=\"Norbec\" \/>\n<meta property=\"article:modified_time\" content=\"2023-04-26T14:23:07+00:00\" \/>\n<meta property=\"og:image\" content=\"https:\/\/norbec.com\/wp-content\/uploads\/2020\/08\/norbec-camlock-panels.jpg\" \/>\n\t<meta property=\"og:image:width\" content=\"1920\" \/>\n\t<meta property=\"og:image:height\" content=\"800\" \/>\n\t<meta property=\"og:image:type\" content=\"image\/jpeg\" \/>\n<meta name=\"twitter:card\" content=\"summary_large_image\" \/>\n<meta name=\"twitter:label1\" content=\"Dur\u00e9e de lecture estim\u00e9e\" \/>\n\t<meta name=\"twitter:data1\" content=\"1 minute\" \/>\n<script type=\"application\/ld+json\" class=\"yoast-schema-graph\">{\"@context\":\"https:\/\/schema.org\",\"@graph\":[{\"@type\":\"WebPage\",\"@id\":\"https:\/\/norbec.com\/fr\/produit\/panneaux-isolants-modulaires\/\",\"url\":\"https:\/\/norbec.com\/fr\/produit\/panneaux-isolants-modulaires\/\",\"name\":\"Panneaux isolants modulaires - Norbec\",\"isPartOf\":{\"@id\":\"https:\/\/norbec.com\/#website\"},\"primaryImageOfPage\":{\"@id\":\"https:\/\/norbec.com\/fr\/produit\/panneaux-isolants-modulaires\/#primaryimage\"},\"image\":{\"@id\":\"https:\/\/norbec.com\/fr\/produit\/panneaux-isolants-modulaires\/#primaryimage\"},\"thumbnailUrl\":\"https:\/\/norbec.com\/wp-content\/uploads\/2020\/08\/norbec-camlock-panels.jpg\",\"datePublished\":\"2018-05-04T16:53:46+00:00\",\"dateModified\":\"2023-04-26T14:23:07+00:00\",\"description\":\"La composition du polyur\u00e9thane \u00e0 cellules ferm\u00e9es des panneaux isolants Norbec \u00e9limine toute possibilit\u00e9 d\u2019accumulation d\u2019humidit\u00e9 et offre une valeur thermique sup\u00e9rieure par pouce. Les panneaux\u00a0ne comportent aucun \u00e9l\u00e9ment d\u2019ossature organique, source de moisissure et de gauchissement.\",\"breadcrumb\":{\"@id\":\"https:\/\/norbec.com\/fr\/produit\/panneaux-isolants-modulaires\/#breadcrumb\"},\"inLanguage\":\"fr-FR\",\"potentialAction\":[{\"@type\":\"ReadAction\",\"target\":[\"https:\/\/norbec.com\/fr\/produit\/panneaux-isolants-modulaires\/\"]}]},{\"@type\":\"ImageObject\",\"inLanguage\":\"fr-FR\",\"@id\":\"https:\/\/norbec.com\/fr\/produit\/panneaux-isolants-modulaires\/#primaryimage\",\"url\":\"https:\/\/norbec.com\/wp-content\/uploads\/2020\/08\/norbec-camlock-panels.jpg\",\"contentUrl\":\"https:\/\/norbec.com\/wp-content\/uploads\/2020\/08\/norbec-camlock-panels.jpg\",\"width\":1920,\"height\":800},{\"@type\":\"BreadcrumbList\",\"@id\":\"https:\/\/norbec.com\/fr\/produit\/panneaux-isolants-modulaires\/#breadcrumb\",\"itemListElement\":[{\"@type\":\"ListItem\",\"position\":1,\"name\":\"Home\",\"item\":\"https:\/\/norbec.com\/fr\/\"},{\"@type\":\"ListItem\",\"position\":2,\"name\":\"Panneaux isolants modulaires\"}]},{\"@type\":\"WebSite\",\"@id\":\"https:\/\/norbec.com\/#website\",\"url\":\"https:\/\/norbec.com\/\",\"name\":\"Norbec\",\"description\":\"Norbec\",\"publisher\":{\"@id\":\"https:\/\/norbec.com\/#organization\"},\"potentialAction\":[{\"@type\":\"SearchAction\",\"target\":{\"@type\":\"EntryPoint\",\"urlTemplate\":\"https:\/\/norbec.com\/?s={search_term_string}\"},\"query-input\":{\"@type\":\"PropertyValueSpecification\",\"valueRequired\":true,\"valueName\":\"search_term_string\"}}],\"inLanguage\":\"fr-FR\"},{\"@type\":\"Organization\",\"@id\":\"https:\/\/norbec.com\/#organization\",\"name\":\"Norbec\",\"url\":\"https:\/\/norbec.com\/\",\"logo\":{\"@type\":\"ImageObject\",\"inLanguage\":\"fr-FR\",\"@id\":\"https:\/\/norbec.com\/#\/schema\/logo\/image\/\",\"url\":\"https:\/\/norbec.com\/wp-content\/uploads\/2018\/03\/logo-norbec.png\",\"contentUrl\":\"https:\/\/norbec.com\/wp-content\/uploads\/2018\/03\/logo-norbec.png\",\"width\":300,\"height\":65,\"caption\":\"Norbec\"},\"image\":{\"@id\":\"https:\/\/norbec.com\/#\/schema\/logo\/image\/\"}}]}<\/script>\n<!-- \/ Yoast SEO plugin. -->","yoast_head_json":{"title":"Panneaux isolants modulaires - Norbec","description":"La composition du polyur\u00e9thane \u00e0 cellules ferm\u00e9es des panneaux isolants Norbec \u00e9limine toute possibilit\u00e9 d\u2019accumulation d\u2019humidit\u00e9 et offre une valeur thermique sup\u00e9rieure par pouce. Les panneaux\u00a0ne comportent aucun \u00e9l\u00e9ment d\u2019ossature organique, source de moisissure et de gauchissement.","robots":{"index":"index","follow":"follow","max-snippet":"max-snippet:-1","max-image-preview":"max-image-preview:large","max-video-preview":"max-video-preview:-1"},"canonical":"https:\/\/norbec.com\/fr\/produit\/panneaux-isolants-modulaires\/","og_locale":"fr_FR","og_type":"article","og_title":"Panneaux isolants modulaires - Norbec","og_description":"La composition du polyur\u00e9thane \u00e0 cellules ferm\u00e9es des panneaux isolants Norbec \u00e9limine toute possibilit\u00e9 d\u2019accumulation d\u2019humidit\u00e9 et offre une valeur thermique sup\u00e9rieure par pouce. Les panneaux\u00a0ne comportent aucun \u00e9l\u00e9ment d\u2019ossature organique, source de moisissure et de gauchissement.","og_url":"https:\/\/norbec.com\/fr\/produit\/panneaux-isolants-modulaires\/","og_site_name":"Norbec","article_modified_time":"2023-04-26T14:23:07+00:00","og_image":[{"width":1920,"height":800,"url":"https:\/\/norbec.com\/wp-content\/uploads\/2020\/08\/norbec-camlock-panels.jpg","type":"image\/jpeg"}],"twitter_card":"summary_large_image","twitter_misc":{"Dur\u00e9e de lecture estim\u00e9e":"1 minute"},"schema":{"@context":"https:\/\/schema.org","@graph":[{"@type":"WebPage","@id":"https:\/\/norbec.com\/fr\/produit\/panneaux-isolants-modulaires\/","url":"https:\/\/norbec.com\/fr\/produit\/panneaux-isolants-modulaires\/","name":"Panneaux isolants modulaires - Norbec","isPartOf":{"@id":"https:\/\/norbec.com\/#website"},"primaryImageOfPage":{"@id":"https:\/\/norbec.com\/fr\/produit\/panneaux-isolants-modulaires\/#primaryimage"},"image":{"@id":"https:\/\/norbec.com\/fr\/produit\/panneaux-isolants-modulaires\/#primaryimage"},"thumbnailUrl":"https:\/\/norbec.com\/wp-content\/uploads\/2020\/08\/norbec-camlock-panels.jpg","datePublished":"2018-05-04T16:53:46+00:00","dateModified":"2023-04-26T14:23:07+00:00","description":"La composition du polyur\u00e9thane \u00e0 cellules ferm\u00e9es des panneaux isolants Norbec \u00e9limine toute possibilit\u00e9 d\u2019accumulation d\u2019humidit\u00e9 et offre une valeur thermique sup\u00e9rieure par pouce. Les panneaux\u00a0ne comportent aucun \u00e9l\u00e9ment d\u2019ossature organique, source de moisissure et de gauchissement.","breadcrumb":{"@id":"https:\/\/norbec.com\/fr\/produit\/panneaux-isolants-modulaires\/#breadcrumb"},"inLanguage":"fr-FR","potentialAction":[{"@type":"ReadAction","target":["https:\/\/norbec.com\/fr\/produit\/panneaux-isolants-modulaires\/"]}]},{"@type":"ImageObject","inLanguage":"fr-FR","@id":"https:\/\/norbec.com\/fr\/produit\/panneaux-isolants-modulaires\/#primaryimage","url":"https:\/\/norbec.com\/wp-content\/uploads\/2020\/08\/norbec-camlock-panels.jpg","contentUrl":"https:\/\/norbec.com\/wp-content\/uploads\/2020\/08\/norbec-camlock-panels.jpg","width":1920,"height":800},{"@type":"BreadcrumbList","@id":"https:\/\/norbec.com\/fr\/produit\/panneaux-isolants-modulaires\/#breadcrumb","itemListElement":[{"@type":"ListItem","position":1,"name":"Home","item":"https:\/\/norbec.com\/fr\/"},{"@type":"ListItem","position":2,"name":"Panneaux isolants modulaires"}]},{"@type":"WebSite","@id":"https:\/\/norbec.com\/#website","url":"https:\/\/norbec.com\/","name":"Norbec","description":"Norbec","publisher":{"@id":"https:\/\/norbec.com\/#organization"},"potentialAction":[{"@type":"SearchAction","target":{"@type":"EntryPoint","urlTemplate":"https:\/\/norbec.com\/?s={search_term_string}"},"query-input":{"@type":"PropertyValueSpecification","valueRequired":true,"valueName":"search_term_string"}}],"inLanguage":"fr-FR"},{"@type":"Organization","@id":"https:\/\/norbec.com\/#organization","name":"Norbec","url":"https:\/\/norbec.com\/","logo":{"@type":"ImageObject","inLanguage":"fr-FR","@id":"https:\/\/norbec.com\/#\/schema\/logo\/image\/","url":"https:\/\/norbec.com\/wp-content\/uploads\/2018\/03\/logo-norbec.png","contentUrl":"https:\/\/norbec.com\/wp-content\/uploads\/2018\/03\/logo-norbec.png","width":300,"height":65,"caption":"Norbec"},"image":{"@id":"https:\/\/norbec.com\/#\/schema\/logo\/image\/"}}]}},"_links":{"self":[{"href":"https:\/\/norbec.com\/fr\/wp-json\/wp\/v2\/product\/7405","targetHints":{"allow":["GET"]}}],"collection":[{"href":"https:\/\/norbec.com\/fr\/wp-json\/wp\/v2\/product"}],"about":[{"href":"https:\/\/norbec.com\/fr\/wp-json\/wp\/v2\/types\/product"}],"author":[{"embeddable":true,"href":"https:\/\/norbec.com\/fr\/wp-json\/wp\/v2\/users\/2"}],"replies":[{"embeddable":true,"href":"https:\/\/norbec.com\/fr\/wp-json\/wp\/v2\/comments?post=7405"}],"version-history":[{"count":12,"href":"https:\/\/norbec.com\/fr\/wp-json\/wp\/v2\/product\/7405\/revisions"}],"predecessor-version":[{"id":20226,"href":"https:\/\/norbec.com\/fr\/wp-json\/wp\/v2\/product\/7405\/revisions\/20226"}],"wp:featuredmedia":[{"embeddable":true,"href":"https:\/\/norbec.com\/fr\/wp-json\/wp\/v2\/media\/13586"}],"wp:attachment":[{"href":"https:\/\/norbec.com\/fr\/wp-json\/wp\/v2\/media?parent=7405"}],"wp:term":[{"taxonomy":"product_types","embeddable":true,"href":"https:\/\/norbec.com\/fr\/wp-json\/wp\/v2\/product_types?post=7405"}],"curies":[{"name":"wp","href":"https:\/\/api.w.org\/{rel}","templated":true}]}}