{"id":7406,"date":"2018-05-04T15:59:32","date_gmt":"2018-05-04T15:59:32","guid":{"rendered":"https:\/\/norbec.com\/product\/noroc-architectural-panel\/"},"modified":"2025-04-02T14:19:18","modified_gmt":"2025-04-02T18:19:18","slug":"panneau-architectural-noroc","status":"publish","type":"product","link":"https:\/\/norbec.com\/fr\/produit\/panneau-architectural-noroc\/","title":{"rendered":"Panneau architectural NOROC"},"content":{"rendered":"<h2><strong>Panneau coupe-feu \u00e0 \u00e2me de laine de roche (fibres min\u00e9rales)<\/strong><\/h2>\n<h3><span>Le Noroc est un panneau architectural isolant aux propri\u00e9t\u00e9s coupe-feu.<\/span><\/h3>\n<p>Le panneau architectural <strong>Noroc<\/strong> est un panneau isolant non combustible destin\u00e9 \u00e0 la construction d\u2019enveloppe de b\u00e2timents. Son noyau est fait \u00e0 partir de fibre de roche compos\u00e9e de basalte naturelle et de scorie recycl\u00e9e, des composantes ayant des propri\u00e9t\u00e9s sup\u00e9rieures de r\u00e9sistance au feu. Les mati\u00e8res inorganiques et naturelles de son \u00e2me en font un panneau respectueux de l\u2019environnement et enti\u00e8rement recyclable.<\/p>\n<p><strong>Type de joint:<\/strong><\/p>\n<ul>\n<li>Joint en L : montage vertical pour mur ext\u00e9rieur, cloison int\u00e9rieure et plafond int\u00e9rieur<\/li>\n<\/ul>\n\n\n<figure class=\"wp-block-gallery aligncenter has-nested-images columns-default wp-block-gallery-2 is-layout-flex wp-block-gallery-is-layout-flex\">\n<figure class=\"wp-block-image size-large\"><img loading=\"lazy\" decoding=\"async\" width=\"1000\" height=\"750\" data-id=\"4565\" src=\"https:\/\/norbec.com\/wp-content\/uploads\/2018\/05\/Image-1-copy-1000x750.jpg\" alt=\"\" class=\"wp-image-4565\" srcset=\"https:\/\/norbec.com\/wp-content\/uploads\/2018\/05\/Image-1-copy-1000x750.jpg 1000w, https:\/\/norbec.com\/wp-content\/uploads\/2018\/05\/Image-1-copy-150x113.jpg 150w, https:\/\/norbec.com\/wp-content\/uploads\/2018\/05\/Image-1-copy-350x263.jpg 350w, https:\/\/norbec.com\/wp-content\/uploads\/2018\/05\/Image-1-copy-768x576.jpg 768w, https:\/\/norbec.com\/wp-content\/uploads\/2018\/05\/Image-1-copy.jpg 2000w\" sizes=\"auto, (max-width: 1000px) 100vw, 1000px\" \/><figcaption class=\"wp-element-caption\">Joint Noroc-L<\/figcaption><\/figure>\n<\/figure>\n\n\n<p><span style=\"font-size: inherit;\">Le <\/span><strong style=\"font-size: inherit;\">Noroc<\/strong><span style=\"font-size: inherit;\"> offre une r\u00e9sistance au feu variant de quarante-cinq minutes \u00e0 trois heures, selon son \u00e9paisseur. De plus, ce panneau partage les m\u00eames propri\u00e9t\u00e9s que le <\/span><a href=\"https:\/\/norbec.com\/fr\/produit\/panneau-architectural-norex-l-h\/\" target=\"_blank\" rel=\"noopener noreferrer\"><strong style=\"font-size: inherit;\">Norex<\/strong><\/a><span style=\"font-size: inherit;\">, offrant une excellente isolation et r\u00e9sistance thermique en plus d&rsquo;agir&nbsp;comme barri\u00e8re pour le son et l\u2019humidit\u00e9. Son \u00e2me de fibres de roche&nbsp;est de plus en plus en demande pour la construction d\u2019\u00e9difices gouvernementaux et institutionnels tels que les h\u00f4pitaux et&nbsp;les \u00e9coles. Tout comme les panneaux&nbsp;<\/span><a href=\"https:\/\/norbec.com\/fr\/produit\/panneau-architectural-norex-l-h\/\" target=\"_blank\" rel=\"noopener noreferrer\"><strong style=\"font-size: inherit;\">Norex<\/strong><\/a><span style=\"font-size: inherit;\">, les panneaux&nbsp;<\/span><strong style=\"font-size: inherit;\">Noroc <\/strong><span style=\"font-size: inherit;\">peuvent \u00eatre utilis\u00e9s \u00e0 l\u2019int\u00e9rieur ou \u00e0 l\u2019ext\u00e9rieur selon les sp\u00e9cifications du projet.<\/span><\/p>\n<p><strong>Caract\u00e9ristiques du Noroc:<\/strong><\/p>\n<ul>\n<li>Harmonisation avec les produits Norex<\/li>\n<li>Isolation acoustique accrue<\/li>\n<li>R\u00e9sistance thermique stable au fil du temps<\/li>\n<li>\u00c9cran pare-pluie \u00e0 pression \u00e9quilibr\u00e9e int\u00e9gr\u00e9<\/li>\n<li>Syst\u00e8me exclusif d\u2019ancrage \u00e0 la structure<\/li>\n<li>\u00c9limination des ponts thermiques<\/li>\n<li>R\u00e9sistance accrue au vent et \u00e0 l\u2019arrachement<\/li>\n<li>Isolation et finition : aucune \u00e9tape suppl\u00e9mentaire<\/li>\n<\/ul>\n<p><a class=\"cta\" href=\"https:\/\/norbec.com\/wp-content\/uploads\/2020\/05\/NOROC-Fiche-Technique.pdf\" target=\"_blank\" rel=\"noopener noreferrer\">T\u00c9L\u00c9CHARGER LA FICHE TECHNIQUE<\/a><\/p>\n\n\n<p>&nbsp;<\/p>\n","protected":false},"excerpt":{"rendered":"<p>Panneau coupe-feu \u00e0 \u00e2me de laine de roche (fibres min\u00e9rales) Le Noroc est un panneau architectural isolant aux propri\u00e9t\u00e9s coupe-feu. Le panneau architectural Noroc est un panneau isolant non combustible [&hellip;]<\/p>\n","protected":false},"author":2,"featured_media":13588,"menu_order":0,"comment_status":"open","ping_status":"open","template":"","format":"standard","meta":{"_acf_changed":false,"content-type":"","_monsterinsights_skip_tracking":false,"_monsterinsights_sitenote_active":false,"_monsterinsights_sitenote_note":"","_monsterinsights_sitenote_category":0,"footnotes":""},"product_types":[383],"class_list":["post-7406","product","type-product","status-publish","format-standard","has-post-thumbnail","hentry","product_types-panneaux-metalliques-isolants"],"acf":[],"yoast_head":"<!-- This site is optimized with the Yoast SEO plugin v24.8.1 - https:\/\/yoast.com\/wordpress\/plugins\/seo\/ -->\n<title>Panneau architectural NOROC r\u00e9sistant au feu - Norbec<\/title>\n<meta name=\"description\" content=\"Le panneau architectural NOROC est isolant et r\u00e9sistant au feu. Il offre une excellente r\u00e9sistance au feu et r\u00e9pond aux exigences hygi\u00e9niques\" \/>\n<meta name=\"robots\" content=\"index, follow, max-snippet:-1, max-image-preview:large, max-video-preview:-1\" \/>\n<link rel=\"canonical\" href=\"https:\/\/norbec.com\/fr\/produit\/panneau-architectural-noroc\/\" \/>\n<meta property=\"og:locale\" content=\"fr_FR\" \/>\n<meta property=\"og:type\" content=\"article\" \/>\n<meta property=\"og:title\" content=\"Panneau architectural NOROC r\u00e9sistant au feu - Norbec\" \/>\n<meta property=\"og:description\" content=\"Le panneau architectural NOROC est isolant et r\u00e9sistant au feu. Il offre une excellente r\u00e9sistance au feu et r\u00e9pond aux exigences hygi\u00e9niques\" \/>\n<meta property=\"og:url\" content=\"https:\/\/norbec.com\/fr\/produit\/panneau-architectural-noroc\/\" \/>\n<meta property=\"og:site_name\" content=\"Norbec\" \/>\n<meta property=\"article:modified_time\" content=\"2025-04-02T18:19:18+00:00\" \/>\n<meta property=\"og:image\" content=\"https:\/\/norbec.com\/wp-content\/uploads\/2020\/08\/norbec-noroc-l.jpg\" \/>\n\t<meta property=\"og:image:width\" content=\"1920\" \/>\n\t<meta property=\"og:image:height\" content=\"800\" \/>\n\t<meta property=\"og:image:type\" content=\"image\/jpeg\" \/>\n<meta name=\"twitter:card\" content=\"summary_large_image\" \/>\n<meta name=\"twitter:label1\" content=\"Dur\u00e9e de lecture estim\u00e9e\" \/>\n\t<meta name=\"twitter:data1\" content=\"4 minutes\" \/>\n<script type=\"application\/ld+json\" class=\"yoast-schema-graph\">{\"@context\":\"https:\/\/schema.org\",\"@graph\":[{\"@type\":\"WebPage\",\"@id\":\"https:\/\/norbec.com\/fr\/produit\/panneau-architectural-noroc\/\",\"url\":\"https:\/\/norbec.com\/fr\/produit\/panneau-architectural-noroc\/\",\"name\":\"Panneau architectural NOROC r\u00e9sistant au feu - Norbec\",\"isPartOf\":{\"@id\":\"https:\/\/norbec.com\/#website\"},\"primaryImageOfPage\":{\"@id\":\"https:\/\/norbec.com\/fr\/produit\/panneau-architectural-noroc\/#primaryimage\"},\"image\":{\"@id\":\"https:\/\/norbec.com\/fr\/produit\/panneau-architectural-noroc\/#primaryimage\"},\"thumbnailUrl\":\"https:\/\/norbec.com\/wp-content\/uploads\/2020\/08\/norbec-noroc-l.jpg\",\"datePublished\":\"2018-05-04T15:59:32+00:00\",\"dateModified\":\"2025-04-02T18:19:18+00:00\",\"description\":\"Le panneau architectural NOROC est isolant et r\u00e9sistant au feu. Il offre une excellente r\u00e9sistance au feu et r\u00e9pond aux exigences hygi\u00e9niques\",\"breadcrumb\":{\"@id\":\"https:\/\/norbec.com\/fr\/produit\/panneau-architectural-noroc\/#breadcrumb\"},\"inLanguage\":\"fr-FR\",\"potentialAction\":[{\"@type\":\"ReadAction\",\"target\":[\"https:\/\/norbec.com\/fr\/produit\/panneau-architectural-noroc\/\"]}]},{\"@type\":\"ImageObject\",\"inLanguage\":\"fr-FR\",\"@id\":\"https:\/\/norbec.com\/fr\/produit\/panneau-architectural-noroc\/#primaryimage\",\"url\":\"https:\/\/norbec.com\/wp-content\/uploads\/2020\/08\/norbec-noroc-l.jpg\",\"contentUrl\":\"https:\/\/norbec.com\/wp-content\/uploads\/2020\/08\/norbec-noroc-l.jpg\",\"width\":1920,\"height\":800},{\"@type\":\"BreadcrumbList\",\"@id\":\"https:\/\/norbec.com\/fr\/produit\/panneau-architectural-noroc\/#breadcrumb\",\"itemListElement\":[{\"@type\":\"ListItem\",\"position\":1,\"name\":\"Home\",\"item\":\"https:\/\/norbec.com\/fr\/\"},{\"@type\":\"ListItem\",\"position\":2,\"name\":\"Panneau architectural NOROC\"}]},{\"@type\":\"WebSite\",\"@id\":\"https:\/\/norbec.com\/#website\",\"url\":\"https:\/\/norbec.com\/\",\"name\":\"Norbec\",\"description\":\"Norbec\",\"publisher\":{\"@id\":\"https:\/\/norbec.com\/#organization\"},\"potentialAction\":[{\"@type\":\"SearchAction\",\"target\":{\"@type\":\"EntryPoint\",\"urlTemplate\":\"https:\/\/norbec.com\/?s={search_term_string}\"},\"query-input\":{\"@type\":\"PropertyValueSpecification\",\"valueRequired\":true,\"valueName\":\"search_term_string\"}}],\"inLanguage\":\"fr-FR\"},{\"@type\":\"Organization\",\"@id\":\"https:\/\/norbec.com\/#organization\",\"name\":\"Norbec\",\"url\":\"https:\/\/norbec.com\/\",\"logo\":{\"@type\":\"ImageObject\",\"inLanguage\":\"fr-FR\",\"@id\":\"https:\/\/norbec.com\/#\/schema\/logo\/image\/\",\"url\":\"https:\/\/norbec.com\/wp-content\/uploads\/2018\/03\/logo-norbec.png\",\"contentUrl\":\"https:\/\/norbec.com\/wp-content\/uploads\/2018\/03\/logo-norbec.png\",\"width\":300,\"height\":65,\"caption\":\"Norbec\"},\"image\":{\"@id\":\"https:\/\/norbec.com\/#\/schema\/logo\/image\/\"}}]}<\/script>\n<!-- \/ Yoast SEO plugin. -->","yoast_head_json":{"title":"Panneau architectural NOROC r\u00e9sistant au feu - Norbec","description":"Le panneau architectural NOROC est isolant et r\u00e9sistant au feu. Il offre une excellente r\u00e9sistance au feu et r\u00e9pond aux exigences hygi\u00e9niques","robots":{"index":"index","follow":"follow","max-snippet":"max-snippet:-1","max-image-preview":"max-image-preview:large","max-video-preview":"max-video-preview:-1"},"canonical":"https:\/\/norbec.com\/fr\/produit\/panneau-architectural-noroc\/","og_locale":"fr_FR","og_type":"article","og_title":"Panneau architectural NOROC r\u00e9sistant au feu - Norbec","og_description":"Le panneau architectural NOROC est isolant et r\u00e9sistant au feu. Il offre une excellente r\u00e9sistance au feu et r\u00e9pond aux exigences hygi\u00e9niques","og_url":"https:\/\/norbec.com\/fr\/produit\/panneau-architectural-noroc\/","og_site_name":"Norbec","article_modified_time":"2025-04-02T18:19:18+00:00","og_image":[{"width":1920,"height":800,"url":"https:\/\/norbec.com\/wp-content\/uploads\/2020\/08\/norbec-noroc-l.jpg","type":"image\/jpeg"}],"twitter_card":"summary_large_image","twitter_misc":{"Dur\u00e9e de lecture estim\u00e9e":"4 minutes"},"schema":{"@context":"https:\/\/schema.org","@graph":[{"@type":"WebPage","@id":"https:\/\/norbec.com\/fr\/produit\/panneau-architectural-noroc\/","url":"https:\/\/norbec.com\/fr\/produit\/panneau-architectural-noroc\/","name":"Panneau architectural NOROC r\u00e9sistant au feu - Norbec","isPartOf":{"@id":"https:\/\/norbec.com\/#website"},"primaryImageOfPage":{"@id":"https:\/\/norbec.com\/fr\/produit\/panneau-architectural-noroc\/#primaryimage"},"image":{"@id":"https:\/\/norbec.com\/fr\/produit\/panneau-architectural-noroc\/#primaryimage"},"thumbnailUrl":"https:\/\/norbec.com\/wp-content\/uploads\/2020\/08\/norbec-noroc-l.jpg","datePublished":"2018-05-04T15:59:32+00:00","dateModified":"2025-04-02T18:19:18+00:00","description":"Le panneau architectural NOROC est isolant et r\u00e9sistant au feu. Il offre une excellente r\u00e9sistance au feu et r\u00e9pond aux exigences hygi\u00e9niques","breadcrumb":{"@id":"https:\/\/norbec.com\/fr\/produit\/panneau-architectural-noroc\/#breadcrumb"},"inLanguage":"fr-FR","potentialAction":[{"@type":"ReadAction","target":["https:\/\/norbec.com\/fr\/produit\/panneau-architectural-noroc\/"]}]},{"@type":"ImageObject","inLanguage":"fr-FR","@id":"https:\/\/norbec.com\/fr\/produit\/panneau-architectural-noroc\/#primaryimage","url":"https:\/\/norbec.com\/wp-content\/uploads\/2020\/08\/norbec-noroc-l.jpg","contentUrl":"https:\/\/norbec.com\/wp-content\/uploads\/2020\/08\/norbec-noroc-l.jpg","width":1920,"height":800},{"@type":"BreadcrumbList","@id":"https:\/\/norbec.com\/fr\/produit\/panneau-architectural-noroc\/#breadcrumb","itemListElement":[{"@type":"ListItem","position":1,"name":"Home","item":"https:\/\/norbec.com\/fr\/"},{"@type":"ListItem","position":2,"name":"Panneau architectural NOROC"}]},{"@type":"WebSite","@id":"https:\/\/norbec.com\/#website","url":"https:\/\/norbec.com\/","name":"Norbec","description":"Norbec","publisher":{"@id":"https:\/\/norbec.com\/#organization"},"potentialAction":[{"@type":"SearchAction","target":{"@type":"EntryPoint","urlTemplate":"https:\/\/norbec.com\/?s={search_term_string}"},"query-input":{"@type":"PropertyValueSpecification","valueRequired":true,"valueName":"search_term_string"}}],"inLanguage":"fr-FR"},{"@type":"Organization","@id":"https:\/\/norbec.com\/#organization","name":"Norbec","url":"https:\/\/norbec.com\/","logo":{"@type":"ImageObject","inLanguage":"fr-FR","@id":"https:\/\/norbec.com\/#\/schema\/logo\/image\/","url":"https:\/\/norbec.com\/wp-content\/uploads\/2018\/03\/logo-norbec.png","contentUrl":"https:\/\/norbec.com\/wp-content\/uploads\/2018\/03\/logo-norbec.png","width":300,"height":65,"caption":"Norbec"},"image":{"@id":"https:\/\/norbec.com\/#\/schema\/logo\/image\/"}}]}},"_links":{"self":[{"href":"https:\/\/norbec.com\/fr\/wp-json\/wp\/v2\/product\/7406","targetHints":{"allow":["GET"]}}],"collection":[{"href":"https:\/\/norbec.com\/fr\/wp-json\/wp\/v2\/product"}],"about":[{"href":"https:\/\/norbec.com\/fr\/wp-json\/wp\/v2\/types\/product"}],"author":[{"embeddable":true,"href":"https:\/\/norbec.com\/fr\/wp-json\/wp\/v2\/users\/2"}],"replies":[{"embeddable":true,"href":"https:\/\/norbec.com\/fr\/wp-json\/wp\/v2\/comments?post=7406"}],"version-history":[{"count":42,"href":"https:\/\/norbec.com\/fr\/wp-json\/wp\/v2\/product\/7406\/revisions"}],"predecessor-version":[{"id":27333,"href":"https:\/\/norbec.com\/fr\/wp-json\/wp\/v2\/product\/7406\/revisions\/27333"}],"wp:featuredmedia":[{"embeddable":true,"href":"https:\/\/norbec.com\/fr\/wp-json\/wp\/v2\/media\/13588"}],"wp:attachment":[{"href":"https:\/\/norbec.com\/fr\/wp-json\/wp\/v2\/media?parent=7406"}],"wp:term":[{"taxonomy":"product_types","embeddable":true,"href":"https:\/\/norbec.com\/fr\/wp-json\/wp\/v2\/product_types?post=7406"}],"curies":[{"name":"wp","href":"https:\/\/api.w.org\/{rel}","templated":true}]}}